{"id":21582,"date":"2021-03-11T18:20:13","date_gmt":"2021-03-11T18:20:13","guid":{"rendered":"https:\/\/visiones.org\/?page_id=21582"},"modified":"2024-11-01T16:10:29","modified_gmt":"2024-11-01T16:10:29","slug":"individuelle-fernheilbehandlung","status":"publish","type":"page","link":"https:\/\/visiones.org\/de\/individuelle-fernheilbehandlung","title":{"rendered":"Individuelle Fernheilbehandlung"},"content":{"rendered":"<p>[et_pb_section fb_built=&#8220;1&#8243; admin_label=&#8220;section&#8220; _builder_version=&#8220;4.16&#8243; custom_padding=&#8220;||5px|||&#8220; da_disable_devices=&#8220;off|off|off&#8220; transparent_background=&#8220;on&#8220; global_colors_info=&#8220;{}&#8220; da_is_popup=&#8220;off&#8220; da_exit_intent=&#8220;off&#8220; da_has_close=&#8220;on&#8220; da_alt_close=&#8220;off&#8220; da_dark_close=&#8220;off&#8220; da_not_modal=&#8220;on&#8220; da_is_singular=&#8220;off&#8220; da_with_loader=&#8220;off&#8220; da_has_shadow=&#8220;on&#8220;][et_pb_row _builder_version=&#8220;4.16&#8243; custom_padding=&#8220;43px|0px|8px|0px|false|false&#8220; locked=&#8220;off&#8220; global_colors_info=&#8220;{}&#8220;][et_pb_column type=&#8220;4_4&#8243; _builder_version=&#8220;4.16&#8243; custom_padding=&#8220;|||&#8220; global_colors_info=&#8220;{}&#8220; custom_padding__hover=&#8220;|||&#8220;][et_pb_divider disabled_on=&#8220;on|on|off&#8220; _builder_version=&#8220;4.16&#8243; height=&#8220;4px&#8220; custom_padding=&#8220;0px|||||&#8220; global_colors_info=&#8220;{}&#8220;][\/et_pb_divider][\/et_pb_column][\/et_pb_row][et_pb_row admin_label=&#8220;row&#8220; _builder_version=&#8220;4.16&#8243; background_size=&#8220;initial&#8220; background_position=&#8220;top_left&#8220; background_repeat=&#8220;repeat&#8220; min_height=&#8220;106px&#8220; custom_margin=&#8220;3px|auto||auto||&#8220; custom_padding=&#8220;12px|0px|0px|0px||&#8220; locked=&#8220;off&#8220; global_colors_info=&#8220;{}&#8220;][et_pb_column type=&#8220;4_4&#8243; _builder_version=&#8220;4.16&#8243; custom_padding=&#8220;|||&#8220; global_colors_info=&#8220;{}&#8220; custom_padding__hover=&#8220;|||&#8220;][et_pb_text _builder_version=&#8220;4.16&#8243; text_font=&#8220;Poiret One|on|||&#8220; text_font_size=&#8220;25px&#8220; text_line_height=&#8220;1.5em&#8220; header_font=&#8220;||||||||&#8220; header_font_size=&#8220;76px&#8220; header_2_font=&#8220;||||||||&#8220; header_3_font=&#8220;|600|||||||&#8220; header_3_font_size=&#8220;40px&#8220; header_4_font=&#8220;||||||||&#8220; header_4_font_size=&#8220;23px&#8220; background_size=&#8220;initial&#8220; background_position=&#8220;top_left&#8220; background_repeat=&#8220;repeat&#8220; custom_margin_tablet=&#8220;&#8220; custom_margin_phone=&#8220;&#8220; custom_margin_last_edited=&#8220;on|phone&#8220; custom_padding=&#8220;15px|||||&#8220; text_font_size_tablet=&#8220;&#8220; text_font_size_phone=&#8220;&#8220; text_font_size_last_edited=&#8220;on|phone&#8220; header_3_line_height_tablet=&#8220;&#8220; header_3_line_height_phone=&#8220;&#8220; header_3_line_height_last_edited=&#8220;on|phone&#8220; locked=&#8220;off&#8220; global_colors_info=&#8220;{}&#8220;]<\/p>\n<h3 style=\"text-align: center;\">Individuelle Fernheilbehandlung<\/h3>\n<p style=\"text-align: center;\">&#8211; Energetische Reinigung &#8211;<\/p>\n<p>[\/et_pb_text][et_pb_divider divider_position=&#8220;center&#8220; divider_weight=&#8220;1px&#8220; disabled_on=&#8220;on|on|off&#8220; _builder_version=&#8220;4.16&#8243; width=&#8220;60%&#8220; max_width=&#8220;49%&#8220; module_alignment=&#8220;center&#8220; min_height=&#8220;20px&#8220; custom_margin=&#8220;-19px||-1px|||&#8220; global_colors_info=&#8220;{}&#8220;][\/et_pb_divider][et_pb_text _builder_version=&#8220;4.16&#8243; text_font=&#8220;Poiret One|on|||&#8220; text_font_size=&#8220;25px&#8220; text_line_height=&#8220;1em&#8220; header_font=&#8220;||||||||&#8220; header_font_size=&#8220;76px&#8220; header_2_font=&#8220;||||||||&#8220; header_3_font=&#8220;|600|||||||&#8220; header_3_font_size=&#8220;40px&#8220; header_4_font=&#8220;||||||||&#8220; header_4_font_size=&#8220;23px&#8220; background_size=&#8220;initial&#8220; background_position=&#8220;top_left&#8220; background_repeat=&#8220;repeat&#8220; custom_margin_tablet=&#8220;&#8220; custom_margin_phone=&#8220;&#8220; custom_margin_last_edited=&#8220;on|phone&#8220; custom_padding=&#8220;5px|||||&#8220; text_font_size_tablet=&#8220;&#8220; text_font_size_phone=&#8220;&#8220; text_font_size_last_edited=&#8220;on|phone&#8220; header_3_line_height_tablet=&#8220;&#8220; header_3_line_height_phone=&#8220;&#8220; header_3_line_height_last_edited=&#8220;on|phone&#8220; locked=&#8220;off&#8220; global_colors_info=&#8220;{}&#8220;]<\/p>\n<p style=\"text-align: center;\">Start: Termine nach Vereinbarung<br \/><span style=\"font-size: medium;\">mit\u00a0<a href=\"https:\/\/visiones.org\/the-inkanima-lineage\/#SankenTsomaMetsaYaka\" target=\"_blank\" rel=\"noopener noreferrer\">Sanken Tsoma<\/a><\/span><\/p>\n<p>[\/et_pb_text][et_pb_divider disabled_on=&#8220;on|on|off&#8220; _builder_version=&#8220;4.16&#8243; height=&#8220;4px&#8220; custom_margin=&#8220;||68px|||&#8220; custom_padding=&#8220;4px|||||&#8220; locked=&#8220;off&#8220; global_colors_info=&#8220;{}&#8220;][\/et_pb_divider][et_pb_image src=&#8220;https:\/\/visiones.org\/wp-content\/uploads\/2022\/04\/1650215046564.png&#8220; title_text=&#8220;1650215046564&#8243; align=&#8220;center&#8220; align_tablet=&#8220;center&#8220; align_phone=&#8220;&#8220; align_last_edited=&#8220;on|desktop&#8220; _builder_version=&#8220;4.17.1&#8243; width=&#8220;65%&#8220; min_height=&#8220;354px&#8220; min_height_tablet=&#8220;&#8220; min_height_phone=&#8220;&#8220; min_height_last_edited=&#8220;on|phone&#8220; custom_margin=&#8220;-5px||69px|||&#8220; filter_brightness=&#8220;122%&#8220; animation_style=&#8220;slide&#8220; border_color_all=&#8220;rgba(0,0,0,0)&#8220; box_shadow_style=&#8220;preset1&#8243; box_shadow_blur=&#8220;64px&#8220; box_shadow_spread=&#8220;-20px&#8220; box_shadow_color=&#8220;#002efc&#8220; locked=&#8220;off&#8220; global_colors_info=&#8220;{}&#8220;][\/et_pb_image][et_pb_divider disabled_on=&#8220;on|on|off&#8220; _builder_version=&#8220;4.16&#8243; height=&#8220;4px&#8220; custom_margin=&#8220;||18px|||&#8220; custom_padding=&#8220;4px|||||&#8220; locked=&#8220;off&#8220; global_colors_info=&#8220;{}&#8220;][\/et_pb_divider][et_pb_blurb _builder_version=&#8220;4.16&#8243; header_font=&#8220;||||||||&#8220; header_font_size=&#8220;33px&#8220; header_line_height=&#8220;1.2em&#8220; background_size=&#8220;initial&#8220; background_position=&#8220;top_left&#8220; background_repeat=&#8220;repeat&#8220; text_orientation=&#8220;center&#8220; custom_margin_tablet=&#8220;&#8220; custom_margin_phone=&#8220;&#8220; custom_margin_last_edited=&#8220;on|desktop&#8220; custom_padding=&#8220;0px|||||&#8220; global_colors_info=&#8220;{}&#8220;][\/et_pb_blurb][et_pb_text _builder_version=&#8220;4.16&#8243; background_size=&#8220;initial&#8220; background_position=&#8220;top_left&#8220; background_repeat=&#8220;repeat&#8220; custom_margin=&#8220;||74px|||&#8220; global_colors_info=&#8220;{}&#8220;]<\/p>\n<p>In diesen turbulenten Zeiten, die wir in diesen Tagen haben, suchen viele Menschen nach einer Neuausrichtung, sowie Kl\u00e4rung\u00a0und Reinigung des Energiesystems, um feststeckende Emotionen, \u00c4ngste, dichte und schwere Energien oder auch Schmerzen zu l\u00f6sen und neue Klarheit, sowie Sinn, Vertrauen und F\u00fchrung auf dem Weg der Heilung und Transformation zu finden.<\/p>\n<p>In diesen schamanischen Heil- &amp; Reinigungsanwendungen arbeitet Sanken Tsoma mit Mapacho Tabak, der Energie von verschiedenen Lehrerpflanzen, Heilsteinen der Inka Tradition und energetischen Fernmassagen. Die Behandlung ist ein starker energetischer Reinigungsprozess und unterst\u00fctzt den Heilungsprozess des Energiek\u00f6rpers, des Emotionalk\u00f6rpers und des physischen K\u00f6rpers, kann dabei helfen Blockaden zu l\u00f6sen und ist eine Neuausrichtung und Zentrierung von K\u00f6rper-Geist-Seele.<\/p>\n<p><span jsaction=\"click:qtZ4nf,GFf3ac,tMZCfe; contextmenu:Nqw7Te,QP7LD; mouseout:Nqw7Te; mouseover:qtZ4nf,c2aHje\" jsname=\"W297wb\">Die Behandlung dauert ca. 1,5 Stunden, einschlie\u00dflich telefonischer Betreuung vor und nach der Behandlung.<\/span><\/p>\n<p>[\/et_pb_text][\/et_pb_column][\/et_pb_row][et_pb_row _builder_version=&#8220;4.16&#8243; _module_preset=&#8220;default&#8220; custom_padding=&#8220;29px||52px|||&#8220; global_colors_info=&#8220;{}&#8220;][et_pb_column type=&#8220;4_4&#8243; _builder_version=&#8220;4.16&#8243; _module_preset=&#8220;default&#8220; global_colors_info=&#8220;{}&#8220;][et_pb_divider divider_position=&#8220;center&#8220; divider_weight=&#8220;1px&#8220; disabled_on=&#8220;on|on|off&#8220; _builder_version=&#8220;4.16&#8243; min_height=&#8220;14px&#8220; custom_margin=&#8220;3px||11px|||&#8220; global_colors_info=&#8220;{}&#8220;][\/et_pb_divider][et_pb_text _builder_version=&#8220;4.16&#8243; text_font=&#8220;||||||||&#8220; text_line_height=&#8220;1em&#8220; header_font=&#8220;||||||||&#8220; header_3_font=&#8220;||||||||&#8220; header_4_font=&#8220;||||||||&#8220; header_5_font=&#8220;|600|||||||&#8220; header_5_font_size=&#8220;30px&#8220; header_5_line_height=&#8220;1.2em&#8220; custom_margin=&#8220;||-5px|||&#8220; custom_padding=&#8220;||0px|||&#8220; global_colors_info=&#8220;{}&#8220;]<\/p>\n<h5 style=\"text-align: center;\">\u00dcber Sanken Tsoma<\/h5>\n<p>[\/et_pb_text][et_pb_divider divider_position=&#8220;center&#8220; divider_weight=&#8220;1px&#8220; disabled_on=&#8220;on|on|off&#8220; _builder_version=&#8220;4.16&#8243; min_height=&#8220;15px&#8220; custom_margin=&#8220;3px|||||&#8220; global_colors_info=&#8220;{}&#8220;][\/et_pb_divider][et_pb_text _builder_version=&#8220;4.16&#8243; background_size=&#8220;initial&#8220; background_position=&#8220;top_left&#8220; background_repeat=&#8220;repeat&#8220; custom_margin=&#8220;||74px|||&#8220; global_colors_info=&#8220;{}&#8220;]<\/p>\n<p><span jsaction=\"agoMJf:PFBcW;usxOmf:aWLT7;jhKsnd:P7O7bd,F8DmGf;Q4AGo:Gm7gYd,qAKMYb;uFUCPb:pvnm0e,pfE8Hb,PFBcW;f56efd:dJXsye;EnoYf:KNzws,ZJsZZ,JgVSJc;zdMJQc:cCQNKb,ZJsZZ,zchEXc;Ytrrj:JJDvdc;tNR8yc:GeFvjb;oFN6Ye:hij5Wb\" jscontroller=\"Zl5N8\" jsmodel=\"SsMkhd\" jsname=\"txFAF\" class=\"JLqJ4b\" data-language-for-alternatives=\"de\" data-language-to-translate-into=\"en\" data-phrase-index=\"1\" jsdata=\"uqLsIf;_;$11\"><span jsaction=\"click:qtZ4nf,GFf3ac,tMZCfe; contextmenu:Nqw7Te,QP7LD; mouseout:Nqw7Te; mouseover:qtZ4nf,c2aHje\" jsname=\"W297wb\"><\/span><span jsaction=\"agoMJf:PFBcW;usxOmf:aWLT7;jhKsnd:P7O7bd,F8DmGf;Q4AGo:Gm7gYd,qAKMYb;uFUCPb:pvnm0e,pfE8Hb,PFBcW;f56efd:dJXsye;EnoYf:KNzws,ZJsZZ,JgVSJc;zdMJQc:cCQNKb,ZJsZZ,zchEXc;Ytrrj:JJDvdc;tNR8yc:GeFvjb;oFN6Ye:hij5Wb\" jscontroller=\"Zl5N8\" jsmodel=\"SsMkhd\" jsname=\"txFAF\" class=\"JLqJ4b ChMk0b\" data-language-for-alternatives=\"de\" data-language-to-translate-into=\"en\" data-phrase-index=\"2\" jsdata=\"uqLsIf;_;$12\"><span jsaction=\"click:qtZ4nf,GFf3ac,tMZCfe; contextmenu:Nqw7Te,QP7LD; mouseout:Nqw7Te; mouseover:qtZ4nf,c2aHje\" jsname=\"W297wb\">Sanken Tsoma wurde von seinen indigenen Lehrern, dem Shipibo Maestro Inkanima (aus dem peruanischen Amazonas) und dem Q&#8217;ero \/ Inka-Heiler Eduardo Chura Apaza (aus den peruanischen Anden), in die traditionelle Heilarbeit mit Pflanzen und Steinen eingeweiht.<\/span><\/span><\/span><\/p>\n<p style=\"text-align: center;\"><span jsaction=\"agoMJf:PFBcW;usxOmf:aWLT7;jhKsnd:P7O7bd,F8DmGf;Q4AGo:Gm7gYd,qAKMYb;uFUCPb:pvnm0e,pfE8Hb,PFBcW;f56efd:dJXsye;EnoYf:KNzws,ZJsZZ,JgVSJc;zdMJQc:cCQNKb,ZJsZZ,zchEXc;Ytrrj:JJDvdc;tNR8yc:GeFvjb;oFN6Ye:hij5Wb\" jscontroller=\"Zl5N8\" jsmodel=\"SsMkhd\" jsname=\"txFAF\" class=\"JLqJ4b\" data-language-for-alternatives=\"de\" data-language-to-translate-into=\"en\" data-phrase-index=\"1\" jsdata=\"uqLsIf;_;$11\"><span jsaction=\"agoMJf:PFBcW;usxOmf:aWLT7;jhKsnd:P7O7bd,F8DmGf;Q4AGo:Gm7gYd,qAKMYb;uFUCPb:pvnm0e,pfE8Hb,PFBcW;f56efd:dJXsye;EnoYf:KNzws,ZJsZZ,JgVSJc;zdMJQc:cCQNKb,ZJsZZ,zchEXc;Ytrrj:JJDvdc;tNR8yc:GeFvjb;oFN6Ye:hij5Wb\" jscontroller=\"Zl5N8\" jsmodel=\"SsMkhd\" jsname=\"txFAF\" class=\"JLqJ4b ChMk0b\" data-language-for-alternatives=\"de\" data-language-to-translate-into=\"en\" data-phrase-index=\"2\" jsdata=\"uqLsIf;_;$12\"><span jsaction=\"click:qtZ4nf,GFf3ac,tMZCfe; contextmenu:Nqw7Te,QP7LD; mouseout:Nqw7Te; mouseover:qtZ4nf,c2aHje\" jsname=\"W297wb\"><a href=\"https:\/\/visiones.org\/de\/the-inkanima-lineage\/#SankenTsomaMetsaYaka\" target=\"_blank\" rel=\"noopener noreferrer\">Klicke hier f\u00fcr weitere Infos<\/a><\/span><\/span><\/span><\/p>\n<p>[\/et_pb_text][et_pb_image src=&#8220;https:\/\/visiones.org\/wp-content\/uploads\/2019\/04\/Sanken-Tsoma-4.jpg&#8220; title_text=&#8220;Sanken Tsoma&#8220; align=&#8220;center&#8220; _builder_version=&#8220;4.16&#8243; _module_preset=&#8220;default&#8220; width=&#8220;26%&#8220; min_height=&#8220;322px&#8220; min_height_tablet=&#8220;&#8220; min_height_phone=&#8220;&#8220; min_height_last_edited=&#8220;on|tablet&#8220; custom_margin=&#8220;64px||-2px|||&#8220; custom_padding=&#8220;||11px|||&#8220; animation_style=&#8220;slide&#8220; global_colors_info=&#8220;{}&#8220;][\/et_pb_image][\/et_pb_column][\/et_pb_row][et_pb_row _builder_version=&#8220;4.16&#8243; custom_margin=&#8220;-4px|auto|20px|auto||&#8220; custom_padding=&#8220;24px|0px|8px|0px|false|false&#8220; locked=&#8220;off&#8220; global_colors_info=&#8220;{}&#8220;][et_pb_column type=&#8220;4_4&#8243; _builder_version=&#8220;4.16&#8243; custom_padding=&#8220;|||&#8220; global_colors_info=&#8220;{}&#8220; custom_padding__hover=&#8220;|||&#8220;][et_pb_divider divider_position=&#8220;center&#8220; divider_weight=&#8220;1px&#8220; disabled_on=&#8220;on|on|off&#8220; _builder_version=&#8220;4.16&#8243; min_height=&#8220;14px&#8220; custom_margin=&#8220;3px||11px|||&#8220; global_colors_info=&#8220;{}&#8220;][\/et_pb_divider][et_pb_text _builder_version=&#8220;4.17.1&#8243; text_font=&#8220;||||||||&#8220; text_line_height=&#8220;1em&#8220; header_font=&#8220;||||||||&#8220; header_3_font=&#8220;||||||||&#8220; header_4_font=&#8220;||||||||&#8220; header_5_font=&#8220;|600|||||||&#8220; header_5_font_size=&#8220;30px&#8220; header_5_line_height=&#8220;1.2em&#8220; custom_margin=&#8220;||-5px|||&#8220; custom_padding=&#8220;||0px|||&#8220; global_colors_info=&#8220;{}&#8220;]<\/p>\n<h5 style=\"text-align: center;\">Selbst Investment<\/h5>\n<p>[\/et_pb_text][et_pb_divider divider_position=&#8220;center&#8220; divider_weight=&#8220;1px&#8220; disabled_on=&#8220;on|on|off&#8220; _builder_version=&#8220;4.16&#8243; min_height=&#8220;15px&#8220; custom_margin=&#8220;3px|||||&#8220; global_colors_info=&#8220;{}&#8220;][\/et_pb_divider][et_pb_cta title=&#8220;f\u00fcr Deine individuelle Fernheilbehandlung&#8220; button_url=&#8220;https:\/\/visiones.org\/de\/contact&#8220; url_new_window=&#8220;on&#8220; button_text=&#8220;\u20ac 120,-&#8220; _builder_version=&#8220;4.17.1&#8243; _module_preset=&#8220;default&#8220; body_font_size=&#8220;15px&#8220; background_color=&#8220;#014962&#8243; use_background_color_gradient=&#8220;on&#8220; background_color_gradient_stops=&#8220;#004f7c 0%|#5eb5c6 100%&#8220; background_color_gradient_start=&#8220;#004f7c&#8220; background_color_gradient_end=&#8220;#5eb5c6&#8243; custom_button=&#8220;on&#8220; button_bg_use_color_gradient=&#8220;on&#8220; button_bg_color_gradient_stops=&#8220;#cfa953 0%|#cebf9c 100%&#8220; button_bg_color_gradient_start=&#8220;#cfa953&#8243; button_bg_color_gradient_end=&#8220;#cebf9c&#8220; box_shadow_style=&#8220;preset6&#8243; box_shadow_blur=&#8220;8px&#8220; box_shadow_spread=&#8220;9px&#8220; box_shadow_color=&#8220;#FFFFFF&#8220; global_colors_info=&#8220;{}&#8220;]<\/p>\n<p>(ca 1,5 Stunden inkl. telefonischer Betreuung)<\/p>\n<p>[\/et_pb_cta][\/et_pb_column][\/et_pb_row][et_pb_row _builder_version=&#8220;4.16&#8243; custom_padding=&#8220;0|0px|27px|0px|false|false&#8220; global_colors_info=&#8220;{}&#8220;][et_pb_column type=&#8220;4_4&#8243; _builder_version=&#8220;4.16&#8243; custom_padding=&#8220;|||&#8220; global_colors_info=&#8220;{}&#8220; custom_padding__hover=&#8220;|||&#8220;][et_pb_divider divider_position=&#8220;center&#8220; divider_weight=&#8220;1px&#8220; disabled_on=&#8220;on|on|off&#8220; _builder_version=&#8220;4.16&#8243; min_height=&#8220;4px&#8220; custom_margin=&#8220;3px|||||&#8220; global_colors_info=&#8220;{}&#8220;][\/et_pb_divider][\/et_pb_column][\/et_pb_row][\/et_pb_section][et_pb_section fb_built=&#8220;1&#8243; next_background_color=&#8220;#ffffff&#8220; _builder_version=&#8220;4.16&#8243; background_image=&#8220;https:\/\/visiones.org\/wp-content\/uploads\/2019\/05\/Sun-Halo-Magnus-Edb\u00e4ck-Original-mirror-1500-px.jpg&#8220; parallax=&#8220;on&#8220; parallax_method=&#8220;off&#8220; custom_padding=&#8220;173px|0px|186px|0px|false|false&#8220; top_divider_style=&#8220;arrow2&#8243; top_divider_color=&#8220;#ffffff&#8220; top_divider_height=&#8220;200px&#8220; top_divider_arrangement=&#8220;above_content&#8220; bottom_divider_style=&#8220;arrow2&#8243; bottom_divider_height=&#8220;200px&#8220; bottom_divider_flip=&#8220;vertical&#8220; da_disable_devices=&#8220;off|off|off&#8220; locked=&#8220;off&#8220; global_colors_info=&#8220;{}&#8220; da_is_popup=&#8220;off&#8220; da_exit_intent=&#8220;off&#8220; da_has_close=&#8220;on&#8220; da_alt_close=&#8220;off&#8220; da_dark_close=&#8220;off&#8220; da_not_modal=&#8220;on&#8220; da_is_singular=&#8220;off&#8220; da_with_loader=&#8220;off&#8220; da_has_shadow=&#8220;on&#8220;][et_pb_row admin_label=&#8220;row&#8220; _builder_version=&#8220;4.16&#8243; background_color=&#8220;rgba(255,255,255,0.93)&#8220; background_size=&#8220;initial&#8220; background_position=&#8220;top_left&#8220; background_repeat=&#8220;repeat&#8220; max_width=&#8220;1155px&#8220; module_alignment=&#8220;center&#8220; custom_padding=&#8220;30px|40px|0|40px|false|false&#8220; animation_style=&#8220;slide&#8220; animation_delay=&#8220;400ms&#8220; border_radii=&#8220;on|30px|30px|30px|30px&#8220; border_color_all=&#8220;#cfa953&#8243; border_width_top=&#8220;1px&#8220; border_width_bottom=&#8220;1px&#8220; box_shadow_style=&#8220;preset2&#8243; use_custom_width=&#8220;on&#8220; custom_width_px=&#8220;1155px&#8220; global_colors_info=&#8220;{}&#8220;][et_pb_column type=&#8220;4_4&#8243; _builder_version=&#8220;4.16&#8243; custom_padding=&#8220;|||&#8220; global_colors_info=&#8220;{}&#8220; custom_padding__hover=&#8220;|||&#8220;][et_pb_text _builder_version=&#8220;4.17.1&#8243; text_font=&#8220;||||||||&#8220; text_line_height=&#8220;1em&#8220; header_font=&#8220;||||||||&#8220; header_3_font=&#8220;||||||||&#8220; header_4_font=&#8220;||||||||&#8220; header_5_font=&#8220;|600|||||||&#8220; header_5_font_size=&#8220;30px&#8220; header_5_line_height=&#8220;1.2em&#8220; custom_margin=&#8220;||-5px|||&#8220; custom_padding=&#8220;||11px|||&#8220; global_colors_info=&#8220;{}&#8220;]<\/p>\n<h5 style=\"text-align: center;\">Terminvereinbarung<\/h5>\n<p>[\/et_pb_text][et_pb_divider disabled_on=&#8220;on|on|off&#8220; _builder_version=&#8220;4.16&#8243; height=&#8220;4px&#8220; global_colors_info=&#8220;{}&#8220;][\/et_pb_divider][et_pb_blurb content_max_width=&#8220;615px&#8220; _builder_version=&#8220;4.17.1&#8243; body_font=&#8220;||||||||&#8220; body_font_size=&#8220;16px&#8220; background_size=&#8220;initial&#8220; background_position=&#8220;top_left&#8220; background_repeat=&#8220;repeat&#8220; global_colors_info=&#8220;{}&#8220;]<\/p>\n<div class=\"page\" title=\"Page 1\">\n<div class=\"layoutArea\">\n<div class=\"column\"><\/div>\n<\/div>\n<\/div>\n<div class=\"page\" style=\"text-align: center;\" title=\"Page 2\">Buche Deine individuelle Fernanwendung hier:<\/div>\n<div class=\"page\" style=\"text-align: center;\" title=\"Page 2\"><\/div>\n<div class=\"page\" style=\"text-align: center;\" title=\"Page 2\"><\/div>\n<p>[\/et_pb_blurb][et_pb_button button_url=&#8220;https:\/\/visiones.org\/de\/contact&#8220; url_new_window=&#8220;on&#8220; button_text=&#8220;Vereinbare Deinen Termin&#8220; button_alignment=&#8220;center&#8220; _builder_version=&#8220;4.17.1&#8243; custom_button=&#8220;on&#8220; button_text_color=&#8220;#ffffff&#8220; button_bg_color=&#8220;#ffffff&#8220; button_bg_use_color_gradient=&#8220;on&#8220; button_bg_color_gradient_stops=&#8220;#cfa953 0%|rgba(207,169,83,0.65) 100%&#8220; button_bg_color_gradient_start=&#8220;#cfa953&#8243; button_bg_color_gradient_end=&#8220;rgba(207,169,83,0.65)&#8220; button_font=&#8220;||||||||&#8220; button_icon=&#8220;&#x39;||divi||400&#8243; button_icon_color=&#8220;#ffffff&#8220; custom_margin=&#8220;||40px|||&#8220; animation_style=&#8220;slide&#8220; animation_delay=&#8220;500ms&#8220; box_shadow_style=&#8220;preset2&#8243; locked=&#8220;off&#8220; global_colors_info=&#8220;{}&#8220;][\/et_pb_button][dica_divi_carousel advanced_effect=&#8220;1&#8243; _builder_version=&#8220;4.16&#8243; global_colors_info=&#8220;{}&#8220;][\/dica_divi_carousel][et_pb_gallery gallery_ids=&#8220;1387,1588,1391&#8243; gallery_captions=&#8220;,,&#8220; posts_number=&#8220;3&#8243; show_title_and_caption=&#8220;off&#8220; show_pagination=&#8220;off&#8220; hover_overlay_color=&#8220;rgba(0,0,0,0.73)&#8220; hover_icon=&#8220;&#x36;||divi||400&#8243; _builder_version=&#8220;4.16&#8243; title_font_size=&#8220;1px&#8220; caption_font=&#8220;||||||||&#8220; caption_font_size=&#8220;1px&#8220; pagination_font=&#8220;||||||||&#8220; custom_margin=&#8220;|||230px&#8220; custom_margin_tablet=&#8220;|||0px&#8220; custom_margin_phone=&#8220;|||0px&#8220; custom_margin_last_edited=&#8220;on|desktop&#8220; custom_padding=&#8220;|||&#8220; global_colors_info=&#8220;{}&#8220;][\/et_pb_gallery][et_pb_divider disabled_on=&#8220;on|on|off&#8220; _builder_version=&#8220;4.16&#8243; height=&#8220;4px&#8220; custom_padding=&#8220;5px||&#8220; global_colors_info=&#8220;{}&#8220;][\/et_pb_divider][et_pb_divider show_divider=&#8220;off&#8220; disabled_on=&#8220;on|on|off&#8220; _builder_version=&#8220;4.16&#8243; global_colors_info=&#8220;{}&#8220;][\/et_pb_divider][\/et_pb_column][\/et_pb_row][\/et_pb_section]<\/p>\n","protected":false},"excerpt":{"rendered":"<p>Individuelle Fernheilbehandlung &#8211; Energetische Reinigung -Start: Termine nach Vereinbarungmit\u00a0Sanken TsomaIn diesen turbulenten Zeiten, die wir in diesen Tagen haben, suchen viele Menschen nach einer Neuausrichtung, sowie Kl\u00e4rung\u00a0und Reinigung des Energiesystems, um feststeckende Emotionen, \u00c4ngste, dichte und schwere Energien oder auch Schmerzen zu l\u00f6sen und neue Klarheit, sowie Sinn, Vertrauen und F\u00fchrung auf dem Weg der [&hellip;]<\/p>\n","protected":false},"author":1,"featured_media":0,"parent":0,"menu_order":0,"comment_status":"closed","ping_status":"closed","template":"","meta":{"_et_pb_use_builder":"on","_et_pb_old_content":"","_et_gb_content_width":"","footnotes":""},"class_list":["post-21582","page","type-page","status-publish","hentry"],"aioseo_notices":[],"_links":{"self":[{"href":"https:\/\/visiones.org\/de\/wp-json\/wp\/v2\/pages\/21582","targetHints":{"allow":["GET"]}}],"collection":[{"href":"https:\/\/visiones.org\/de\/wp-json\/wp\/v2\/pages"}],"about":[{"href":"https:\/\/visiones.org\/de\/wp-json\/wp\/v2\/types\/page"}],"author":[{"embeddable":true,"href":"https:\/\/visiones.org\/de\/wp-json\/wp\/v2\/users\/1"}],"replies":[{"embeddable":true,"href":"https:\/\/visiones.org\/de\/wp-json\/wp\/v2\/comments?post=21582"}],"version-history":[{"count":18,"href":"https:\/\/visiones.org\/de\/wp-json\/wp\/v2\/pages\/21582\/revisions"}],"predecessor-version":[{"id":31819,"href":"https:\/\/visiones.org\/de\/wp-json\/wp\/v2\/pages\/21582\/revisions\/31819"}],"wp:attachment":[{"href":"https:\/\/visiones.org\/de\/wp-json\/wp\/v2\/media?parent=21582"}],"curies":[{"name":"wp","href":"https:\/\/api.w.org\/{rel}","templated":true}]}}