{"id":26357,"date":"2022-04-17T17:27:12","date_gmt":"2022-04-17T17:27:12","guid":{"rendered":"https:\/\/visiones.org\/reconnect-individual-online-sessions"},"modified":"2025-09-28T16:53:15","modified_gmt":"2025-09-28T16:53:15","slug":"reconnect-individual-online-sessions","status":"publish","type":"page","link":"https:\/\/visiones.org\/de\/reconnect-individual-online-sessions","title":{"rendered":"Sacred Space &#8211; Individual 1:1 Online Sessions"},"content":{"rendered":"<p>[et_pb_section fb_built=&#8220;1&#8243; admin_label=&#8220;section&#8220; _builder_version=&#8220;4.16&#8243; custom_padding=&#8220;||5px|||&#8220; da_disable_devices=&#8220;off|off|off&#8220; transparent_background=&#8220;on&#8220; global_colors_info=&#8220;{}&#8220; da_is_popup=&#8220;off&#8220; da_exit_intent=&#8220;off&#8220; da_has_close=&#8220;on&#8220; da_alt_close=&#8220;off&#8220; da_dark_close=&#8220;off&#8220; da_not_modal=&#8220;on&#8220; da_is_singular=&#8220;off&#8220; da_with_loader=&#8220;off&#8220; da_has_shadow=&#8220;on&#8220;][et_pb_row _builder_version=&#8220;4.16&#8243; custom_padding=&#8220;43px|0px|8px|0px|false|false&#8220; locked=&#8220;off&#8220; global_colors_info=&#8220;{}&#8220;][et_pb_column type=&#8220;4_4&#8243; _builder_version=&#8220;4.16&#8243; custom_padding=&#8220;|||&#8220; global_colors_info=&#8220;{}&#8220; custom_padding__hover=&#8220;|||&#8220;][et_pb_divider disabled_on=&#8220;on|on|off&#8220; _builder_version=&#8220;4.16&#8243; height=&#8220;4px&#8220; custom_padding=&#8220;0px|||||&#8220; global_colors_info=&#8220;{}&#8220;][\/et_pb_divider][\/et_pb_column][\/et_pb_row][et_pb_row admin_label=&#8220;row&#8220; _builder_version=&#8220;4.16&#8243; background_size=&#8220;initial&#8220; background_position=&#8220;top_left&#8220; background_repeat=&#8220;repeat&#8220; min_height=&#8220;106px&#8220; custom_margin=&#8220;3px|auto||auto||&#8220; custom_padding=&#8220;12px|0px|0px|0px||&#8220; locked=&#8220;off&#8220; global_colors_info=&#8220;{}&#8220;][et_pb_column type=&#8220;4_4&#8243; _builder_version=&#8220;4.16&#8243; custom_padding=&#8220;|||&#8220; global_colors_info=&#8220;{}&#8220; custom_padding__hover=&#8220;|||&#8220;][et_pb_text _builder_version=&#8220;4.27.4&#8243; text_font=&#8220;Poiret One|on|||&#8220; text_font_size=&#8220;25px&#8220; text_line_height=&#8220;1.5em&#8220; header_font=&#8220;||||||||&#8220; header_font_size=&#8220;76px&#8220; header_2_font=&#8220;||||||||&#8220; header_3_font=&#8220;|600|||||||&#8220; header_3_font_size=&#8220;40px&#8220; header_4_font=&#8220;||||||||&#8220; header_4_font_size=&#8220;23px&#8220; background_size=&#8220;initial&#8220; background_position=&#8220;top_left&#8220; background_repeat=&#8220;repeat&#8220; custom_margin_tablet=&#8220;&#8220; custom_margin_phone=&#8220;&#8220; custom_margin_last_edited=&#8220;on|phone&#8220; custom_padding=&#8220;15px|||||&#8220; text_font_size_tablet=&#8220;&#8220; text_font_size_phone=&#8220;&#8220; text_font_size_last_edited=&#8220;on|phone&#8220; header_3_line_height_tablet=&#8220;&#8220; header_3_line_height_phone=&#8220;&#8220; header_3_line_height_last_edited=&#8220;on|phone&#8220; locked=&#8220;off&#8220; global_colors_info=&#8220;{}&#8220;]<\/p>\n<h3 style=\"text-align: center;\">Sacred Space &amp; Plant Medicine Integration<\/h3>\n<p style=\"text-align: center;\">&#8211; Individual 1:1 Online Sessions &#8211;<\/p>\n<p>[\/et_pb_text][et_pb_divider divider_position=&#8220;center&#8220; divider_weight=&#8220;1px&#8220; disabled_on=&#8220;on|on|off&#8220; _builder_version=&#8220;4.16&#8243; width=&#8220;60%&#8220; max_width=&#8220;49%&#8220; module_alignment=&#8220;center&#8220; min_height=&#8220;4px&#8220; custom_margin=&#8220;-19px||-1px|||&#8220; global_colors_info=&#8220;{}&#8220;][\/et_pb_divider][et_pb_text _builder_version=&#8220;4.17.1&#8243; text_font=&#8220;Poiret One|on|||&#8220; text_font_size=&#8220;25px&#8220; text_line_height=&#8220;1em&#8220; header_font=&#8220;||||||||&#8220; header_font_size=&#8220;76px&#8220; header_2_font=&#8220;||||||||&#8220; header_3_font=&#8220;|600|||||||&#8220; header_3_font_size=&#8220;40px&#8220; header_4_font=&#8220;||||||||&#8220; header_4_font_size=&#8220;23px&#8220; background_size=&#8220;initial&#8220; background_position=&#8220;top_left&#8220; background_repeat=&#8220;repeat&#8220; custom_margin_tablet=&#8220;&#8220; custom_margin_phone=&#8220;&#8220; custom_margin_last_edited=&#8220;on|phone&#8220; custom_padding=&#8220;5px|||||&#8220; text_font_size_tablet=&#8220;&#8220; text_font_size_phone=&#8220;&#8220; text_font_size_last_edited=&#8220;on|phone&#8220; header_3_line_height_tablet=&#8220;&#8220; header_3_line_height_phone=&#8220;&#8220; header_3_line_height_last_edited=&#8220;on|phone&#8220; locked=&#8220;off&#8220; global_colors_info=&#8220;{}&#8220;]<\/p>\n<p style=\"text-align: center;\"><span style=\"font-size: medium;\">mit\u00a0<a href=\"https:\/\/visiones.org\/de\/die-inkanima-lineage#SankenTsomaMetsaYaka\" target=\"_blank\" rel=\"noopener noreferrer\">Metsa Yaka<\/a><\/span><\/p>\n<p>[\/et_pb_text][et_pb_divider disabled_on=&#8220;on|on|off&#8220; _builder_version=&#8220;4.16&#8243; height=&#8220;4px&#8220; custom_margin=&#8220;||39px|||&#8220; custom_padding=&#8220;4px|||||&#8220; locked=&#8220;off&#8220; global_colors_info=&#8220;{}&#8220;][\/et_pb_divider][et_pb_image src=&#8220;https:\/\/visiones.org\/wp-content\/uploads\/2024\/02\/Metsa-Yaka-in-Estonia.jpg&#8220; alt=&#8220;Metsa Yaka&#8220; title_text=&#8220;Metsa Yaka&#8220; _builder_version=&#8220;4.27.4&#8243; _module_preset=&#8220;default&#8220; width=&#8220;29%&#8220; module_alignment=&#8220;center&#8220; custom_margin=&#8220;||41px|||&#8220; global_colors_info=&#8220;{}&#8220;][\/et_pb_image][et_pb_divider disabled_on=&#8220;on|on|off&#8220; _builder_version=&#8220;4.16&#8243; height=&#8220;4px&#8220; custom_margin=&#8220;||18px|||&#8220; custom_padding=&#8220;4px|||||&#8220; locked=&#8220;off&#8220; global_colors_info=&#8220;{}&#8220;][\/et_pb_divider][et_pb_blurb _builder_version=&#8220;4.16&#8243; header_font=&#8220;||||||||&#8220; header_font_size=&#8220;33px&#8220; header_line_height=&#8220;1.2em&#8220; background_size=&#8220;initial&#8220; background_position=&#8220;top_left&#8220; background_repeat=&#8220;repeat&#8220; text_orientation=&#8220;center&#8220; custom_margin_tablet=&#8220;&#8220; custom_margin_phone=&#8220;&#8220; custom_margin_last_edited=&#8220;on|desktop&#8220; custom_padding=&#8220;0px|||||&#8220; global_colors_info=&#8220;{}&#8220;][\/et_pb_blurb][et_pb_text _builder_version=&#8220;4.27.4&#8243; background_size=&#8220;initial&#8220; background_position=&#8220;top_left&#8220; background_repeat=&#8220;repeat&#8220; custom_margin=&#8220;||40px|||&#8220; global_colors_info=&#8220;{}&#8220;]<\/p>\n<div class=\"x11i5rnm xat24cr x1mh8g0r x1vvkbs xtlvy1s x126k92a\">\n<div dir=\"auto\">\n<p data-start=\"39\" data-end=\"458\">Durch all die Jahre der Arbeit mit der Medizin und der Begleitung von Menschen auf ihren Reisen habe ich gelernt, wie wertvoll und unterst\u00fctzend es sein kann, nach Plant Medicine Zeremonien Begleitung zu erhalten \u2013 um die Erfahrungen und Erkenntnisse zu verstehen, zu integrieren und vollst\u00e4ndig zu verk\u00f6rpern, sodass die Medizin in einer geerdeten und transformierenden Weise in dein t\u00e4gliches Leben einflie\u00dfen kann.<\/p>\n<p data-start=\"460\" data-end=\"676\">Daher biete ich <strong data-start=\"476\" data-end=\"517\">Plant Medicine Integrations-Sitzungen<\/strong> sowie <strong data-start=\"524\" data-end=\"549\">Sacred Space Sessions<\/strong> an \u2013 f\u00fcr alle, die nach einem Retreat Unterst\u00fctzung suchen oder sich in irgendeinem Moment ihres Lebens festgefahren f\u00fchlen.<\/p>\n<p data-start=\"678\" data-end=\"690\">Und wenn \u2026<\/p>\n<p data-start=\"678\" data-end=\"690\">&#8230;du mehr Klarheit und F\u00fchrung suchst,<br \/>&#8230;du den Ruf versp\u00fcrst, dich wieder tief mit dir selbst zu verbinden,<br \/>&#8230;du pr\u00e4senter werden m\u00f6chtest mit den Energien in dir und um dich herum und lernen willst, sie auf heilsame und transformierende Weise f\u00fcr dein Wachstum zu bewegen,<\/p>\n<p data-start=\"974\" data-end=\"1179\">\u2026 dann \u00f6ffnen wir gemeinsam einen gesch\u00fctzten Raum aus Pr\u00e4senz, Klarheit und Liebe. In diesem Raum bist du willkommen, genau so wie du bist, und eingeladen, all das loszulassen, was dir nicht mehr dient.<\/p>\n<p data-start=\"1181\" data-end=\"1368\">Wir arbeiten mit verschiedenen Elementen aus K\u00f6rper- und Prozessarbeit, um dich wieder mit deiner inneren Weisheit, deinen Selbstheilungskr\u00e4ften und dem Weg deines Herzens zu verbinden.<\/p>\n<p data-start=\"1370\" data-end=\"1436\">Die Sitzungen dauern etwa 90 Minuten und finden \u00fcber Zoom statt.<\/p>\n<p data-start=\"1438\" data-end=\"1532\">Es ist mir eine Ehre und eine Freude, dich mit ganzem Herzen auf deinem Weg zu unterst\u00fctzen.<\/p>\n<\/div>\n<\/div>\n<div class=\"x11i5rnm xat24cr x1mh8g0r x1vvkbs xtlvy1s x126k92a\">\n<div dir=\"auto\" style=\"text-align: right;\"><span style=\"font-size: 14px; text-align: left;\">Lots of Love&#8230; \u00a0 \u00a0<\/span><span style=\"font-family: Cinzel; font-weight: normal; font-size: x-large;\">Metsa Yaka<\/span><\/div>\n<\/div>\n<p>[\/et_pb_text][\/et_pb_column][\/et_pb_row][et_pb_row _builder_version=&#8220;4.16&#8243; _module_preset=&#8220;default&#8220; custom_padding=&#8220;40px||0px|||&#8220; global_colors_info=&#8220;{}&#8220;][et_pb_column type=&#8220;4_4&#8243; _builder_version=&#8220;4.16&#8243; _module_preset=&#8220;default&#8220; global_colors_info=&#8220;{}&#8220;][et_pb_divider divider_position=&#8220;center&#8220; divider_weight=&#8220;1px&#8220; disabled_on=&#8220;on|on|off&#8220; _builder_version=&#8220;4.16&#8243; min_height=&#8220;14px&#8220; custom_margin=&#8220;3px||11px|||&#8220; global_colors_info=&#8220;{}&#8220;][\/et_pb_divider][et_pb_text _builder_version=&#8220;4.17.1&#8243; text_font=&#8220;||||||||&#8220; text_line_height=&#8220;1em&#8220; header_font=&#8220;||||||||&#8220; header_3_font=&#8220;||||||||&#8220; header_4_font=&#8220;||||||||&#8220; header_5_font=&#8220;|600|||||||&#8220; header_5_font_size=&#8220;30px&#8220; header_5_line_height=&#8220;1.2em&#8220; custom_margin=&#8220;||-5px|||&#8220; custom_padding=&#8220;||0px|||&#8220; global_colors_info=&#8220;{}&#8220;]<\/p>\n<h5 style=\"text-align: center;\">The Elements of my Work<\/h5>\n<p>[\/et_pb_text][et_pb_divider divider_position=&#8220;center&#8220; divider_weight=&#8220;1px&#8220; disabled_on=&#8220;on|on|off&#8220; _builder_version=&#8220;4.16&#8243; min_height=&#8220;15px&#8220; custom_margin=&#8220;3px|||||&#8220; global_colors_info=&#8220;{}&#8220;][\/et_pb_divider][et_pb_text _builder_version=&#8220;4.17.1&#8243; background_size=&#8220;initial&#8220; background_position=&#8220;top_left&#8220; background_repeat=&#8220;repeat&#8220; custom_margin=&#8220;||74px|||&#8220; global_colors_info=&#8220;{}&#8220;]<\/p>\n<ul>\n<li style=\"text-align: justify;\">Trauma Healing<\/li>\n<li style=\"text-align: justify;\">Inner Child work<\/li>\n<li style=\"text-align: justify;\">Bodywork &#8211; Breathwork, Dynamic Meditation, Emotional Release,&#8230;<\/li>\n<li style=\"text-align: justify;\">Inquiry Work<\/li>\n<li style=\"text-align: justify;\">Shadow Work<\/li>\n<\/ul>\n<p>&nbsp;<\/p>\n<p>[\/et_pb_text][\/et_pb_column][\/et_pb_row][et_pb_row _builder_version=&#8220;4.16&#8243; custom_margin=&#8220;|auto|20px|auto||&#8220; custom_padding=&#8220;24px|0px|8px|0px|false|false&#8220; locked=&#8220;off&#8220; global_colors_info=&#8220;{}&#8220;][et_pb_column type=&#8220;4_4&#8243; _builder_version=&#8220;4.16&#8243; custom_padding=&#8220;|||&#8220; global_colors_info=&#8220;{}&#8220; custom_padding__hover=&#8220;|||&#8220;][et_pb_divider divider_position=&#8220;center&#8220; divider_weight=&#8220;1px&#8220; disabled_on=&#8220;on|on|off&#8220; _builder_version=&#8220;4.16&#8243; min_height=&#8220;14px&#8220; custom_margin=&#8220;3px||11px|||&#8220; global_colors_info=&#8220;{}&#8220;][\/et_pb_divider][et_pb_text _builder_version=&#8220;4.17.1&#8243; text_font=&#8220;||||||||&#8220; text_line_height=&#8220;1em&#8220; header_font=&#8220;||||||||&#8220; header_3_font=&#8220;||||||||&#8220; header_4_font=&#8220;||||||||&#8220; header_5_font=&#8220;|600|||||||&#8220; header_5_font_size=&#8220;30px&#8220; header_5_line_height=&#8220;1.2em&#8220; custom_margin=&#8220;||-5px|||&#8220; custom_padding=&#8220;||0px|||&#8220; global_colors_info=&#8220;{}&#8220;]<\/p>\n<h5 style=\"text-align: center;\">Deine Investition<\/h5>\n<p>[\/et_pb_text][et_pb_divider divider_position=&#8220;center&#8220; divider_weight=&#8220;1px&#8220; disabled_on=&#8220;on|on|off&#8220; _builder_version=&#8220;4.16&#8243; min_height=&#8220;15px&#8220; custom_margin=&#8220;3px|||||&#8220; global_colors_info=&#8220;{}&#8220;][\/et_pb_divider][et_pb_text _builder_version=&#8220;4.17.1&#8243; _module_preset=&#8220;default&#8220; global_colors_info=&#8220;{}&#8220;]<\/p>\n<p style=\"text-align: center;\">Dein vollstes Commitment zu Dir selbst und Dich auch mit dem Unangenehmen zu konfrontieren, um auf tiefgreifende Weise zu heilen, zu transformieren und zu wachsen.<\/p>\n<p>[\/et_pb_text][\/et_pb_column][\/et_pb_row][et_pb_row column_structure=&#8220;1_2,1_2&#8243; _builder_version=&#8220;4.16&#8243; _module_preset=&#8220;default&#8220; global_colors_info=&#8220;{}&#8220;][et_pb_column type=&#8220;1_2&#8243; _builder_version=&#8220;4.16&#8243; _module_preset=&#8220;default&#8220; global_colors_info=&#8220;{}&#8220;][et_pb_cta title=&#8220;Eine Session&#8220; button_url=&#8220;https:\/\/visiones.org\/de\/kontakt-formular-metsa-yaka&#8220; button_text=&#8220;\u20ac 160,-&#8220; _builder_version=&#8220;4.17.1&#8243; _module_preset=&#8220;default&#8220; header_font=&#8220;|700|||||||&#8220; header_font_size=&#8220;25px&#8220; body_font=&#8220;|600|||||||&#8220; body_font_size=&#8220;15px&#8220; background_color=&#8220;#FFFFFF&#8220; use_background_color_gradient=&#8220;on&#8220; background_color_gradient_type=&#8220;circular&#8220; background_color_gradient_stops=&#8220;rgba(206,161,57,0.4) 13%|#bd9f63 100%&#8220; custom_button=&#8220;on&#8220; button_bg_color=&#8220;#FFFFFF&#8220; button_bg_use_color_gradient=&#8220;on&#8220; button_bg_color_gradient_type=&#8220;circular&#8220; button_bg_color_gradient_stops=&#8220;#bd9f63 0%|rgba(189,159,99,0.44) 100%&#8220; button_border_width=&#8220;2px&#8220; button_border_radius=&#8220;6px&#8220; button_font=&#8220;|700|||||||&#8220; width=&#8220;90%&#8220; module_alignment=&#8220;center&#8220; custom_padding=&#8220;|30px||30px|false|false&#8220; border_radii=&#8220;on|11px|11px|11px|11px&#8220; global_colors_info=&#8220;{}&#8220;]<\/p>\n<p>1 Online Session<br \/>(ca 90 Minuten)<\/p>\n<p>[\/et_pb_cta][\/et_pb_column][et_pb_column type=&#8220;1_2&#8243; _builder_version=&#8220;4.16&#8243; _module_preset=&#8220;default&#8220; global_colors_info=&#8220;{}&#8220;][et_pb_cta title=&#8220;Vier Sessions&#8220; button_url=&#8220;https:\/\/visiones.org\/de\/kontakt-formular-metsa-yaka&#8220; button_text=&#8220;\u20ac 580,-&#8220; _builder_version=&#8220;4.17.1&#8243; _module_preset=&#8220;default&#8220; header_font=&#8220;|700|||||||&#8220; header_font_size=&#8220;25px&#8220; body_font=&#8220;|600|||||||&#8220; body_font_size=&#8220;15px&#8220; background_color=&#8220;#FFFFFF&#8220; use_background_color_gradient=&#8220;on&#8220; background_color_gradient_type=&#8220;circular&#8220; background_color_gradient_stops=&#8220;rgba(206,156,39,0.39) 12%|#502251 99%&#8220; custom_button=&#8220;on&#8220; button_bg_color=&#8220;#FFFFFF&#8220; button_bg_use_color_gradient=&#8220;on&#8220; button_bg_color_gradient_type=&#8220;circular&#8220; button_bg_color_gradient_stops=&#8220;#bd9f63 0%|rgba(189,159,99,0.44) 100%&#8220; button_border_width=&#8220;2px&#8220; button_border_radius=&#8220;6px&#8220; button_font=&#8220;|700|||||||&#8220; width=&#8220;89%&#8220; module_alignment=&#8220;center&#8220; custom_padding=&#8220;|30px||30px|false|false&#8220; border_radii=&#8220;on|11px|11px|11px|11px&#8220; global_colors_info=&#8220;{}&#8220;]<\/p>\n<p>4 Online Sessions, einl\u00f6sbar innerhalb von 2 Monaten<br \/>(\u00e1 ca 90 Minuten) &#8211; inklusive WhatsApp Begleitung<\/p>\n<p>[\/et_pb_cta][\/et_pb_column][\/et_pb_row][et_pb_row _builder_version=&#8220;4.16&#8243; _module_preset=&#8220;default&#8220; custom_padding=&#8220;40px||0px|||&#8220; global_colors_info=&#8220;{}&#8220;][et_pb_column type=&#8220;4_4&#8243; _builder_version=&#8220;4.16&#8243; _module_preset=&#8220;default&#8220; global_colors_info=&#8220;{}&#8220;][et_pb_divider divider_position=&#8220;center&#8220; divider_weight=&#8220;1px&#8220; disabled_on=&#8220;on|on|off&#8220; _builder_version=&#8220;4.16&#8243; min_height=&#8220;14px&#8220; custom_margin=&#8220;3px||11px|||&#8220; global_colors_info=&#8220;{}&#8220;][\/et_pb_divider][et_pb_text _builder_version=&#8220;4.16&#8243; text_font=&#8220;||||||||&#8220; text_line_height=&#8220;1em&#8220; header_font=&#8220;||||||||&#8220; header_3_font=&#8220;||||||||&#8220; header_4_font=&#8220;||||||||&#8220; header_5_font=&#8220;|600|||||||&#8220; header_5_font_size=&#8220;30px&#8220; header_5_line_height=&#8220;1.2em&#8220; custom_margin=&#8220;||-5px|||&#8220; custom_padding=&#8220;||0px|||&#8220; global_colors_info=&#8220;{}&#8220;]<\/p>\n<h5 style=\"text-align: center;\">\u00dcber Metsa Yaka<\/h5>\n<p>[\/et_pb_text][et_pb_divider divider_position=&#8220;center&#8220; divider_weight=&#8220;1px&#8220; disabled_on=&#8220;on|on|off&#8220; _builder_version=&#8220;4.16&#8243; min_height=&#8220;15px&#8220; custom_margin=&#8220;3px|||||&#8220; global_colors_info=&#8220;{}&#8220;][\/et_pb_divider][et_pb_text _builder_version=&#8220;4.17.1&#8243; background_size=&#8220;initial&#8220; background_position=&#8220;top_left&#8220; background_repeat=&#8220;repeat&#8220; custom_margin=&#8220;||74px|||&#8220; global_colors_info=&#8220;{}&#8220;]<\/p>\n<p data-start=\"39\" data-end=\"376\">F\u00fcr mich, als leidenschaftliche<em data-start=\"70\" data-end=\"106\">r Inner Work Practitioner, die<\/em>\u00a0aus dem schamanischen Ansatz durch die Arbeit mit verschiedenen Meisterpflanzen ebenso wie aus der Arbeit mit der Pferde-Medizin kommt, ist die Intention stets, die Wurzel der Dinge zu erkennen, um auf tiefgreifende Weise Heilung und Transformation zu erm\u00f6glichen.<\/p>\n<p data-start=\"378\" data-end=\"570\">Meine Arbeit enth\u00e4lt Elemente aus Energie-, K\u00f6rper- und Prozessarbeit. Ich lasse mich f\u00fchren und folge meiner Intuition, um das, was im Moment f\u00fcr dein h\u00f6chstes Wohl n\u00f6tig ist, einzubringen.<\/p>\n<p style=\"text-align: center;\"><a href=\"https:\/\/visiones.org\/de\/die-inkanima-lineage#SankenTsomaMetsaYaka\" target=\"_blank\" rel=\"noopener noreferrer\">Klicke hier f\u00fcr weitere Informationen<\/a><\/p>\n<p>[\/et_pb_text][\/et_pb_column][\/et_pb_row][et_pb_row _builder_version=&#8220;4.16&#8243; custom_padding=&#8220;0|0px|27px|0px|false|false&#8220; global_colors_info=&#8220;{}&#8220;][et_pb_column type=&#8220;4_4&#8243; _builder_version=&#8220;4.16&#8243; custom_padding=&#8220;|||&#8220; global_colors_info=&#8220;{}&#8220; custom_padding__hover=&#8220;|||&#8220;][et_pb_divider divider_position=&#8220;center&#8220; divider_weight=&#8220;1px&#8220; disabled_on=&#8220;on|on|off&#8220; _builder_version=&#8220;4.16&#8243; min_height=&#8220;4px&#8220; custom_margin=&#8220;3px|||||&#8220; global_colors_info=&#8220;{}&#8220;][\/et_pb_divider][\/et_pb_column][\/et_pb_row][\/et_pb_section][et_pb_section fb_built=&#8220;1&#8243; next_background_color=&#8220;#ffffff&#8220; _builder_version=&#8220;4.16&#8243; background_image=&#8220;https:\/\/visiones.org\/wp-content\/uploads\/2019\/05\/Sun-Halo-Magnus-Edb\u00e4ck-Original-mirror-1500-px.jpg&#8220; parallax=&#8220;on&#8220; parallax_method=&#8220;off&#8220; custom_padding=&#8220;173px|0px|186px|0px|false|false&#8220; top_divider_style=&#8220;arrow2&#8243; top_divider_color=&#8220;#ffffff&#8220; top_divider_height=&#8220;200px&#8220; top_divider_arrangement=&#8220;above_content&#8220; bottom_divider_style=&#8220;arrow2&#8243; bottom_divider_height=&#8220;200px&#8220; bottom_divider_flip=&#8220;vertical&#8220; da_disable_devices=&#8220;off|off|off&#8220; locked=&#8220;off&#8220; global_colors_info=&#8220;{}&#8220; da_is_popup=&#8220;off&#8220; da_exit_intent=&#8220;off&#8220; da_has_close=&#8220;on&#8220; da_alt_close=&#8220;off&#8220; da_dark_close=&#8220;off&#8220; da_not_modal=&#8220;on&#8220; da_is_singular=&#8220;off&#8220; da_with_loader=&#8220;off&#8220; da_has_shadow=&#8220;on&#8220;][et_pb_row admin_label=&#8220;row&#8220; _builder_version=&#8220;4.16&#8243; background_color=&#8220;rgba(255,255,255,0.93)&#8220; background_size=&#8220;initial&#8220; background_position=&#8220;top_left&#8220; background_repeat=&#8220;repeat&#8220; max_width=&#8220;1155px&#8220; module_alignment=&#8220;center&#8220; custom_padding=&#8220;30px|40px|0|40px|false|false&#8220; animation_style=&#8220;slide&#8220; animation_delay=&#8220;400ms&#8220; border_radii=&#8220;on|30px|30px|30px|30px&#8220; border_color_all=&#8220;#cfa953&#8243; border_width_top=&#8220;1px&#8220; border_width_bottom=&#8220;1px&#8220; box_shadow_style=&#8220;preset2&#8243; use_custom_width=&#8220;on&#8220; custom_width_px=&#8220;1155px&#8220; global_colors_info=&#8220;{}&#8220;][et_pb_column type=&#8220;4_4&#8243; _builder_version=&#8220;4.16&#8243; custom_padding=&#8220;|||&#8220; global_colors_info=&#8220;{}&#8220; custom_padding__hover=&#8220;|||&#8220;][et_pb_text _builder_version=&#8220;4.17.1&#8243; text_font=&#8220;||||||||&#8220; text_line_height=&#8220;1em&#8220; header_font=&#8220;||||||||&#8220; header_3_font=&#8220;||||||||&#8220; header_4_font=&#8220;||||||||&#8220; header_5_font=&#8220;|600|||||||&#8220; header_5_font_size=&#8220;30px&#8220; header_5_line_height=&#8220;1.2em&#8220; custom_margin=&#8220;||-5px|||&#8220; custom_padding=&#8220;||11px|||&#8220; global_colors_info=&#8220;{}&#8220;]<\/p>\n<h5 style=\"text-align: center;\">Buche Deine individuelle Online Session<\/h5>\n<p>[\/et_pb_text][et_pb_divider disabled_on=&#8220;on|on|off&#8220; _builder_version=&#8220;4.16&#8243; height=&#8220;4px&#8220; global_colors_info=&#8220;{}&#8220;][\/et_pb_divider][et_pb_blurb content_max_width=&#8220;615px&#8220; _builder_version=&#8220;4.17.1&#8243; body_font=&#8220;||||||||&#8220; body_font_size=&#8220;16px&#8220; background_size=&#8220;initial&#8220; background_position=&#8220;top_left&#8220; background_repeat=&#8220;repeat&#8220; global_colors_info=&#8220;{}&#8220;]<\/p>\n<div class=\"page\" title=\"Page 1\">\n<div class=\"layoutArea\">\u00a0<\/div>\n<\/div>\n<div class=\"page\" style=\"text-align: center;\" title=\"Page 2\">Lass mich bitte wissen, ob Du eine oder 4 Online Sessions buchen m\u00f6chtest.<\/div>\n<div class=\"page\" style=\"text-align: center;\" title=\"Page 2\">\u00a0<\/div>\n<div class=\"page\" style=\"text-align: center;\" title=\"Page 2\">\u00a0<\/div>\n<p>[\/et_pb_blurb][et_pb_button button_url=&#8220;https:\/\/visiones.org\/de\/kontakt-formular-metsa-yaka&#8220; url_new_window=&#8220;on&#8220; button_text=&#8220;Vereinbare Deinen Termin&#8220; button_alignment=&#8220;center&#8220; _builder_version=&#8220;4.17.1&#8243; custom_button=&#8220;on&#8220; button_text_color=&#8220;#ffffff&#8220; button_bg_color=&#8220;#ffffff&#8220; button_bg_use_color_gradient=&#8220;on&#8220; button_bg_color_gradient_stops=&#8220;#cfa953 0%|rgba(207,169,83,0.65) 100%&#8220; button_bg_color_gradient_start=&#8220;#cfa953&#8243; button_bg_color_gradient_end=&#8220;rgba(207,169,83,0.65)&#8220; button_font=&#8220;||||||||&#8220; button_icon=&#8220;&#x39;||divi||400&#8243; button_icon_color=&#8220;#ffffff&#8220; custom_margin=&#8220;||40px|||&#8220; animation_style=&#8220;slide&#8220; animation_delay=&#8220;500ms&#8220; box_shadow_style=&#8220;preset2&#8243; locked=&#8220;off&#8220; global_colors_info=&#8220;{}&#8220;][\/et_pb_button][et_pb_gallery gallery_ids=&#8220;1387,1588,1391&#8243; gallery_captions=&#8220;,,&#8220; posts_number=&#8220;3&#8243; show_title_and_caption=&#8220;off&#8220; show_pagination=&#8220;off&#8220; hover_overlay_color=&#8220;rgba(0,0,0,0.73)&#8220; hover_icon=&#8220;&#x36;||divi||400&#8243; _builder_version=&#8220;4.16&#8243; title_font_size=&#8220;1px&#8220; caption_font=&#8220;||||||||&#8220; caption_font_size=&#8220;1px&#8220; pagination_font=&#8220;||||||||&#8220; custom_margin=&#8220;|||230px&#8220; custom_margin_tablet=&#8220;|||0px&#8220; custom_margin_phone=&#8220;|||0px&#8220; custom_margin_last_edited=&#8220;on|desktop&#8220; custom_padding=&#8220;|||&#8220; global_colors_info=&#8220;{}&#8220;][\/et_pb_gallery][et_pb_divider disabled_on=&#8220;on|on|off&#8220; _builder_version=&#8220;4.16&#8243; height=&#8220;4px&#8220; custom_padding=&#8220;5px||&#8220; global_colors_info=&#8220;{}&#8220;][\/et_pb_divider][et_pb_divider show_divider=&#8220;off&#8220; disabled_on=&#8220;on|on|off&#8220; _builder_version=&#8220;4.16&#8243; global_colors_info=&#8220;{}&#8220;][\/et_pb_divider][\/et_pb_column][\/et_pb_row][\/et_pb_section]<\/p>\n","protected":false},"excerpt":{"rendered":"<p>Sacred Space &amp; Plant Medicine Integration &#8211; Individual 1:1 Online Sessions -mit\u00a0Metsa Yaka Durch all die Jahre der Arbeit mit der Medizin und der Begleitung von Menschen auf ihren Reisen habe ich gelernt, wie wertvoll und unterst\u00fctzend es sein kann, nach Plant Medicine Zeremonien Begleitung zu erhalten \u2013 um die Erfahrungen und Erkenntnisse zu verstehen, [&hellip;]<\/p>\n","protected":false},"author":1,"featured_media":0,"parent":0,"menu_order":0,"comment_status":"closed","ping_status":"closed","template":"","meta":{"_et_pb_use_builder":"on","_et_pb_old_content":"","_et_gb_content_width":"","footnotes":""},"class_list":["post-26357","page","type-page","status-publish","hentry"],"aioseo_notices":[],"_links":{"self":[{"href":"https:\/\/visiones.org\/de\/wp-json\/wp\/v2\/pages\/26357","targetHints":{"allow":["GET"]}}],"collection":[{"href":"https:\/\/visiones.org\/de\/wp-json\/wp\/v2\/pages"}],"about":[{"href":"https:\/\/visiones.org\/de\/wp-json\/wp\/v2\/types\/page"}],"author":[{"embeddable":true,"href":"https:\/\/visiones.org\/de\/wp-json\/wp\/v2\/users\/1"}],"replies":[{"embeddable":true,"href":"https:\/\/visiones.org\/de\/wp-json\/wp\/v2\/comments?post=26357"}],"version-history":[{"count":22,"href":"https:\/\/visiones.org\/de\/wp-json\/wp\/v2\/pages\/26357\/revisions"}],"predecessor-version":[{"id":33466,"href":"https:\/\/visiones.org\/de\/wp-json\/wp\/v2\/pages\/26357\/revisions\/33466"}],"wp:attachment":[{"href":"https:\/\/visiones.org\/de\/wp-json\/wp\/v2\/media?parent=26357"}],"curies":[{"name":"wp","href":"https:\/\/api.w.org\/{rel}","templated":true}]}}