{"id":28194,"date":"2022-11-12T00:41:06","date_gmt":"2022-11-12T00:41:06","guid":{"rendered":"https:\/\/visiones.org\/cacao-breathwork-zeremonie"},"modified":"2024-12-15T18:33:55","modified_gmt":"2024-12-15T18:33:55","slug":"cacao-breathwork-zeremonie","status":"publish","type":"page","link":"https:\/\/visiones.org\/de\/cacao-breathwork-zeremonie","title":{"rendered":"Cacao &#038; Breathwork Zeremonie"},"content":{"rendered":"<p>[et_pb_section fb_built=&#8220;1&#8243; admin_label=&#8220;section&#8220; _builder_version=&#8220;4.16&#8243; background_color=&#8220;rgba(255,255,255,0)&#8220; da_disable_devices=&#8220;off|off|off&#8220; transparent_background=&#8220;on&#8220; global_colors_info=&#8220;{}&#8220; da_is_popup=&#8220;off&#8220; da_exit_intent=&#8220;off&#8220; da_has_close=&#8220;on&#8220; da_alt_close=&#8220;off&#8220; da_dark_close=&#8220;off&#8220; da_not_modal=&#8220;on&#8220; da_is_singular=&#8220;off&#8220; da_with_loader=&#8220;off&#8220; da_has_shadow=&#8220;on&#8220;][et_pb_row admin_label=&#8220;row&#8220; _builder_version=&#8220;4.27.0&#8243; background_color=&#8220;rgba(255,255,255,0.93)&#8220; background_size=&#8220;initial&#8220; background_position=&#8220;top_left&#8220; background_repeat=&#8220;repeat&#8220; max_width=&#8220;1155px&#8220; module_alignment=&#8220;center&#8220; custom_margin=&#8220;||54px||false|false&#8220; custom_padding=&#8220;58px|40px|3px|40px|false|false&#8220; animation_style=&#8220;slide&#8220; animation_delay=&#8220;400ms&#8220; border_radii=&#8220;on|30px|30px|30px|30px&#8220; border_color_all=&#8220;#cfa953&#8243; border_style_all=&#8220;none&#8220; border_width_top=&#8220;1px&#8220; border_width_bottom=&#8220;1px&#8220; global_colors_info=&#8220;{}&#8220;][et_pb_column type=&#8220;4_4&#8243; _builder_version=&#8220;4.16&#8243; custom_padding=&#8220;|||&#8220; global_colors_info=&#8220;{}&#8220; custom_padding__hover=&#8220;|||&#8220;][et_pb_blurb image=&#8220;https:\/\/visiones.org\/wp-content\/uploads\/2023\/02\/Cacao-Breathwork-Ceremony-with-Sanken-Tsoma.jpg&#8220; image_icon_width=&#8220;91%&#8220; content_max_width=&#8220;647px&#8220; _builder_version=&#8220;4.17.1&#8243; header_font=&#8220;||||||||&#8220; header_line_height=&#8220;1.2em&#8220; body_font=&#8220;||||||||&#8220; body_text_align=&#8220;right&#8220; body_line_height=&#8220;1em&#8220; background_size=&#8220;initial&#8220; background_position=&#8220;top_left&#8220; background_repeat=&#8220;repeat&#8220; text_orientation=&#8220;center&#8220; custom_margin=&#8220;|||&#8220; image_max_width=&#8220;91%&#8220; global_colors_info=&#8220;{}&#8220;][\/et_pb_blurb][et_pb_blurb title=&#8220;Cacao &#038; Breathwork Zeremonie&#8220; content_max_width=&#8220;1100px&#8220; _builder_version=&#8220;4.27.0&#8243; header_font=&#8220;|600|||||||&#8220; header_font_size=&#8220;30px&#8220; header_line_height=&#8220;1.2em&#8220; background_size=&#8220;initial&#8220; background_position=&#8220;top_left&#8220; background_repeat=&#8220;repeat&#8220; text_orientation=&#8220;center&#8220; custom_padding=&#8220;||60px|||&#8220; global_colors_info=&#8220;{}&#8220;]<\/p>\n<h3 class=\"page\" title=\"Page 1\"><strong>&#8211; a Shamanic Journey to Yourself &#8211;<\/strong><\/h3>\n<p class=\"page\" title=\"Page 1\">mit\u00a0<a href=\"https:\/\/visiones.org\/de\/die-inkanima-lineage#SankenTsomaMetsaYaka\">Sanken Tsoma<\/a><\/p>\n<div class=\"page\" title=\"Page 1\">\n<div class=\"layoutArea\">\n<div class=\"column\">\n<p style=\"text-align: justify;\">Wir laden Dich ein zu einer schamanischen Reise zu Dir selbst. Geleitet vom Spirit der herz\u00f6ffnenden Cacao-Medizin, getragen von den weiten Schwingen deines Atems und begleitet vom Curandero Sanken Tsoma und seiner einzigartigen Medizin, begeben wir uns auf eine tiefe Reise durch unsere innere Welt.<\/p>\n<p style=\"text-align: justify;\">In einem liebevoll gehaltenen sicheren Raum verbinden wir uns mit der wundersch\u00f6nen Medizin des Cacaos, bevor wir in eine intensive Breathwork Session eintauchen, die Dich in unerwartete Tiefen f\u00fchren wird. W\u00e4hrend dieser gef\u00fchrten 90-min\u00fctigen\u00a0Breathwork Session, begleitet von treibender Musik, lassen wir uns von unserem Atem in unser Inneres f\u00fchren.<\/p>\n<p style=\"text-align: justify;\">Dein Atem wird Dich in einen ver\u00e4nderten Bewusstseinszustand transportieren, w\u00e4hrend sich Deine eigene innere Weisheit offenbart und Dir zeigt, was jetzt im Moment gesehen und gef\u00fchlt werden m\u00f6chte. Eingeschlossene Emotionen, Stress, \u00c4ngste und Blockaden k\u00f6nnen sich so l\u00f6sen. Die Kreativit\u00e4t kann sich steigern, scharfe Klarheit kann sich bilden, neue Ideen k\u00f6nnen aus uns herausstr\u00f6men und tiefere Wahrheiten k\u00f6nnen sich uns offenbaren. Das Bliss-Hormon Anandamid wird ausgesch\u00fcttet, was uns ein Gef\u00fchl von innerem Frieden, Gl\u00fcck, Liebe &amp; Mitgef\u00fchl oder sogar Ekstase bescheren kann.\u00a0Jede individuelle innere Erfahrung kann Heilung, einzigartige Weisheit und Klarheit, sowie eine tiefere Verbindung zu Dir Selbst bringen.<\/p>\n<p style=\"text-align: justify;\">Die Zeremonie dauert ca. drei Stunden und wird geleitet\u00a0von <a href=\"https:\/\/visiones.org\/de\/die-inkanima-lineage#SankenTsomaMetsaYaka\">Sanken Tsoma<\/a>\u00a0(f\u00fcr mehr Infos auf den Namen klicken), der in der Inkanima Lineage arbeitet und neben seinen Lehren in diversen Master Pant Dietas, unter anderem von dem Shipibo Maestro Inkanima (aus dem peruanischen Amazonas) und dem Q\u2019ero \/ Inka Heiler Don Eduardo Chura Apaza (aus den peruanischen Anden) im Umgang mit Heilpflanzen und energetischer Arbeit gelehrt und initiiert wurde.<\/p>\n<p style=\"text-align: justify;\"><span style=\"text-decoration: underline; font-size: large;\"><\/span><\/p>\n<p style=\"text-align: justify;\"><span style=\"text-decoration: underline; font-size: large;\">Bevorstehende Termine:<\/span><\/p>\n<p style=\"text-align: justify;\">\n<p style=\"text-align: justify;\"><strong>Wien \/ \u00d6sterreich:<\/strong><br \/>08\/12\/2024 \/\/\/ 19:30-22:30 Uhr<br \/>Alkemy Soul &#8211; 1040 Wien<br \/>Preis: \u20ac 80,-<\/p>\n<p style=\"text-align: justify;\"><strong>Berlin (K\u00f6penick) \/ Deutschland:<\/strong><br \/>21\/12\/2024 \/\/\/ 18-21 Uhr<br \/>12589\u00a0K\u00f6penick &#8211;\u00a0S-Bahn Haltestelle Wilhelmshagen<br \/>Preis:\u00a0\u20ac 80,-<\/p>\n<\/div>\n<\/div>\n<\/div>\n<p>[\/et_pb_blurb][\/et_pb_column][\/et_pb_row][et_pb_row _builder_version=&#8220;4.27.0&#8243; max_width=&#8220;1155px&#8220; custom_padding=&#8220;32px|40px|0|40px|false|false&#8220; border_radii=&#8220;on|30px|30px|30px|30px&#8220; border_color_all=&#8220;#cfa953&#8243; border_style_all=&#8220;none&#8220; border_width_top=&#8220;1px&#8220; border_width_bottom=&#8220;1px&#8220; locked=&#8220;off&#8220; global_colors_info=&#8220;{}&#8220;][et_pb_column type=&#8220;4_4&#8243; _builder_version=&#8220;4.16&#8243; custom_padding=&#8220;|||&#8220; global_colors_info=&#8220;{}&#8220; custom_padding__hover=&#8220;|||&#8220;][et_pb_text _builder_version=&#8220;4.16&#8243; _module_preset=&#8220;default&#8220; header_3_font=&#8220;|600|||||||&#8220; header_3_font_size=&#8220;30px&#8220; global_colors_info=&#8220;{}&#8220;]<\/p>\n<h3 style=\"text-align: center;\">Buche Deinen Platz<\/h3>\n<p>[\/et_pb_text][et_pb_divider _builder_version=&#8220;4.16&#8243; animation_style=&#8220;roll&#8220; global_colors_info=&#8220;{}&#8220;][\/et_pb_divider][et_pb_text _builder_version=&#8220;4.17.1&#8243; _module_preset=&#8220;default&#8220; global_colors_info=&#8220;{}&#8220;]<\/p>\n<p style=\"text-align: center;\">Um Deinen Platz f\u00fcr die Cacao &amp; Breathwork Zeremonie zu buchen, klicke bitte auf den &#8222;Anmelden&#8220; Button.<br \/>Bei weiteren Fragen sende uns bitte eine E-Mail an:<br \/><a href=\"mailto:info@visiones,org\">info@visiones.org<\/a><\/p>\n<p>[\/et_pb_text][et_pb_button button_url=&#8220;https:\/\/visiones.org\/de\/anmeldeformular-rapeh-zeremonien-cacao-breathwork-zeremonien&#8220; url_new_window=&#8220;on&#8220; button_text=&#8220;Anmelden&#8220; button_alignment=&#8220;center&#8220; _builder_version=&#8220;4.17.1&#8243; custom_button=&#8220;on&#8220; button_text_color=&#8220;#ffffff&#8220; button_bg_color=&#8220;#ffffff&#8220; button_bg_use_color_gradient=&#8220;on&#8220; button_bg_color_gradient_stops=&#8220;#cfa953 0%|rgba(207,169,83,0.65) 100%&#8220; button_bg_color_gradient_start=&#8220;#cfa953&#8243; button_bg_color_gradient_end=&#8220;rgba(207,169,83,0.65)&#8220; button_font=&#8220;||||||||&#8220; button_icon_color=&#8220;#ffffff&#8220; animation_style=&#8220;slide&#8220; box_shadow_style=&#8220;preset2&#8243; locked=&#8220;off&#8220; global_colors_info=&#8220;{}&#8220;][\/et_pb_button][et_pb_divider _builder_version=&#8220;4.16&#8243; min_height=&#8220;24px&#8220; custom_margin=&#8220;10px|||||&#8220; custom_padding=&#8220;||23px|||&#8220; animation_style=&#8220;roll&#8220; global_colors_info=&#8220;{}&#8220;][\/et_pb_divider][\/et_pb_column][\/et_pb_row][\/et_pb_section]<\/p>\n","protected":false},"excerpt":{"rendered":"<p>&#8211; a Shamanic Journey to Yourself &#8211; mit\u00a0Sanken Tsoma Wir laden Dich ein zu einer schamanischen Reise zu Dir selbst. Geleitet vom Spirit der herz\u00f6ffnenden Cacao-Medizin, getragen von den weiten Schwingen deines Atems und begleitet vom Curandero Sanken Tsoma und seiner einzigartigen Medizin, begeben wir uns auf eine tiefe Reise durch unsere innere Welt. In [&hellip;]<\/p>\n","protected":false},"author":1,"featured_media":0,"parent":0,"menu_order":0,"comment_status":"closed","ping_status":"closed","template":"","meta":{"_et_pb_use_builder":"on","_et_pb_old_content":"","_et_gb_content_width":"","footnotes":""},"class_list":["post-28194","page","type-page","status-publish","hentry"],"aioseo_notices":[],"_links":{"self":[{"href":"https:\/\/visiones.org\/de\/wp-json\/wp\/v2\/pages\/28194","targetHints":{"allow":["GET"]}}],"collection":[{"href":"https:\/\/visiones.org\/de\/wp-json\/wp\/v2\/pages"}],"about":[{"href":"https:\/\/visiones.org\/de\/wp-json\/wp\/v2\/types\/page"}],"author":[{"embeddable":true,"href":"https:\/\/visiones.org\/de\/wp-json\/wp\/v2\/users\/1"}],"replies":[{"embeddable":true,"href":"https:\/\/visiones.org\/de\/wp-json\/wp\/v2\/comments?post=28194"}],"version-history":[{"count":24,"href":"https:\/\/visiones.org\/de\/wp-json\/wp\/v2\/pages\/28194\/revisions"}],"predecessor-version":[{"id":31938,"href":"https:\/\/visiones.org\/de\/wp-json\/wp\/v2\/pages\/28194\/revisions\/31938"}],"wp:attachment":[{"href":"https:\/\/visiones.org\/de\/wp-json\/wp\/v2\/media?parent=28194"}],"curies":[{"name":"wp","href":"https:\/\/api.w.org\/{rel}","templated":true}]}}