{"id":31754,"date":"2024-10-22T03:58:01","date_gmt":"2024-10-22T03:58:01","guid":{"rendered":"https:\/\/visiones.org\/ecstatic-dance"},"modified":"2024-11-18T13:17:44","modified_gmt":"2024-11-18T13:17:44","slug":"ecstatic-dance","status":"publish","type":"page","link":"https:\/\/visiones.org\/de\/ecstatic-dance","title":{"rendered":"Ecstatic Dance"},"content":{"rendered":"<p>[et_pb_section fb_built=&#8220;1&#8243; admin_label=&#8220;section&#8220; _builder_version=&#8220;4.27.0&#8243; background_color=&#8220;rgba(255,255,255,0)&#8220; custom_padding=&#8220;||8px|||&#8220; da_disable_devices=&#8220;off|off|off&#8220; transparent_background=&#8220;on&#8220; global_colors_info=&#8220;{}&#8220; da_is_popup=&#8220;off&#8220; da_exit_intent=&#8220;off&#8220; da_has_close=&#8220;on&#8220; da_alt_close=&#8220;off&#8220; da_dark_close=&#8220;off&#8220; da_not_modal=&#8220;on&#8220; da_is_singular=&#8220;off&#8220; da_with_loader=&#8220;off&#8220; da_has_shadow=&#8220;on&#8220;][et_pb_row admin_label=&#8220;row&#8220; _builder_version=&#8220;4.27.0&#8243; background_color=&#8220;rgba(255,255,255,0.93)&#8220; background_size=&#8220;initial&#8220; background_position=&#8220;top_left&#8220; background_repeat=&#8220;repeat&#8220; max_width=&#8220;1155px&#8220; module_alignment=&#8220;center&#8220; custom_margin=&#8220;|auto|70px|auto|false|false&#8220; custom_padding=&#8220;58px|40px|3px|40px|false|false&#8220; animation_style=&#8220;slide&#8220; animation_delay=&#8220;400ms&#8220; border_radii=&#8220;on|30px|30px|30px|30px&#8220; border_color_all=&#8220;#cfa953&#8243; border_style_all=&#8220;none&#8220; border_width_top=&#8220;1px&#8220; border_width_bottom=&#8220;1px&#8220; global_colors_info=&#8220;{}&#8220;][et_pb_column type=&#8220;4_4&#8243; _builder_version=&#8220;4.16&#8243; custom_padding=&#8220;|||&#8220; global_colors_info=&#8220;{}&#8220; custom_padding__hover=&#8220;|||&#8220;][et_pb_blurb image=&#8220;https:\/\/visiones.org\/wp-content\/uploads\/2024\/11\/Ecstatic-Cacao-Dance-Tour-2024-quer-Time-Space.jpg&#8220; image_icon_width=&#8220;91%&#8220; content_max_width=&#8220;647px&#8220; _builder_version=&#8220;4.27.0&#8243; header_font=&#8220;||||||||&#8220; header_line_height=&#8220;1.2em&#8220; body_font=&#8220;||||||||&#8220; body_text_align=&#8220;right&#8220; body_line_height=&#8220;1em&#8220; background_size=&#8220;initial&#8220; background_position=&#8220;top_left&#8220; background_repeat=&#8220;repeat&#8220; text_orientation=&#8220;center&#8220; custom_margin=&#8220;|||&#8220; image_max_width=&#8220;91%&#8220; global_colors_info=&#8220;{}&#8220;][\/et_pb_blurb][et_pb_blurb title=&#8220;Dance of the Jaguar&#8220; content_max_width=&#8220;1100px&#8220; _builder_version=&#8220;4.27.0&#8243; header_font=&#8220;|600|||||||&#8220; header_font_size=&#8220;30px&#8220; header_line_height=&#8220;1.2em&#8220; background_size=&#8220;initial&#8220; background_position=&#8220;top_left&#8220; background_repeat=&#8220;repeat&#8220; text_orientation=&#8220;center&#8220; custom_padding=&#8220;||7px|||&#8220; global_colors_info=&#8220;{}&#8220;]<\/p>\n<h3 class=\"page\" title=\"Page 1\"><strong>&#8211; Shamanic Cacao Dance Ceremony &#8211;<\/strong><\/h3>\n<p class=\"page\" title=\"Page 1\">mit Xaguar (aka <a href=\"https:\/\/visiones.org\/de\/die-inkanima-lineage#SankenTsomaMetsaYaka\">Sanken Tsoma<\/a>)<\/p>\n<div class=\"page\" title=\"Page 1\">\n<div class=\"layoutArea\">\n<div class=\"column\">\n<p>&nbsp;<\/p>\n<p align=\"justify\">Mit <i>The Dance Of The Jaguar<\/i> laden wir Dich zu einer Ecstatic Dance Ceremony mit der herz\u00f6ffnenden Medizin des Kakaos ein, welche von dem Medicine Man, DJ und Producer Xaguar. geleitet wird.<\/p>\n<p align=\"justify\">In diesem Ceremonial Dance Ritual \u00f6ffnet Xaguar einen heiligen Raum der Heilung und nimmt Dich mit auf eine musikalische Reise, getragen von Medicine House Music, welche spirituelle Musik, Medicine Music und indigene Healing Icaros mit Genres wie Organic House, Afro House, Ethno House und Melodic House kombiniert. In diesem heiligen Raum ist es unsere Intention, uns nach innen zu fokussieren und uns zu erlauben loszulassen und zu f\u00fchlen. Unsere Herzen zu \u00f6ffnen und Emotionen, Blockaden und Energien freizusetzen. Pr\u00e4sent zu werden und uns durch Bewegung auszudr\u00fccken. Unseren inneren Raum zu erweitern und Freude und Ekstase zu erfahren. Die Magie des Tanzes zu genie\u00dfen und die Sch\u00f6nheit des Lebens zu zelebrieren.<\/p>\n<p align=\"justify\">Nach der er\u00f6ffnenden Cacao Zeremonie f\u00fchrt Xaguar Dich durch einen einf\u00fchrenden Drumming Circle, gefolgt von einem Ecstatic Dance, welcher mit einem entspannenden Sound Bath endet.<\/p>\n<p align=\"justify\">Ecstatic Dance ist eine frei gestaltete spirituelle Tanzpraxis mit der Intention, eine Heilreise zu kreieren, das eigene Bewusstsein zu transformieren, sich mit dem eigenen inneren Selbst zu verbinden und Geist und K\u00f6rper zu befreien. In einer sicheren Umgebung ohne Beobachter, Urteil, Handys, Schuhe und Alkohol.<\/p>\n<p align=\"justify\"><b><\/b><\/p>\n<p align=\"justify\"><b>Richtlinien:<\/b><\/p>\n<ul>\n<li>\n<p align=\"justify\">Nonverbale innere Reise \u2192 W\u00e4hrend des Tanzes gehen wir nach innen ohne verbal zu kommunizieren. Wir k\u00f6nnen t\u00f6nen oder mit anderen \u00fcber Augenkontakt kommunizieren.<\/p>\n<\/li>\n<li>\n<p align=\"justify\">Sicherer und heiliger Raum \u2192 Respektiere bitte alle T\u00e4nzer um Dich herum und alle Tanzformen.<\/p>\n<\/li>\n<li>\n<p align=\"justify\">Respektiere die Grenzen der anderen \u2192 Nur einvernehmliche Ber\u00fchrungen.<\/p>\n<\/li>\n<li>\n<p align=\"justify\">Bewusstes und achtsames Setting \u2192 Ein Ecstatic Dance ist frei von Alkohol und Drogen. W\u00e4hrend der gesamten Zeremonie verzichten wir auf Handys und Kammeras.<\/p>\n<\/li>\n<li>\n<p align=\"justify\">F\u00fchlen und verbinden \u2192 Wir tanzen in Gemeinschaft, ohne Schuhe und mit leichter, bequemer Kleidung.<\/p>\n<\/li>\n<li>\n<p align=\"justify\">Dr\u00fccke dich aus durch Bewegung \u2192 Bewege Dich frei, folge der Weisheit und nat\u00fcrlichen Bewegung Deines K\u00f6rpers. \u00d6ffne Dich f\u00fcr alles, was hochkommen oder freigesetzt werden m\u00f6chte. Lass los, f\u00fchle was gef\u00fchlt werden m\u00f6chte und halte Deine Emotionen nicht zur\u00fcck.<\/p>\n<\/li>\n<li>\n<p align=\"justify\">Erh\u00f6he Deine Schwingungen \u2192 Wir fokussieren uns nach innen und erlauben uns, zu expandieren.<\/p>\n<\/li>\n<\/ul>\n<p align=\"justify\">\n<p align=\"justify\"><b>Die Reise:<\/b><b><\/b><\/p>\n<ul>\n<li>\n<p align=\"justify\">Opening Cacao Zeremonie<\/p>\n<\/li>\n<li>\n<p align=\"justify\">Einleitender Drumming Circle<\/p>\n<\/li>\n<li>\n<p align=\"justify\">Ecstatic Dance (deep, melodisch, hypnotisches und rhythmisches Medicine House DJ Set)<\/p>\n<\/li>\n<li style=\"text-align: justify;\">Relaxing Sound Bath<\/li>\n<\/ul>\n<p style=\"text-align: left;\"><strong>\u00dcber Xaguar:<\/strong><\/p>\n<p align=\"justify\">Xaguar ist ein Medicine Man mit musikalischen Wurzeln in der elektronischen Tanzmusik.<\/p>\n<p align=\"justify\">Bis 2013 widmete er sich als DJ und Produzent der elektronischen Musik unter seinen DJ-Projekten Mandus Lazar, Lek &amp; Lazar und Greta liebt Paul. Mit seinem Eventprojekt Freiraum Kollektiv organisierte er Club Events in bekannten Electronic Music Clubs in M\u00fcnchen und Umgebung, sowie Underground Open Airs.<\/p>\n<p align=\"justify\">In den letzten 10 Jahren hat er seine spirituelle Reise intensiv vertieft und sich mehr der inneren Arbeit zugewandt. Dabei tauchte er in die Welt der Pflanzenmedizin ein, wo er die Kunst der schamanischen Heilarbeit mit heiligen Master Plants erlernte, die er seit 8 Jahren aktiv im Rahmen unterschiedlicher Zeremonien in Europa unter seinem Medizinnamen Sanken Tsoma praktiziert.<\/p>\n<p align=\"justify\">Als die elektronische Musik 2023 wieder in sein Leben zur\u00fcckkehrte, entdeckte er seine Liebe zur Musik wieder und folgte dem starken inneren Ruf, diese Leidenschaft zur Musik mit seinem schamanischen Weg zu vereinen. Vor diesem Hintergrund entstand sein neues Musikprojekt Xaguar und damit auch die Ecstatic Cacao Dance Zeremonien <i>\u201cDance of the Jaguar\u201c<\/i>.<\/p>\n<\/div>\n<\/div>\n<\/div>\n<p>[\/et_pb_blurb][et_pb_blurb content_max_width=&#8220;1100px&#8220; _builder_version=&#8220;4.27.0&#8243; header_font=&#8220;|600|||||||&#8220; header_font_size=&#8220;30px&#8220; header_line_height=&#8220;1.2em&#8220; background_size=&#8220;initial&#8220; background_position=&#8220;top_left&#8220; background_repeat=&#8220;repeat&#8220; text_orientation=&#8220;center&#8220; custom_margin=&#8220;||7px|||&#8220; custom_padding=&#8220;||7px|||&#8220; global_colors_info=&#8220;{}&#8220;]<\/p>\n<div class=\"page\" title=\"Page 1\">\n<div class=\"layoutArea\">\n<div class=\"column\">\n<p align=\"justify\"><strong style=\"text-align: left;\">Xaguar Music auf Instagram &amp; Soundcloud:<\/strong><\/p>\n<p align=\"justify\">\u00a0<\/p>\n<\/div>\n<\/div>\n<\/div>\n<p>[\/et_pb_blurb][et_pb_social_media_follow follow_button=&#8220;on&#8220; use_icon_font_size=&#8220;on&#8220; _builder_version=&#8220;4.27.0&#8243; _module_preset=&#8220;default&#8220; text_orientation=&#8220;center&#8220; global_colors_info=&#8220;{}&#8220;][et_pb_social_media_follow_network social_network=&#8220;instagram&#8220; url=&#8220;https:\/\/www.instagram.com\/xaguar_music\/&#8220; _builder_version=&#8220;4.27.0&#8243; _module_preset=&#8220;default&#8220; background_color=&#8220;#ea2c59&#8243; global_colors_info=&#8220;{}&#8220; follow_button=&#8220;on&#8220; url_new_window=&#8220;on&#8220;]instagram[\/et_pb_social_media_follow_network][et_pb_social_media_follow_network social_network=&#8220;soundcloud&#8220; url=&#8220;https:\/\/soundcloud.com\/xaguar_music%20&#8243; _builder_version=&#8220;4.27.0&#8243; _module_preset=&#8220;default&#8220; background_color=&#8220;#ff8800&#8243; global_colors_info=&#8220;{}&#8220; follow_button=&#8220;on&#8220; url_new_window=&#8220;on&#8220;]soundcloud[\/et_pb_social_media_follow_network][\/et_pb_social_media_follow][\/et_pb_column][\/et_pb_row][\/et_pb_section][et_pb_section fb_built=&#8220;1&#8243; _builder_version=&#8220;4.27.0&#8243; _module_preset=&#8220;default&#8220; background_image=&#8220;https:\/\/visiones.org\/wp-content\/uploads\/2024\/10\/Time-Space-wide-1.jpg&#8220; parallax=&#8220;on&#8220; custom_padding=&#8220;477px|||||&#8220; da_disable_devices=&#8220;off|off|off&#8220; global_colors_info=&#8220;{}&#8220; da_is_popup=&#8220;off&#8220; da_exit_intent=&#8220;off&#8220; da_has_close=&#8220;on&#8220; da_alt_close=&#8220;off&#8220; da_dark_close=&#8220;off&#8220; da_not_modal=&#8220;on&#8220; da_is_singular=&#8220;off&#8220; da_with_loader=&#8220;off&#8220; da_has_shadow=&#8220;on&#8220;][\/et_pb_section][et_pb_section fb_built=&#8220;1&#8243; _builder_version=&#8220;4.27.0&#8243; _module_preset=&#8220;default&#8220; da_disable_devices=&#8220;off|off|off&#8220; global_colors_info=&#8220;{}&#8220; da_is_popup=&#8220;off&#8220; da_exit_intent=&#8220;off&#8220; da_has_close=&#8220;on&#8220; da_alt_close=&#8220;off&#8220; da_dark_close=&#8220;off&#8220; da_not_modal=&#8220;on&#8220; da_is_singular=&#8220;off&#8220; da_with_loader=&#8220;off&#8220; da_has_shadow=&#8220;on&#8220;][et_pb_row _builder_version=&#8220;4.27.0&#8243; max_width=&#8220;1155px&#8220; custom_padding=&#8220;32px|40px|0|40px|false|false&#8220; border_radii=&#8220;on|30px|30px|30px|30px&#8220; border_color_all=&#8220;#cfa953&#8243; border_style_all=&#8220;none&#8220; border_width_top=&#8220;1px&#8220; border_width_bottom=&#8220;1px&#8220; locked=&#8220;off&#8220; global_colors_info=&#8220;{}&#8220;][et_pb_column type=&#8220;4_4&#8243; _builder_version=&#8220;4.16&#8243; custom_padding=&#8220;|||&#8220; global_colors_info=&#8220;{}&#8220; custom_padding__hover=&#8220;|||&#8220;][et_pb_divider _builder_version=&#8220;4.16&#8243; custom_margin=&#8220;||3px|||&#8220; animation_style=&#8220;roll&#8220; global_colors_info=&#8220;{}&#8220;][\/et_pb_divider][et_pb_text _builder_version=&#8220;4.27.0&#8243; text_font=&#8220;||||||||&#8220; text_line_height=&#8220;1em&#8220; header_font=&#8220;||||||||&#8220; header_3_font=&#8220;||||||||&#8220; header_4_font=&#8220;||||||||&#8220; header_5_font=&#8220;|600|||||||&#8220; header_5_font_size=&#8220;20px&#8220; header_5_line_height=&#8220;1.2em&#8220; custom_margin=&#8220;||-5px|||&#8220; custom_padding=&#8220;||11px|||&#8220; global_colors_info=&#8220;{}&#8220;]<\/p>\n<h5 style=\"text-align: center;\">Kommende Ecstatic Cacao Dance Ceremonies<\/h5>\n<p>[\/et_pb_text][et_pb_divider _builder_version=&#8220;4.16&#8243; animation_style=&#8220;roll&#8220; global_colors_info=&#8220;{}&#8220;][\/et_pb_divider][et_pb_text _builder_version=&#8220;4.27.0&#8243; _module_preset=&#8220;default&#8220; custom_margin=&#8220;||23px|||&#8220; hover_enabled=&#8220;0&#8243; global_colors_info=&#8220;{}&#8220; sticky_enabled=&#8220;0&#8243;]<\/p>\n<p style=\"text-align: justify;\"><strong>Wien \/ \u00d6sterreich:<\/strong><br \/>07\/12\/2024 \/\/\/ 19:00-22:30 Uhr<br \/>Alkemy Soul &#8211; 1040 Wien<br \/>Preis: \u20ac 59,- \/ Preis f\u00fcr Alkemy Studio Mitglieder \u20ac 50,-<\/p>\n<p style=\"text-align: justify;\"><strong>Bremen \/ Deutschland:<\/strong><br \/>19\/12\/2024 \/\/\/ 18:00-21:30 Uhr<br \/>Preis \u20ac 35,-<\/p>\n<p>[\/et_pb_text][\/et_pb_column][\/et_pb_row][et_pb_row _builder_version=&#8220;4.27.0&#8243; max_width=&#8220;1155px&#8220; min_height=&#8220;372.7px&#8220; custom_padding=&#8220;32px|40px|0|40px|false|false&#8220; border_radii=&#8220;on|30px|30px|30px|30px&#8220; border_color_all=&#8220;#cfa953&#8243; border_style_all=&#8220;none&#8220; border_width_top=&#8220;1px&#8220; border_width_bottom=&#8220;1px&#8220; locked=&#8220;off&#8220; global_colors_info=&#8220;{}&#8220;][et_pb_column type=&#8220;4_4&#8243; _builder_version=&#8220;4.16&#8243; custom_padding=&#8220;|||&#8220; global_colors_info=&#8220;{}&#8220; custom_padding__hover=&#8220;|||&#8220;][et_pb_divider _builder_version=&#8220;4.16&#8243; custom_margin=&#8220;||3px|||&#8220; animation_style=&#8220;roll&#8220; global_colors_info=&#8220;{}&#8220;][\/et_pb_divider][et_pb_text _builder_version=&#8220;4.27.0&#8243; text_font=&#8220;||||||||&#8220; text_line_height=&#8220;1em&#8220; header_font=&#8220;||||||||&#8220; header_3_font=&#8220;||||||||&#8220; header_4_font=&#8220;||||||||&#8220; header_5_font=&#8220;|600|||||||&#8220; header_5_font_size=&#8220;20px&#8220; header_5_line_height=&#8220;1.2em&#8220; custom_margin=&#8220;||-5px|||&#8220; custom_padding=&#8220;||11px|||&#8220; global_colors_info=&#8220;{}&#8220;]<\/p>\n<h5 style=\"text-align: center;\">Reserviere Deinen Platz<\/h5>\n<p>[\/et_pb_text][et_pb_divider _builder_version=&#8220;4.16&#8243; animation_style=&#8220;roll&#8220; global_colors_info=&#8220;{}&#8220;][\/et_pb_divider][et_pb_blurb content_max_width=&#8220;1100px&#8220; _builder_version=&#8220;4.27.0&#8243; body_font=&#8220;||||||||&#8220; body_font_size=&#8220;16px&#8220; background_size=&#8220;initial&#8220; background_position=&#8220;top_left&#8220; background_repeat=&#8220;repeat&#8220; custom_padding=&#8220;0px||5px|||&#8220; global_colors_info=&#8220;{}&#8220;]<\/p>\n<div class=\"page\" title=\"Page 1\">\n<div class=\"layoutArea\">\n<div class=\"column\">\u00a0<\/div>\n<\/div>\n<\/div>\n<div class=\"page\" style=\"text-align: center;\" title=\"Page 2\">Um Deinen Platz bei der Ecstatic Cacao Dance Ceremony zu buchen, klicke bitte auf den &#8222;Anmelden\u201c Button.<br \/>Wenn weitere Fragen hast, sende uns bitte eine E-Mail an:<br \/><a href=\"mailto:info@visiones,org\">info@visiones.org<\/a><\/div>\n<p>[\/et_pb_blurb][et_pb_button button_url=&#8220;https:\/\/visiones.org\/de\/anmeldeformular-rapeh-zeremonien-cacao-breathwork-zeremonien&#8220; url_new_window=&#8220;on&#8220; button_text=&#8220;Anmeldung&#8220; button_alignment=&#8220;center&#8220; _builder_version=&#8220;4.27.0&#8243; custom_button=&#8220;on&#8220; button_text_color=&#8220;#ffffff&#8220; button_bg_color=&#8220;#ffffff&#8220; button_bg_use_color_gradient=&#8220;on&#8220; button_bg_color_gradient_stops=&#8220;#cfa953 0%|rgba(207,169,83,0.65) 100%&#8220; button_bg_color_gradient_start=&#8220;#cfa953&#8243; button_bg_color_gradient_end=&#8220;rgba(207,169,83,0.65)&#8220; button_font=&#8220;||||||||&#8220; button_icon_color=&#8220;#ffffff&#8220; animation_style=&#8220;slide&#8220; hover_enabled=&#8220;0&#8243; box_shadow_style=&#8220;preset2&#8243; locked=&#8220;off&#8220; global_colors_info=&#8220;{}&#8220; sticky_enabled=&#8220;0&#8243;][\/et_pb_button][et_pb_divider _builder_version=&#8220;4.16&#8243; min_height=&#8220;24px&#8220; custom_margin=&#8220;10px|||||&#8220; custom_padding=&#8220;||23px|||&#8220; animation_style=&#8220;roll&#8220; global_colors_info=&#8220;{}&#8220;][\/et_pb_divider][\/et_pb_column][\/et_pb_row][\/et_pb_section][et_pb_section fb_built=&#8220;1&#8243; _builder_version=&#8220;4.27.0&#8243; _module_preset=&#8220;default&#8220; background_image=&#8220;https:\/\/visiones.org\/wp-content\/uploads\/2024\/10\/Puertas-de-Can-Soleil-wide.jpg&#8220; parallax=&#8220;on&#8220; custom_padding=&#8220;171px||253px|||&#8220; da_disable_devices=&#8220;off|off|off&#8220; global_colors_info=&#8220;{}&#8220; da_is_popup=&#8220;off&#8220; da_exit_intent=&#8220;off&#8220; da_has_close=&#8220;on&#8220; da_alt_close=&#8220;off&#8220; da_dark_close=&#8220;off&#8220; da_not_modal=&#8220;on&#8220; da_is_singular=&#8220;off&#8220; da_with_loader=&#8220;off&#8220; da_has_shadow=&#8220;on&#8220;][\/et_pb_section][et_pb_section fb_built=&#8220;1&#8243; _builder_version=&#8220;4.27.0&#8243; _module_preset=&#8220;default&#8220; da_disable_devices=&#8220;off|off|off&#8220; global_colors_info=&#8220;{}&#8220; da_is_popup=&#8220;off&#8220; da_exit_intent=&#8220;off&#8220; da_has_close=&#8220;on&#8220; da_alt_close=&#8220;off&#8220; da_dark_close=&#8220;off&#8220; da_not_modal=&#8220;on&#8220; da_is_singular=&#8220;off&#8220; da_with_loader=&#8220;off&#8220; da_has_shadow=&#8220;on&#8220;][et_pb_row _builder_version=&#8220;4.27.0&#8243; max_width=&#8220;1155px&#8220; min_height=&#8220;372.7px&#8220; custom_margin=&#8220;|auto|-59px|auto||&#8220; custom_padding=&#8220;32px|40px|0px|40px|false|false&#8220; border_radii=&#8220;on|30px|30px|30px|30px&#8220; border_color_all=&#8220;#cfa953&#8243; border_style_all=&#8220;none&#8220; border_width_top=&#8220;1px&#8220; border_width_bottom=&#8220;1px&#8220; locked=&#8220;off&#8220; global_colors_info=&#8220;{}&#8220;][et_pb_column type=&#8220;4_4&#8243; _builder_version=&#8220;4.16&#8243; custom_padding=&#8220;|||&#8220; global_colors_info=&#8220;{}&#8220; custom_padding__hover=&#8220;|||&#8220;][et_pb_divider _builder_version=&#8220;4.16&#8243; custom_margin=&#8220;||3px|||&#8220; animation_style=&#8220;roll&#8220; global_colors_info=&#8220;{}&#8220;][\/et_pb_divider][et_pb_text _builder_version=&#8220;4.27.0&#8243; text_font=&#8220;||||||||&#8220; text_line_height=&#8220;1em&#8220; header_font=&#8220;||||||||&#8220; header_3_font=&#8220;||||||||&#8220; header_4_font=&#8220;||||||||&#8220; header_5_font=&#8220;|600|||||||&#8220; header_5_font_size=&#8220;20px&#8220; header_5_line_height=&#8220;1.2em&#8220; custom_margin=&#8220;||-5px|||&#8220; custom_padding=&#8220;||11px|||&#8220; global_colors_info=&#8220;{}&#8220;]<\/p>\n<h5 style=\"text-align: center;\">Xaguar Music<\/h5>\n<p>[\/et_pb_text][et_pb_divider _builder_version=&#8220;4.16&#8243; animation_style=&#8220;roll&#8220; global_colors_info=&#8220;{}&#8220;][\/et_pb_divider][et_pb_blurb content_max_width=&#8220;1100px&#8220; _builder_version=&#8220;4.27.0&#8243; body_font=&#8220;||||||||&#8220; body_font_size=&#8220;16px&#8220; background_size=&#8220;initial&#8220; background_position=&#8220;top_left&#8220; background_repeat=&#8220;repeat&#8220; custom_padding=&#8220;0px||5px|||&#8220; global_colors_info=&#8220;{}&#8220;]<\/p>\n<div class=\"page\" title=\"Page 1\">\n<div class=\"layoutArea\">\n<div class=\"column\">\u00a0<\/div>\n<\/div>\n<\/div>\n<div class=\"page\" style=\"text-align: center;\" title=\"Page 2\">Folge Xaguar Music auf Instagram und SoundCloud&#8230;<\/div>\n<div class=\"page\" style=\"text-align: center;\" title=\"Page 2\">\u00a0<\/div>\n<div class=\"page\" style=\"text-align: center;\" title=\"Page 2\">\u00a0<\/div>\n<p>[\/et_pb_blurb][et_pb_social_media_follow follow_button=&#8220;on&#8220; use_icon_font_size=&#8220;on&#8220; _builder_version=&#8220;4.27.0&#8243; _module_preset=&#8220;default&#8220; text_orientation=&#8220;center&#8220; global_colors_info=&#8220;{}&#8220;][et_pb_social_media_follow_network social_network=&#8220;instagram&#8220; url=&#8220;https:\/\/www.instagram.com\/xaguar_music\/&#8220; _builder_version=&#8220;4.27.0&#8243; _module_preset=&#8220;default&#8220; background_color=&#8220;#ea2c59&#8243; global_colors_info=&#8220;{}&#8220; follow_button=&#8220;on&#8220; url_new_window=&#8220;on&#8220;]instagram[\/et_pb_social_media_follow_network][et_pb_social_media_follow_network social_network=&#8220;soundcloud&#8220; url=&#8220;https:\/\/soundcloud.com\/xaguar_music%20&#8243; _builder_version=&#8220;4.27.0&#8243; _module_preset=&#8220;default&#8220; background_color=&#8220;#ff8800&#8243; global_colors_info=&#8220;{}&#8220; follow_button=&#8220;on&#8220; url_new_window=&#8220;on&#8220;]soundcloud[\/et_pb_social_media_follow_network][\/et_pb_social_media_follow][\/et_pb_column][\/et_pb_row][\/et_pb_section]<\/p>\n","protected":false},"excerpt":{"rendered":"<p>&#8211; Shamanic Cacao Dance Ceremony &#8211; mit Xaguar (aka Sanken Tsoma) &nbsp; Mit The Dance Of The Jaguar laden wir Dich zu einer Ecstatic Dance Ceremony mit der herz\u00f6ffnenden Medizin des Kakaos ein, welche von dem Medicine Man, DJ und Producer Xaguar. geleitet wird. In diesem Ceremonial Dance Ritual \u00f6ffnet Xaguar einen heiligen Raum der [&hellip;]<\/p>\n","protected":false},"author":1,"featured_media":0,"parent":0,"menu_order":0,"comment_status":"closed","ping_status":"closed","template":"","meta":{"_et_pb_use_builder":"on","_et_pb_old_content":"","_et_gb_content_width":"","footnotes":""},"class_list":["post-31754","page","type-page","status-publish","hentry"],"aioseo_notices":[],"_links":{"self":[{"href":"https:\/\/visiones.org\/de\/wp-json\/wp\/v2\/pages\/31754","targetHints":{"allow":["GET"]}}],"collection":[{"href":"https:\/\/visiones.org\/de\/wp-json\/wp\/v2\/pages"}],"about":[{"href":"https:\/\/visiones.org\/de\/wp-json\/wp\/v2\/types\/page"}],"author":[{"embeddable":true,"href":"https:\/\/visiones.org\/de\/wp-json\/wp\/v2\/users\/1"}],"replies":[{"embeddable":true,"href":"https:\/\/visiones.org\/de\/wp-json\/wp\/v2\/comments?post=31754"}],"version-history":[{"count":11,"href":"https:\/\/visiones.org\/de\/wp-json\/wp\/v2\/pages\/31754\/revisions"}],"predecessor-version":[{"id":31870,"href":"https:\/\/visiones.org\/de\/wp-json\/wp\/v2\/pages\/31754\/revisions\/31870"}],"wp:attachment":[{"href":"https:\/\/visiones.org\/de\/wp-json\/wp\/v2\/media?parent=31754"}],"curies":[{"name":"wp","href":"https:\/\/api.w.org\/{rel}","templated":true}]}}