{"id":5322,"date":"2019-04-23T19:18:30","date_gmt":"2019-04-23T19:18:30","guid":{"rendered":"http:\/\/visiones.org\/membership"},"modified":"2019-04-24T16:15:01","modified_gmt":"2019-04-24T16:15:01","slug":"membership","status":"publish","type":"page","link":"https:\/\/visiones.org\/de\/membership","title":{"rendered":"Mitgliedschaft"},"content":{"rendered":"<p>[et_pb_section fb_built=&#8220;1&#8243; _builder_version=&#8220;3.22.3&#8243; parallax=&#8220;on&#8220; custom_padding=&#8220;42px|0px|52px|0px|false|false&#8220; top_divider_color=&#8220;rgba(66,0,38,0.22)&#8220; top_divider_height=&#8220;220px&#8220; locked=&#8220;off&#8220;][et_pb_row custom_padding=&#8220;25px|0px|14px|0px|false|false&#8220; _builder_version=&#8220;3.22.3&#8243;][et_pb_column type=&#8220;4_4&#8243; _builder_version=&#8220;3.21.4&#8243;][et_pb_code _builder_version=&#8220;3.21.4&#8243;][\/et_pb_code][et_pb_blurb title=&#8220;Mitgliedschaftsantrag &#8211; Visiones Asociaci\u00f3n&#8220; content_max_width=&#8220;880px&#8220; _builder_version=&#8220;3.21.4&#8243; header_font=&#8220;Poiret One|700|||||||&#8220; header_text_align=&#8220;center&#8220; header_font_size=&#8220;35px&#8220; body_font=&#8220;||||||||&#8220; body_font_size=&#8220;16px&#8220; animation_style=&#8220;slide&#8220;][\/et_pb_blurb][et_pb_divider _builder_version=&#8220;3.21.4&#8243; animation_style=&#8220;roll&#8220;][\/et_pb_divider][et_pb_blurb content_max_width=&#8220;1100px&#8220; _builder_version=&#8220;3.22.4&#8243; header_font=&#8220;Poiret One|700|||||||&#8220; header_text_align=&#8220;center&#8220; header_font_size=&#8220;35px&#8220; body_font=&#8220;||||||||&#8220; body_font_size=&#8220;16px&#8220; animation_style=&#8220;slide&#8220;]<\/p>\n<p style=\"text-align: justify;\">Antrag um eine F\u00f6rdermitgliedschaft im Verein &#8222;Visiones &#8211; Verein zur Erforschung und Bewahrung von altem und neuen Wissen f\u00fcr die Entwicklung ganzheitlicher Wege der Bewusstseinsbildung im Einklang von Mensch, Tier und Natur&#8220;<\/p>\n<p style=\"text-align: justify;\">(Alle mit * gekennzeichneten Felder sind Pflichtfelder.)<\/p>\n<p style=\"text-align: justify;\">Solltest Du Fragen oder Probleme mit dem Antragsformular haben oder keine \u00a0Best\u00e4tigung nach dem Absenden des Antrags angezeigt bekommen, kontaktiere uns bitte unter: <a href=\"mailto:mail%20to: info@visiones.org\" target=\"_blank\" rel=\"noopener noreferrer\">info@visiones.org<\/a><\/p>\n<p>[\/et_pb_blurb][et_pb_code _builder_version=&#8220;3.22.4&#8243;]<div class=\"wpforms-container wpforms-container-full\" id=\"wpforms-5303\"><form id=\"wpforms-form-5303\" class=\"wpforms-validate wpforms-form\" data-formid=\"5303\" method=\"post\" enctype=\"multipart\/form-data\" action=\"\/de\/wp-json\/wp\/v2\/pages\/5322\" data-token=\"0fa05c6ceeb4d0301831b84ae6aebf67\" data-token-time=\"1775777429\"><noscript class=\"wpforms-error-noscript\">Bitte aktiviere JavaScript in deinem Browser, um dieses Formular fertigzustellen.<\/noscript><div class=\"wpforms-field-container\"><div id=\"wpforms-5303-field_9-container\" class=\"wpforms-field wpforms-field-name\" data-field-id=\"9\"><label class=\"wpforms-field-label\" for=\"wpforms-5303-field_9\">Name <span class=\"wpforms-required-label\">*<\/span><\/label><input type=\"text\" id=\"wpforms-5303-field_9\" class=\"wpforms-field-medium wpforms-field-required\" name=\"wpforms[fields][9]\" required><div class=\"wpforms-field-description\">Vor- und Nachname<\/div><\/div><div id=\"wpforms-5303-field_41-container\" class=\"wpforms-field wpforms-field-text\" data-field-id=\"41\"><label class=\"wpforms-field-label\" for=\"wpforms-5303-field_41\">Stadt <span class=\"wpforms-required-label\">*<\/span><\/label><input type=\"text\" id=\"wpforms-5303-field_41\" class=\"wpforms-field-medium wpforms-field-required\" name=\"wpforms[fields][41]\" required><div class=\"wpforms-field-description\">In welcher Stadt lebst Du momentan?<\/div><\/div><div id=\"wpforms-5303-field_42-container\" class=\"wpforms-field wpforms-field-text\" data-field-id=\"42\"><label class=\"wpforms-field-label\" for=\"wpforms-5303-field_42\">Land <span class=\"wpforms-required-label\">*<\/span><\/label><input type=\"text\" id=\"wpforms-5303-field_42\" class=\"wpforms-field-medium wpforms-field-required\" name=\"wpforms[fields][42]\" required><div class=\"wpforms-field-description\">In welchem Land lebst Du momentan?<\/div><\/div><div id=\"wpforms-5303-field_43-container\" class=\"wpforms-field wpforms-field-text\" data-field-id=\"43\"><label class=\"wpforms-field-label\" for=\"wpforms-5303-field_43\">Geburtsdatum <span class=\"wpforms-required-label\">*<\/span><\/label><input type=\"text\" id=\"wpforms-5303-field_43\" class=\"wpforms-field-medium wpforms-field-required\" name=\"wpforms[fields][43]\" required><\/div><div id=\"wpforms-5303-field_3-container\" class=\"wpforms-field wpforms-field-email\" data-field-id=\"3\"><label class=\"wpforms-field-label\" for=\"wpforms-5303-field_3\">E-Mail <span class=\"wpforms-required-label\">*<\/span><\/label><input type=\"email\" id=\"wpforms-5303-field_3\" class=\"wpforms-field-medium wpforms-field-required\" name=\"wpforms[fields][3]\" spellcheck=\"false\" required><\/div><div id=\"wpforms-5303-field_47-container\" class=\"wpforms-field wpforms-field-text\" data-field-id=\"47\"><label class=\"wpforms-field-label\" for=\"wpforms-5303-field_47\">Handynummer <span class=\"wpforms-required-label\">*<\/span><\/label><input type=\"text\" id=\"wpforms-5303-field_47\" class=\"wpforms-field-medium wpforms-field-required wpforms-masked-input\" data-rule-inputmask-incomplete=\"1\" data-inputmask-mask=\"(+99) 999999999999999\" name=\"wpforms[fields][47]\" required><\/div><div id=\"wpforms-5303-field_44-container\" class=\"wpforms-field wpforms-field-text\" data-field-id=\"44\"><label class=\"wpforms-field-label\" for=\"wpforms-5303-field_44\">Datum des Mitgliedschaftsantrages <span class=\"wpforms-required-label\">*<\/span><\/label><input type=\"text\" id=\"wpforms-5303-field_44\" class=\"wpforms-field-medium wpforms-field-required\" name=\"wpforms[fields][44]\" required><div class=\"wpforms-field-description\">Heutiges Datum<\/div><\/div><div id=\"wpforms-5303-field_36-container\" class=\"wpforms-field wpforms-field-textarea\" data-field-id=\"36\"><label class=\"wpforms-field-label\" for=\"wpforms-5303-field_36\">Weitere Informationen<\/label><textarea id=\"wpforms-5303-field_36\" class=\"wpforms-field-medium\" name=\"wpforms[fields][36]\" ><\/textarea><div class=\"wpforms-field-description\">Falls Du uns noch etwas mitteilen m\u00f6chtest...<\/div><\/div><div id=\"wpforms-5303-field_46-container\" class=\"wpforms-field wpforms-field-radio\" data-field-id=\"46\"><label class=\"wpforms-field-label\">F\u00f6rdermitgliedschaft Verein Visiones Asociaci\u00f3n <span class=\"wpforms-required-label\">*<\/span><\/label><ul id=\"wpforms-5303-field_46\" class=\"wpforms-field-required\"><li class=\"choice-1 depth-1\"><input type=\"radio\" id=\"wpforms-5303-field_46_1\" name=\"wpforms[fields][46]\" value=\"1-j\u00e4hrige F\u00f6rdermitgliedschaft (endet am 31. Dezember diesen Jahres) - einmalig \u20ac 33,-\" required ><label class=\"wpforms-field-label-inline\" for=\"wpforms-5303-field_46_1\">1-j\u00e4hrige F\u00f6rdermitgliedschaft (endet am 31. Dezember diesen Jahres) - einmalig \u20ac 33,-<\/label><\/li><li class=\"choice-2 depth-1\"><input type=\"radio\" id=\"wpforms-5303-field_46_2\" name=\"wpforms[fields][46]\" value=\"1-j\u00e4hrige F\u00f6rdermitgliedschaft mit automatischer j\u00e4hrlicher Verl\u00e4ngerung - \u20ac 33,- pro Jahr\" required ><label class=\"wpforms-field-label-inline\" for=\"wpforms-5303-field_46_2\">1-j\u00e4hrige F\u00f6rdermitgliedschaft mit automatischer j\u00e4hrlicher Verl\u00e4ngerung - \u20ac 33,- pro Jahr<\/label><\/li><\/ul><div class=\"wpforms-field-description\">Um an unseren Retreats und Zeremonien teilzunehmen, ist es gesetzlich notwendig, Mitglied in unserem Verein \"Visiones\" zu werden.\r\nDu kannst zwischen einer F\u00f6rdermitgliedschaft f\u00fcr ein Jahr ohne automatische Verl\u00e4ngerung oder einer F\u00f6rdermitgliedschaft f\u00fcr ein Jahr mit automatischer Verl\u00e4ngerung w\u00e4hlen.\r\nDie F\u00f6rdermitgliedschaft l\u00e4uft immer bis zum 31. Dezember des laufenden Kalenderjahres und je nach gew\u00fcnschter Option endet die Mitgliedschaft automatisch am 31. Dezember diesen Jahres oder verl\u00e4ngert sich am kommenden 01. Januar automatisch bis zur Beendigung der Mitgliedschaft.\r\nWenn Du Dich f\u00fcr eines unserer Retreats anmeldest, is es auch eine kostenfreie Kurzzeit-Mitgliedschaft f\u00fcr 22 Tage m\u00f6glich. <\/div><\/div><div id=\"wpforms-5303-field_28-container\" class=\"wpforms-field wpforms-field-checkbox\" data-field-id=\"28\"><label class=\"wpforms-field-label\">AGB\u00b4s (Allgemeine Gesch\u00e4ftsbedingungen) <span class=\"wpforms-required-label\">*<\/span><\/label><ul id=\"wpforms-5303-field_28\" class=\"wpforms-field-required\" data-choice-limit=\"1\"><li class=\"choice-1 depth-1\"><input type=\"checkbox\" id=\"wpforms-5303-field_28_1\" data-rule-check-limit=\"true\" name=\"wpforms[fields][28][]\" value=\"Ja, ich habe die AGB\u00b4s (Allgemeine Gesch\u00e4ftsbedingungen) gelesen und akzeptiert\" required ><label class=\"wpforms-field-label-inline\" for=\"wpforms-5303-field_28_1\">Ja, ich habe die AGB\u00b4s (Allgemeine Gesch\u00e4ftsbedingungen) gelesen und akzeptiert<\/label><\/li><\/ul><div class=\"wpforms-field-description\">Bitte best\u00e4tige, dass Du unsere Allgemeinen Gesch\u00e4ftsbedingungen gelesen und akzeptiert haben. Du findest unsere AGB\u00b4s in dem Link weiter unten.<\/div><\/div><div id=\"wpforms-5303-field_45-container\" class=\"wpforms-field wpforms-field-checkbox\" data-field-id=\"45\"><label class=\"wpforms-field-label\">Datenschutzbestimmungen <span class=\"wpforms-required-label\">*<\/span><\/label><ul id=\"wpforms-5303-field_45\" class=\"wpforms-field-required\"><li class=\"choice-1 depth-1\"><input type=\"checkbox\" id=\"wpforms-5303-field_45_1\" name=\"wpforms[fields][45][]\" value=\"Ja, ich akzeptiere die Datenschutzbestimmungen\" required ><label class=\"wpforms-field-label-inline\" for=\"wpforms-5303-field_45_1\">Ja, ich akzeptiere die Datenschutzbestimmungen<\/label><\/li><\/ul><div class=\"wpforms-field-description\">Bitte best\u00e4tige, dass Du unsere Datenschutzbestimmungen akzeptierst. Du findest unsere Datenschutzbestimmungen in dem Link weiter unten.<\/div><\/div><\/div><!-- .wpforms-field-container --><div class=\"wpforms-field wpforms-field-hp\"><label for=\"wpforms-5303-field-hp\" class=\"wpforms-field-label\">Name<\/label><input type=\"text\" name=\"wpforms[hp]\" id=\"wpforms-5303-field-hp\" class=\"wpforms-field-medium\"><\/div><div class=\"wpforms-submit-container\" ><input type=\"hidden\" name=\"wpforms[id]\" value=\"5303\"><input type=\"hidden\" name=\"page_title\" value=\"\"><input type=\"hidden\" name=\"page_url\" value=\"https:\/\/visiones.org\/de\/wp-json\/wp\/v2\/pages\/5322\"><input type=\"hidden\" name=\"url_referer\" value=\"\"><button type=\"submit\" name=\"wpforms[submit]\" id=\"wpforms-submit-5303\" class=\"wpforms-submit\" data-alt-text=\"Sendet...\" data-submit-text=\"Senden\" aria-live=\"assertive\" value=\"wpforms-submit\">Senden<\/button><\/div><\/form><\/div>  <!-- .wpforms-container -->[\/et_pb_code][et_pb_code _builder_version=&#8220;3.21.4&#8243; custom_margin=&#8220;||&#8220; custom_padding=&#8220;||1px&#8220;][\/et_pb_code][et_pb_divider _builder_version=&#8220;3.21.4&#8243; animation_style=&#8220;roll&#8220;][\/et_pb_divider][\/et_pb_column][\/et_pb_row][et_pb_row custom_padding=&#8220;20px|0px|61px|0px|false|false&#8220; _builder_version=&#8220;3.22.3&#8243;][et_pb_column type=&#8220;1_3&#8243; _builder_version=&#8220;3.21.4&#8243;][et_pb_button button_url=&#8220;http:\/\/visiones.org\/de\/statuten&#8220; url_new_window=&#8220;on&#8220; button_text=&#8220;Vereinsstatuten&#8220; button_alignment=&#8220;right&#8220; _builder_version=&#8220;3.21.4&#8243; custom_button=&#8220;on&#8220; button_text_color=&#8220;#6b6b6b&#8220; button_bg_color=&#8220;#e8e8e8&#8243; button_border_width=&#8220;1px&#8220; button_border_color=&#8220;#8f8f8f&#8220; button_border_radius=&#8220;0px&#8220; button_font=&#8220;||||||||&#8220; button_icon=&#8220;%%147%%&#8220; button_letter_spacing__hover_enabled=&#8220;on&#8220; button_letter_spacing__hover=&#8220;0px&#8220;][\/et_pb_button][\/et_pb_column][et_pb_column type=&#8220;1_3&#8243; _builder_version=&#8220;3.21.4&#8243;][et_pb_button button_url=&#8220;http:\/\/visiones.org\/de\/agbs&#8220; url_new_window=&#8220;on&#8220; button_text=&#8220;AGB\u00b4s&#8220; button_alignment=&#8220;center&#8220; _builder_version=&#8220;3.21.4&#8243; custom_button=&#8220;on&#8220; button_text_color=&#8220;#6b6b6b&#8220; button_bg_color=&#8220;#e8e8e8&#8243; button_border_width=&#8220;1px&#8220; button_border_color=&#8220;#8f8f8f&#8220; button_border_radius=&#8220;0px&#8220; button_font=&#8220;||||||||&#8220; button_icon=&#8220;%%147%%&#8220; custom_margin=&#8220;|||7px&#8220; button_letter_spacing__hover_enabled=&#8220;on&#8220; button_letter_spacing__hover=&#8220;0px&#8220;][\/et_pb_button][\/et_pb_column][et_pb_column type=&#8220;1_3&#8243; _builder_version=&#8220;3.21.4&#8243;][et_pb_button button_url=&#8220;http:\/\/visiones.org\/de\/datenschutzbestimmungen&#8220; url_new_window=&#8220;on&#8220; button_text=&#8220;Datenschutzbestimmungen&#8220; button_alignment=&#8220;left&#8220; _builder_version=&#8220;3.21.4&#8243; custom_button=&#8220;on&#8220; button_text_color=&#8220;#6b6b6b&#8220; button_bg_color=&#8220;#e8e8e8&#8243; button_border_width=&#8220;1px&#8220; button_border_color=&#8220;#8f8f8f&#8220; button_border_radius=&#8220;0px&#8220; button_font=&#8220;||||||||&#8220; button_icon=&#8220;%%147%%&#8220; button_letter_spacing__hover_enabled=&#8220;on&#8220; button_letter_spacing__hover=&#8220;0px&#8220;][\/et_pb_button][\/et_pb_column][\/et_pb_row][et_pb_row custom_padding=&#8220;0|0px|27px|0px|false|false&#8220; _builder_version=&#8220;3.22.3&#8243;][et_pb_column type=&#8220;4_4&#8243; _builder_version=&#8220;3.21.4&#8243;][et_pb_divider _builder_version=&#8220;3.21.4&#8243;][\/et_pb_divider][\/et_pb_column][\/et_pb_row][\/et_pb_section]<\/p>\n","protected":false},"excerpt":{"rendered":"<p>Antrag um eine F\u00f6rdermitgliedschaft im Verein &#8222;Visiones &#8211; Verein zur Erforschung und Bewahrung von altem und neuen Wissen f\u00fcr die Entwicklung ganzheitlicher Wege der Bewusstseinsbildung im Einklang von Mensch, Tier und Natur&#8220; (Alle mit * gekennzeichneten Felder sind Pflichtfelder.) Solltest Du Fragen oder Probleme mit dem Antragsformular haben oder keine \u00a0Best\u00e4tigung nach dem Absenden des [&hellip;]<\/p>\n","protected":false},"author":1,"featured_media":0,"parent":0,"menu_order":0,"comment_status":"closed","ping_status":"closed","template":"","meta":{"_et_pb_use_builder":"on","_et_pb_old_content":"","_et_gb_content_width":"","footnotes":""},"class_list":["post-5322","page","type-page","status-publish","hentry"],"aioseo_notices":[],"_links":{"self":[{"href":"https:\/\/visiones.org\/de\/wp-json\/wp\/v2\/pages\/5322","targetHints":{"allow":["GET"]}}],"collection":[{"href":"https:\/\/visiones.org\/de\/wp-json\/wp\/v2\/pages"}],"about":[{"href":"https:\/\/visiones.org\/de\/wp-json\/wp\/v2\/types\/page"}],"author":[{"embeddable":true,"href":"https:\/\/visiones.org\/de\/wp-json\/wp\/v2\/users\/1"}],"replies":[{"embeddable":true,"href":"https:\/\/visiones.org\/de\/wp-json\/wp\/v2\/comments?post=5322"}],"version-history":[{"count":10,"href":"https:\/\/visiones.org\/de\/wp-json\/wp\/v2\/pages\/5322\/revisions"}],"predecessor-version":[{"id":5807,"href":"https:\/\/visiones.org\/de\/wp-json\/wp\/v2\/pages\/5322\/revisions\/5807"}],"wp:attachment":[{"href":"https:\/\/visiones.org\/de\/wp-json\/wp\/v2\/media?parent=5322"}],"curies":[{"name":"wp","href":"https:\/\/api.w.org\/{rel}","templated":true}]}}