{"id":5512,"date":"2019-04-24T03:58:35","date_gmt":"2019-04-24T03:58:35","guid":{"rendered":"http:\/\/visiones.org\/impressum-legal-notice"},"modified":"2023-07-31T22:44:06","modified_gmt":"2023-07-31T22:44:06","slug":"impressum-legal-notice","status":"publish","type":"page","link":"https:\/\/visiones.org\/de\/impressum-legal-notice","title":{"rendered":"Impressum"},"content":{"rendered":"<p>[et_pb_section fb_built=&#8220;1&#8243; admin_label=&#8220;section&#8220; _builder_version=&#8220;4.16&#8243; background_color=&#8220;rgba(255,255,255,0)&#8220; da_disable_devices=&#8220;off|off|off&#8220; transparent_background=&#8220;on&#8220; global_colors_info=&#8220;{}&#8220; da_is_popup=&#8220;off&#8220; da_exit_intent=&#8220;off&#8220; da_has_close=&#8220;on&#8220; da_alt_close=&#8220;off&#8220; da_dark_close=&#8220;off&#8220; da_not_modal=&#8220;on&#8220; da_is_singular=&#8220;off&#8220; da_with_loader=&#8220;off&#8220; da_has_shadow=&#8220;on&#8220;][et_pb_row admin_label=&#8220;row&#8220; _builder_version=&#8220;4.16&#8243; background_size=&#8220;initial&#8220; background_position=&#8220;top_left&#8220; background_repeat=&#8220;repeat&#8220; custom_padding=&#8220;50px|0px|27px|0px|false|false&#8220; global_colors_info=&#8220;{}&#8220;][et_pb_column type=&#8220;4_4&#8243; _builder_version=&#8220;4.16&#8243; custom_padding=&#8220;|||&#8220; global_colors_info=&#8220;{}&#8220; custom_padding__hover=&#8220;|||&#8220;][et_pb_text _builder_version=&#8220;4.16&#8243; header_3_font=&#8220;|600|||||||&#8220; header_3_font_size=&#8220;30px&#8220; custom_margin=&#8220;||4px&#8220; global_colors_info=&#8220;{}&#8220;]<\/p>\n<div class=\"et_pb_text_inner\">\n<h3 style=\"text-align: center;\"><strong>Impressum<\/strong><\/h3>\n<\/div>\n<p>[\/et_pb_text][et_pb_divider _builder_version=&#8220;4.16&#8243; max_width=&#8220;81%&#8220; module_alignment=&#8220;center&#8220; custom_margin=&#8220;||-45px&#8220; global_colors_info=&#8220;{}&#8220;][\/et_pb_divider][et_pb_blurb content_max_width=&#8220;1100px&#8220; _builder_version=&#8220;4.17.1&#8243; hover_enabled=&#8220;0&#8243; global_colors_info=&#8220;{}&#8220; sticky_enabled=&#8220;0&#8243;]<\/p>\n<div class=\"et_pb_row et_pb_row_0\">\n<div class=\"et_pb_column et_pb_column_4_4 et_pb_column_0 et_pb_css_mix_blend_mode_passthrough et-last-child\">\n<div class=\"et_pb_module et_pb_text et_pb_text_0 et_pb_bg_layout_light et_pb_text_align_left\">\n<div class=\"et_pb_text_inner\"><\/div>\n<div class=\"et_pb_text_inner\">\n<p><strong>Visiones &#8211;\u00a0Verein zur Erforschung und Bewahrung von altem und neuen Wissen f\u00fcr die\u00a0Entwicklung ganzheitlicher Wege der Bewusstwerdung im Einklang von Mensch, Tier und\u00a0Natur<\/strong><\/p>\n<p><span style=\"text-decoration: underline;\">Vereinssitz:<\/span><br \/>Im R\u00f6seln 1<br \/>3470 Kirchberg am Wagram<br \/>Austria<\/p>\n<p><span style=\"text-decoration: underline;\">Vereinsniederlassung:<\/span><br \/>Andalusien, Provinz C\u00e1diz<br \/>Spanien<\/p>\n<p><a href=\"mailto:office@visiones.org\" target=\"_blank\" rel=\"noopener noreferrer\">office@visiones.org<\/a><br \/><a href=\"http:\/\/www.visiones.org\">www.visiones.org<\/a><\/p>\n<p><span><span style=\"text-decoration: underline;\">Bank Verbindung:<\/span><br \/><\/span>Inhaber: \u00a0Visiones<br \/>IBAN: \u00a0 \u00a0\u00a0 \u00a0FI04 7997 7993 6669 52<br \/>BIC: \u00a0 \u00a0 \u00a0 \u00a0 \u00a0HOLVFIHH<br \/>Bank: \u00a0 \u00a0 \u00a0 Holvi<\/p>\n<p>____________________________________________________<\/p>\n<p><span style=\"text-decoration: underline;\">Webdesign:<\/span><br \/>Arco Iris \u2013 Vision Arts<br \/><a href=\"mailto:info@arco-iris-visionarts.com\">info@arco-iris-visionarts.com<\/a><br \/><a href=\"http:\/\/www.arcoiris-visionarts.com\">www.arcoiris-visionarts.com<\/a><\/p>\n<p>____________________________________________________<\/p>\n<p><span style=\"text-decoration: underline;\">Fotos auf der Homepage:<\/span><br \/>Foto &#8218;Sun Halo&#8216; Landingpage von Magnus Edb\u00e4ck<br \/><a href=\"https:\/\/www.astrobin.com\/users\/Magnusedback\/\" target=\"_blank\" rel=\"noopener noreferrer\">www.astrobin.com\/users\/Magnusedback<\/a><\/p>\n<p>Potrait Fotos von\u00a0Greta Martensen<br \/><a href=\"https:\/\/www.facebook.com\/greta.martensen\" target=\"_blank\" rel=\"noopener noreferrer\">www.facebook.com\/greta.martensen<\/a><\/p>\n<p>Flyer<br \/><a href=\"http:\/\/www.arcoiris-visionarts.com\">www.arcoiris-visionarts.com<\/a><\/p>\n<p><span style=\"text-decoration: underline;\">____________________________________________________<\/span><\/p>\n<p><span style=\"text-decoration: underline;\">Verantwortlich f\u00fcr den Inhalt der Homepage:<\/span><span class=\"Apple-converted-space\"><br \/><\/span>Verein Visiones<\/p>\n<\/div>\n<\/div>\n<\/div>\n<\/div>\n<p>[\/et_pb_blurb][et_pb_divider _builder_version=&#8220;4.16&#8243; max_width=&#8220;81%&#8220; module_alignment=&#8220;center&#8220; custom_margin=&#8220;-28px||-37px&#8220; global_colors_info=&#8220;{}&#8220;][\/et_pb_divider][et_pb_blurb content_max_width=&#8220;1100px&#8220; _builder_version=&#8220;4.16&#8243; global_colors_info=&#8220;{}&#8220;]<\/p>\n<div class=\"et_pb_row et_pb_row_0\">\n<div class=\"et_pb_column et_pb_column_4_4 et_pb_column_0 et_pb_css_mix_blend_mode_passthrough et-last-child\">\n<div class=\"et_pb_module et_pb_text et_pb_text_0 et_pb_bg_layout_light et_pb_text_align_left\">\n<div class=\"et_pb_text_inner\"><span style=\"text-decoration: underline;\">Internet Disclaimer\/Haftungsausschlu\u00df<\/span><\/div>\n<\/div>\n<div class=\"et_pb_module et_pb_text et_pb_text_1 et_pb_bg_layout_light et_pb_text_align_left\">\n<div class=\"et_pb_text_inner\">\n<p>Wir begr\u00fc\u00dfen jeden Interessierten auf unserer Homepage.<\/p>\n<p>Wir weisen darauf hin, dass sich diese Homepage und s\u00e4mtliche Informationen auf der Homepage nach deutschem Recht richtet. Jeder Benutzer, welcher \u00fcber diesen Disclaimer hinweggeht, um auf unseren einzelnen Seiten Zugriff zu nehmen, erkennt mit dem Weiterbl\u00e4ttern der Seite an, dass sich die Beziehung zwischen ihm und uns ausschlie\u00dflich nach deutschem Recht richtet.<\/p>\n<p>Vorsorglich weisen wir darauf hin, dass die von uns abgegebenen Informationen auf der Homepage nicht genutzt werden k\u00f6nnen, um Krankheiten oder Leiden selbst zu erkennen und therapieren.<\/p>\n<p>F\u00fcr die Vollst\u00e4ndigkeit oder Richtigkeit der Informationen auf dieser Homepage k\u00f6nnen wir keine Garantie \u00fcbernehmen.<\/p>\n<p>Wir k\u00f6nnen nicht ausschlie\u00dfen, da\u00df unsere Internetseiten auch Informationen durch Dritte aufweisen. F\u00fcr diese Informationen k\u00f6nnen wir keine Haftung \u00fcbernehmen.<\/p>\n<p>S\u00e4mtliche Texte und Grafiken auf unseren Homepages sind urheberrechtlich oder durch sonstige Schutzrechte gesch\u00fctzt. Der Gebrauch oder die Vervielf\u00e4ltigung dieser Grafiken und Texte ist ohne die vorherige schriftliche Genehmigung durch uns nicht gestattet. Insbesondere werden wir es nicht gestatten, da\u00df Produktbezeichnungen, welche grunds\u00e4tzlich Markenschutz genie\u00dfen, von Dritten gebraucht werden.<\/p>\n<p>Um die Internetseite aktuell halten zu k\u00f6nnen, werden wir selbstverst\u00e4ndlich die Texte gegebenenfalls \u00e4ndern und\/oder erg\u00e4nzen. Eine Haftung aus dem Inhalt der Internetseiten ergibt sich nicht.<\/p>\n<p>&nbsp;<\/p>\n<p><span style=\"text-decoration: underline;\">Haftung f\u00fcr Inhalte<\/span><\/p>\n<p>Die Inhalte unserer Seiten wurden mit gr\u00f6\u00dfter Sorgfalt erstellt. F\u00fcr die Richtigkeit, Vollst\u00e4ndigkeit und Aktualit\u00e4t der Inhalte k\u00f6nnen wir jedoch keine Gew\u00e4hr \u00fcbernehmen. Als Diensteanbieter sind wir gem\u00e4\u00df \u00a7 7 Abs.1 TMG f\u00fcr eigene Inhalte auf diesen Seiten nach den allgemeinen Gesetzen verantwortlich. Nach \u00a7\u00a7 8 bis 10 TMG sind wir als Diensteanbieter jedoch nicht verpflichtet \u00fcbermittelte oder gespeicherte fremde Informationen zu \u00fcberwachen oder nach Umst\u00e4nden zu forschen, die auf eine rechtswidrige T\u00e4tigkeit hinweisen. Verpflichtungen zur Entfernung oder Sperrung der Nutzung von Informationen nach den allgemeinen Gesetzen bleiben hiervon unber\u00fchrt. Eine diesbez\u00fcgliche Haftung ist jedoch erst ab dem Zeitpunkt der Kenntnis einer konkreten Rechtsverletzung m\u00f6glich. Bei Bekanntwerden von entsprechenden Rechtsverletzungen werden wir diese Inhalte umgehend entfernen.<\/p>\n<p><b><br \/>\n<\/b><span style=\"text-decoration: underline;\">Haftung f\u00fcr Links<\/span><\/p>\n<p>Unser Angebot enth\u00e4lt Links zu externen Webseiten Dritter, auf deren Inhalte wir keinen Einfluss haben. Deshalb k\u00f6nnen wir f\u00fcr diese fremden Inhalte auch keine Gew\u00e4hr \u00fcbernehmen. F\u00fcr die Inhalte der verlinkten Seiten ist stets der jeweilige Anbieter\u00a0oder Betreiber der Seiten verantwortlich. Die verlinkten Seiten wurden zum Zeitpunkt der Verlinkung auf m\u00f6gliche Rechtsverst\u00f6\u00dfe \u00fcberpr\u00fcft. Rechtswidrige Inhalte waren zum Zeitpunkt der Verlinkung nicht erkennbar. Eine permanente inhaltliche Kontrolle der verlinkten Seiten ist jedoch ohne konkrete Anhaltspunkte einer Rechtsverletzung nicht zumutbar. Bei Bekanntwerden von Rechtsverletzungen werden wir derartige Links umgehend entfernen.<\/p>\n<p><b><br \/>\n<\/b><span style=\"text-decoration: underline;\">Urheberrecht<\/span><\/p>\n<p>Die durch die Seitenbetreiber erstellten Inhalte und Werke auf diesen Seiten unterliegen dem deutschen Urheberrecht. Die Vervielf\u00e4ltigung, Bearbeitung\u00a0Verbreitung und jede Art der Verwertung au\u00dferhalb der Grenzen des Urheberrechtes bed\u00fcrfen der schriftlichen Zustimmung des jeweiligen Autors bzw. Erstellers. Downloads und Kopien dieser Seite sind nur f\u00fcr den privaten, nicht kommerziellen Gebrauch gestattet. Soweit die Inhalte auf dieser Seite nicht vom Betreiber erstellt wurden, werden die Urheberrechte Dritter beachtet. Insbesondere werden Inhalte Dritter als solche gekennzeichnet. Sollten Sie trotzdem auf eine Urheberrechtsverletzung aufmerksam werden, bitten wir um einen entsprechenden Hinweis. Bei Bekanntwerden von Rechtsverletzungen werden wir derartige Inhalte umgehend entfernen.<\/p>\n<p><b><br \/>\n<\/b><span style=\"text-decoration: underline;\">Missbrauch melden<\/span><\/p>\n<p>Falls Sie Inhalte gefunden haben, die gegen geltendes Recht versto\u00dfen oder moralisch anst\u00f6\u00dfig sind, informieren Sie uns bitte \u00fcber\u00a0<a href=\"mailto:office@visiones.org\" target=\"_blank\" rel=\"noopener noreferrer\">office@visiones.org<\/a><\/p>\n<div id=\"primary-nav\" class=\"navbar-collapse collapse navbar-responsive-collapse\"><\/div>\n<div class=\"navbar-collapse collapse navbar-responsive-collapse\"><\/div>\n<div id=\"s3-well\" class=\"well s3-valid\" style=\"display: block;\">\n<div class=\"s3-t s3-t0\" style=\"display: block;\"><\/div>\n<\/div>\n<\/div>\n<\/div>\n<\/div>\n<\/div>\n<p>[\/et_pb_blurb][et_pb_divider _builder_version=&#8220;4.16&#8243; max_width=&#8220;81%&#8220; module_alignment=&#8220;center&#8220; custom_margin=&#8220;||-8px&#8220; global_colors_info=&#8220;{}&#8220;][\/et_pb_divider][\/et_pb_column][\/et_pb_row][\/et_pb_section]<\/p>\n","protected":false},"excerpt":{"rendered":"<p>Impressum Visiones &#8211;\u00a0Verein zur Erforschung und Bewahrung von altem und neuen Wissen f\u00fcr die\u00a0Entwicklung ganzheitlicher Wege der Bewusstwerdung im Einklang von Mensch, Tier und\u00a0Natur Vereinssitz:Im R\u00f6seln 13470 Kirchberg am WagramAustria Vereinsniederlassung:Andalusien, Provinz C\u00e1dizSpanien office@visiones.orgwww.visiones.org Bank Verbindung:Inhaber: \u00a0VisionesIBAN: \u00a0 \u00a0\u00a0 \u00a0FI04 7997 7993 6669 52BIC: \u00a0 \u00a0 \u00a0 \u00a0 \u00a0HOLVFIHHBank: \u00a0 \u00a0 \u00a0 Holvi ____________________________________________________ Webdesign:Arco [&hellip;]<\/p>\n","protected":false},"author":1,"featured_media":0,"parent":0,"menu_order":0,"comment_status":"closed","ping_status":"closed","template":"","meta":{"_et_pb_use_builder":"on","_et_pb_old_content":"","_et_gb_content_width":"","footnotes":""},"class_list":["post-5512","page","type-page","status-publish","hentry"],"aioseo_notices":[],"_links":{"self":[{"href":"https:\/\/visiones.org\/de\/wp-json\/wp\/v2\/pages\/5512","targetHints":{"allow":["GET"]}}],"collection":[{"href":"https:\/\/visiones.org\/de\/wp-json\/wp\/v2\/pages"}],"about":[{"href":"https:\/\/visiones.org\/de\/wp-json\/wp\/v2\/types\/page"}],"author":[{"embeddable":true,"href":"https:\/\/visiones.org\/de\/wp-json\/wp\/v2\/users\/1"}],"replies":[{"embeddable":true,"href":"https:\/\/visiones.org\/de\/wp-json\/wp\/v2\/comments?post=5512"}],"version-history":[{"count":8,"href":"https:\/\/visiones.org\/de\/wp-json\/wp\/v2\/pages\/5512\/revisions"}],"predecessor-version":[{"id":29686,"href":"https:\/\/visiones.org\/de\/wp-json\/wp\/v2\/pages\/5512\/revisions\/29686"}],"wp:attachment":[{"href":"https:\/\/visiones.org\/de\/wp-json\/wp\/v2\/media?parent=5512"}],"curies":[{"name":"wp","href":"https:\/\/api.w.org\/{rel}","templated":true}]}}