{"id":5529,"date":"2019-04-24T04:35:11","date_gmt":"2019-04-24T04:35:11","guid":{"rendered":"http:\/\/visiones.org\/datenschutzbestimmungen"},"modified":"2019-04-24T12:12:13","modified_gmt":"2019-04-24T12:12:13","slug":"datenschutzbestimmungen","status":"publish","type":"page","link":"https:\/\/visiones.org\/de\/datenschutzbestimmungen","title":{"rendered":"Datenschutzbestimmungen"},"content":{"rendered":"<p>[et_pb_section fb_built=&#8220;1&#8243; _builder_version=&#8220;3.0.47&#8243;][et_pb_row custom_padding=&#8220;50px|0px|27px|1px|false|false&#8220; admin_label=&#8220;row&#8220; _builder_version=&#8220;3.0.47&#8243; background_size=&#8220;initial&#8220; background_position=&#8220;top_left&#8220; background_repeat=&#8220;repeat&#8220; locked=&#8220;off&#8220;][et_pb_column type=&#8220;4_4&#8243; _builder_version=&#8220;3.0.47&#8243;][et_pb_text _builder_version=&#8220;3.21.4&#8243; header_3_font=&#8220;|600|||||||&#8220; header_3_font_size=&#8220;30px&#8220; custom_margin=&#8220;||4px&#8220;]<\/p>\n<div class=\"et_pb_text_inner\">\n<h3 style=\"text-align: center;\">Datenschutzbestimmungen<\/h3>\n<\/div>\n<p>[\/et_pb_text][et_pb_divider _builder_version=&#8220;3.21.4&#8243; module_alignment=&#8220;center&#8220; custom_margin=&#8220;||7px&#8220;][\/et_pb_divider][et_pb_blurb content_max_width=&#8220;1100px&#8220; _builder_version=&#8220;3.21.4&#8243; background_size=&#8220;initial&#8220; background_position=&#8220;top_left&#8220; background_repeat=&#8220;repeat&#8220;]<\/p>\n<div class=\"page\" title=\"Page 8\">\n<div class=\"layoutArea\">\n<div class=\"column\">\n<div id=\"gt-res-c\" class=\"g-unit\">\n<div id=\"gt-res-p\">\n<div id=\"gt-res-data\">\n<div id=\"gt-res-wrap\">\n<div id=\"gt-res-content\">\n<div id=\"gt-res-dir-ctr\" class=\"trans-verified-button-small\" dir=\"ltr\" style=\"text-align: justify;\">\n<p><strong>Allgemeiner Hinweis und Pflichtinformationen<\/strong><\/p>\n<\/div>\n<\/div>\n<\/div>\n<div class=\"s3-t s3-t0\">\n<p><strong>Benennung der verantwortlichen Stelle<\/strong><\/p>\n<p>Die verantwortliche Stelle f\u00fcr die Datenverarbeitung auf dieser Website ist:<\/p>\n<p><span title=\"Schule der Mysterien \">Visiones Asociaci\u00f3n<br \/>\n<\/span>Im R\u00f6seln 1<br \/>\n3470 Kirchberg am Wagram<br \/>\nAustria<\/p>\n<p>Die verantwortliche Stelle entscheidet allein oder gemeinsam mit anderen \u00fcber die Zwecke und Mittel der Verarbeitung von personenbezogenen Daten (z.B. Namen, Kontaktdaten o. \u00c4.).<\/p>\n<p><strong>Widerruf Ihrer Einwilligung zur Datenverarbeitung<\/strong><\/p>\n<p>Nur mit Ihrer ausdr\u00fccklichen Einwilligung sind einige Vorg\u00e4nge der Datenverarbeitung m\u00f6glich. Ein Widerruf Ihrer bereits erteilten Einwilligung ist jederzeit m\u00f6glich. F\u00fcr den Widerruf gen\u00fcgt eine formlose Mitteilung per E-Mail. Die Rechtm\u00e4\u00dfigkeit der bis zum Widerruf erfolgten Datenverarbeitung bleibt vom Widerruf unber\u00fchrt.<\/p>\n<p><strong>Recht auf Beschwerde bei der zust\u00e4ndigen Aufsichtsbeh\u00f6rde<\/strong><\/p>\n<p>Als Betroffener steht Ihnen im Falle eines datenschutzrechtlichen Versto\u00dfes ein Beschwerderecht bei der zust\u00e4ndigen Aufsichtsbeh\u00f6rde zu. Zust\u00e4ndige Aufsichtsbeh\u00f6rde bez\u00fcglich datenschutzrechtlicher Fragen ist der Landesdatenschutzbeauftragte des Bundeslandes, in dem sich der Sitz unseres Unternehmens befindet. Der folgende Link stellt eine Liste der Datenschutzbeauftragten sowie deren Kontaktdaten bereit: <a href=\"https:\/\/www.bfdi.bund.de\/DE\/Infothek\/Anschriften_Links\/anschriften_links-node.html\" target=\"_blank\" rel=\"noopener noreferrer\">https:\/\/www.bfdi.bund.de\/DE\/Infothek\/Anschriften_Links\/anschriften_links-node.html<\/a>.<\/p>\n<p><strong>Recht auf Daten\u00fcbertragbarkeit<\/strong><\/p>\n<p>Ihnen steht das Recht zu, Daten, die wir auf Grundlage Ihrer Einwilligung oder in Erf\u00fcllung eines Vertrags automatisiert verarbeiten, an sich oder an Dritte aush\u00e4ndigen zu lassen. Die Bereitstellung erfolgt in einem maschinenlesbaren Format. Sofern Sie die direkte \u00dcbertragung der Daten an einen anderen Verantwortlichen verlangen, erfolgt dies nur, soweit es technisch machbar ist.<\/p>\n<p><strong>Recht auf Auskunft, Berichtigung, Sperrung, L\u00f6schung<\/strong><\/p>\n<p>Sie haben jederzeit im Rahmen der geltenden gesetzlichen Bestimmungen das Recht auf unentgeltliche Auskunft \u00fcber Ihre gespeicherten personenbezogenen Daten, Herkunft der Daten, deren Empf\u00e4nger und den Zweck der Datenverarbeitung und ggf. ein Recht auf Berichtigung, Sperrung oder L\u00f6schung dieser Daten. Diesbez\u00fcglich und auch zu weiteren Fragen zum Thema personenbezogene Daten k\u00f6nnen Sie sich jederzeit \u00fcber die im Impressum aufgef\u00fchrten Kontaktm\u00f6glichkeiten an uns wenden.<\/p>\n<p><strong>SSL- bzw. TLS-Verschl\u00fcsselung<\/strong><\/p>\n<p>Aus Sicherheitsgr\u00fcnden und zum Schutz der \u00dcbertragung vertraulicher Inhalte, die Sie an uns als Seitenbetreiber senden, nutzt unsere Website eine SSL-bzw. TLS-Verschl\u00fcsselung. Damit sind Daten, die Sie \u00fcber diese Website \u00fcbermitteln, f\u00fcr Dritte nicht mitlesbar. Sie erkennen eine verschl\u00fcsselte Verbindung an der \u201ehttps:\/\/\u201c Adresszeile Ihres Browsers und am Schloss-Symbol in der Browserzeile.<\/p>\n<\/div>\n<div class=\"s3-t s3-t4\">\n<p><strong><br \/>\nRegistrierung auf dieser Website<\/strong><\/p>\n<p>Zur Nutzung bestimmter Funktionen k\u00f6nnen Sie sich auf unserer Website registrieren. Die \u00fcbermittelten Daten dienen ausschlie\u00dflich zum Zwecke der Nutzung des jeweiligen Angebotes oder Dienstes. Bei der Registrierung abgefragte Pflichtangaben sind vollst\u00e4ndig anzugeben. Andernfalls werden wir die Registrierung ablehnen.<\/p>\n<p>Im Falle wichtiger \u00c4nderungen, etwa aus technischen Gr\u00fcnden, informieren wir Sie per E-Mail. Die E-Mail wird an die Adresse versendet, die bei der Registrierung angegeben wurde.<\/p>\n<p>Die Verarbeitung der bei der Registrierung eingegebenen Daten erfolgt auf Grundlage Ihrer Einwilligung (Art. 6 Abs. 1 lit. a DSGVO). Ein Widerruf Ihrer bereits erteilten Einwilligung ist jederzeit m\u00f6glich. F\u00fcr den Widerruf gen\u00fcgt eine formlose Mitteilung per E-Mail. Die Rechtm\u00e4\u00dfigkeit der bereits erfolgten Datenverarbeitung bleibt vom Widerruf unber\u00fchrt.<\/p>\n<p>Wir speichern die bei der Registrierung erfassten Daten w\u00e4hrend des Zeitraums, den Sie auf unserer Website registriert sind. Ihren Daten werden gel\u00f6scht, sollten Sie Ihre Registrierung aufheben. Gesetzliche Aufbewahrungsfristen bleiben unber\u00fchrt.<\/p>\n<\/div>\n<div class=\"s3-t s3-t5\">\n<p><strong><br \/>\nKontaktformular<\/strong><\/p>\n<p>Per Kontaktformular \u00fcbermittelte Daten werden einschlie\u00dflich Ihrer Kontaktdaten gespeichert, um Ihre Anfrage bearbeiten zu k\u00f6nnen oder um f\u00fcr Anschlussfragen bereitzustehen. Eine Weitergabe dieser Daten findet ohne Ihre Einwilligung nicht statt.<\/p>\n<p>Die Verarbeitung der in das Kontaktformular eingegebenen Daten erfolgt ausschlie\u00dflich auf Grundlage Ihrer Einwilligung (Art. 6 Abs. 1 lit. a DSGVO). Ein Widerruf Ihrer bereits erteilten Einwilligung ist jederzeit m\u00f6glich. F\u00fcr den Widerruf gen\u00fcgt eine formlose Mitteilung per E-Mail. Die Rechtm\u00e4\u00dfigkeit der bis zum Widerruf erfolgten Datenverarbeitungsvorg\u00e4nge bleibt vom Widerruf unber\u00fchrt.<\/p>\n<p>\u00dcber das Kontaktformular \u00fcbermittelte Daten verbleiben bei uns, bis Sie uns zur L\u00f6schung auffordern, Ihre Einwilligung zur Speicherung widerrufen oder keine Notwendigkeit der Datenspeicherung mehr besteht. Zwingende gesetzliche Bestimmungen \u2013 insbesondere Aufbewahrungsfristen \u2013 bleiben unber\u00fchrt.<\/p>\n<\/div>\n<div class=\"s3-t s3-t8\">\n<p><strong><br \/>\nNewsletter-Daten<\/strong><\/p>\n<p>Zum Versenden unseres Newsletters ben\u00f6tigen wir von Ihnen eine E-Mail-Adresse. Eine Verifizierung der angegebenen E-Mail-Adresse ist notwendig und der Empfang des Newsletters ist einzuwilligen. Erg\u00e4nzende Daten werden nicht erhoben oder sind freiwillig. Die Verwendung der Daten erfolgt ausschlie\u00dflich f\u00fcr den Versand des Newsletters.<\/p>\n<p>Die bei der Newsletteranmeldung gemachten Daten werden ausschlie\u00dflich auf Grundlage Ihrer Einwilligung (Art. 6 Abs. 1 lit. a DSGVO) verarbeitet. Ein Widerruf Ihrer bereits erteilten Einwilligung ist jederzeit m\u00f6glich. F\u00fcr den Widerruf gen\u00fcgt eine formlose Mitteilung per E-Mail oder Sie melden sich \u00fcber den \u201eAustragen\u201c-Link im Newsletter ab. Die Rechtm\u00e4\u00dfigkeit der bereits erfolgten Datenverarbeitungsvorg\u00e4nge bleibt vom Widerruf unber\u00fchrt.<\/p>\n<p>Zur Einrichtung des Abonnements eingegebene Daten werden im Falle der Abmeldung gel\u00f6scht. Sollten diese Daten f\u00fcr andere Zwecke und an anderer Stelle an uns \u00fcbermittelt worden sein, verbleiben diese weiterhin bei uns.<\/p>\n<\/div>\n<div class=\"s3-t s3-t10\">\n<p><strong><br \/>\nYouTube<\/strong><\/p>\n<p>F\u00fcr Integration und Darstellung von Videoinhalten nutzt unsere Website Plugins von YouTube. Anbieter des Videoportals ist die YouTube, LLC, 901 Cherry Ave., San Bruno, CA 94066, USA.<\/p>\n<p>Bei Aufruf einer Seite mit integriertem YouTube-Plugin wird eine Verbindung zu den Servern von YouTube hergestellt. YouTube erf\u00e4hrt hierdurch, welche unserer Seiten Sie aufgerufen haben.<\/p>\n<p>YouTube kann Ihr Surfverhalten direkt Ihrem pers\u00f6nlichen Profil zuzuordnen, sollten Sie in Ihrem YouTube Konto eingeloggt sein. Durch vorheriges Ausloggen haben Sie die M\u00f6glichkeit, dies zu unterbinden.<\/p>\n<p>Die Nutzung von YouTube erfolgt im Interesse einer ansprechenden Darstellung unserer Online-Angebote. Dies stellt ein berechtigtes Interesse im Sinne von Art. 6 Abs. 1 lit. f DSGVO dar.<\/p>\n<p>Einzelheiten zum Umgang mit Nutzerdaten finden Sie in der Datenschutzerkl\u00e4rung von YouTube unter: <a href=\"https:\/\/www.google.de\/intl\/de\/policies\/privacy\">https:\/\/www.google.de\/intl\/de\/policies\/privacy<\/a>.<\/p>\n<\/div>\n<div class=\"s3-t s3-t12\">\n<p><strong>Cookies<\/strong><\/p>\n<p>Unsere Website verwendet Cookies. Das sind kleine Textdateien, die Ihr Webbrowser auf Ihrem Endger\u00e4t speichert. Cookies helfen uns dabei, unser Angebot nutzerfreundlicher, effektiver und sicherer zu machen.<\/p>\n<p>Einige Cookies sind \u201cSession-Cookies.\u201d Solche Cookies werden nach Ende Ihrer Browser-Sitzung von selbst gel\u00f6scht. Hingegen bleiben andere Cookies auf Ihrem Endger\u00e4t bestehen, bis Sie diese selbst l\u00f6schen. Solche Cookies helfen uns, Sie bei R\u00fcckkehr auf unserer Website wiederzuerkennen.<\/p>\n<p>Mit einem modernen Webbrowser k\u00f6nnen Sie das Setzen von Cookies \u00fcberwachen, einschr\u00e4nken oder unterbinden. Viele Webbrowser lassen sich so konfigurieren, dass Cookies mit dem Schlie\u00dfen des Programms von selbst gel\u00f6scht werden. Die Deaktivierung von Cookies kann eine eingeschr\u00e4nkte Funktionalit\u00e4t unserer Website zur Folge haben.<\/p>\n<p>Das Setzen von Cookies, die zur Aus\u00fcbung elektronischer Kommunikationsvorg\u00e4nge oder der Bereitstellung bestimmter, von Ihnen erw\u00fcnschter Funktionen (z.B. Warenkorb) notwendig sind, erfolgt auf Grundlage von Art. 6 Abs. 1 lit. f DSGVO. Als Betreiber dieser Website haben wir ein berechtigtes Interesse an der Speicherung von Cookies zur technisch fehlerfreien und reibungslosen Bereitstellung unserer Dienste. Sofern die Setzung anderer Cookies (z.B. f\u00fcr Analyse-Funktionen) erfolgt, werden diese in dieser Datenschutzerkl\u00e4rung separat behandelt.<\/p>\n<\/div>\n<div class=\"s3-t s3-t0\">\n<p style=\"text-align: right;\"><small><br \/>\nQuelle: Datenschutz-Konfigurator von <a href=\"http:\/\/www.mein-datenschutzbeauftragter.de\/\" target=\"_blank\" rel=\"noopener noreferrer\">mein-datenschutzbeauftragter.de<\/a><\/small><\/p>\n<\/div>\n<\/div>\n<\/div>\n<\/div>\n<\/div>\n<\/div>\n<\/div>\n<p>&nbsp;[\/et_pb_blurb][et_pb_divider _builder_version=&#8220;3.21.4&#8243; module_alignment=&#8220;center&#8220; custom_margin=&#8220;||7px&#8220;][\/et_pb_divider][\/et_pb_column][\/et_pb_row][\/et_pb_section]<\/p>\n","protected":false},"excerpt":{"rendered":"<p>Datenschutzbestimmungen Allgemeiner Hinweis und Pflichtinformationen Benennung der verantwortlichen Stelle Die verantwortliche Stelle f\u00fcr die Datenverarbeitung auf dieser Website ist: Visiones Asociaci\u00f3n Im R\u00f6seln 1 3470 Kirchberg am Wagram Austria Die verantwortliche Stelle entscheidet allein oder gemeinsam mit anderen \u00fcber die Zwecke und Mittel der Verarbeitung von personenbezogenen Daten (z.B. Namen, Kontaktdaten o. \u00c4.). Widerruf Ihrer [&hellip;]<\/p>\n","protected":false},"author":1,"featured_media":0,"parent":0,"menu_order":0,"comment_status":"closed","ping_status":"open","template":"","meta":{"_et_pb_use_builder":"on","_et_pb_old_content":"<!-- wp:heading -->\n<h2>Who we are<\/h2>\n<!-- \/wp:heading -->\n\n<!-- wp:paragraph -->\n<p>Our website address is: http:\/\/visiones.org.<\/p>\n<!-- \/wp:paragraph -->\n\n<!-- wp:heading -->\n<h2>What personal data we collect and why we collect it<\/h2>\n<!-- \/wp:heading -->\n\n<!-- wp:heading {\"level\":3} -->\n<h3>Comments<\/h3>\n<!-- \/wp:heading -->\n\n<!-- wp:paragraph -->\n<p>When visitors leave comments on the site we collect the data shown in the comments form, and also the visitor\u2019s IP address and browser user agent string to help spam detection.<\/p>\n<!-- \/wp:paragraph -->\n\n<!-- wp:paragraph -->\n<p>An anonymized string created from your email address (also called a hash) may be provided to the Gravatar service to see if you are using it. The Gravatar service privacy policy is available here: https:\/\/automattic.com\/privacy\/. After approval of your comment, your profile picture is visible to the public in the context of your comment.<\/p>\n<!-- \/wp:paragraph -->\n\n<!-- wp:heading {\"level\":3} -->\n<h3>Media<\/h3>\n<!-- \/wp:heading -->\n\n<!-- wp:paragraph -->\n<p>If you upload images to the website, you should avoid uploading images with embedded location data (EXIF GPS) included. Visitors to the website can download and extract any location data from images on the website.<\/p>\n<!-- \/wp:paragraph -->\n\n<!-- wp:heading {\"level\":3} -->\n<h3>Contact forms<\/h3>\n<!-- \/wp:heading -->\n\n<!-- wp:heading {\"level\":3} -->\n<h3>Cookies<\/h3>\n<!-- \/wp:heading -->\n\n<!-- wp:paragraph -->\n<p>If you leave a comment on our site you may opt-in to saving your name, email address and website in cookies. These are for your convenience so that you do not have to fill in your details again when you leave another comment. These cookies will last for one year.<\/p>\n<!-- \/wp:paragraph -->\n\n<!-- wp:paragraph -->\n<p>If you have an account and you log in to this site, we will set a temporary cookie to determine if your browser accepts cookies. This cookie contains no personal data and is discarded when you close your browser.<\/p>\n<!-- \/wp:paragraph -->\n\n<!-- wp:paragraph -->\n<p>When you log in, we will also set up several cookies to save your login information and your screen display choices. Login cookies last for two days, and screen options cookies last for a year. If you select \"Remember Me\", your login will persist for two weeks. If you log out of your account, the login cookies will be removed.<\/p>\n<!-- \/wp:paragraph -->\n\n<!-- wp:paragraph -->\n<p>If you edit or publish an article, an additional cookie will be saved in your browser. This cookie includes no personal data and simply indicates the post ID of the article you just edited. It expires after 1 day.<\/p>\n<!-- \/wp:paragraph -->\n\n<!-- wp:heading {\"level\":3} -->\n<h3>Embedded content from other websites<\/h3>\n<!-- \/wp:heading -->\n\n<!-- wp:paragraph -->\n<p>Articles on this site may include embedded content (e.g. videos, images, articles, etc.). Embedded content from other websites behaves in the exact same way as if the visitor has visited the other website.<\/p>\n<!-- \/wp:paragraph -->\n\n<!-- wp:paragraph -->\n<p>These websites may collect data about you, use cookies, embed additional third-party tracking, and monitor your interaction with that embedded content, including tracking your interaction with the embedded content if you have an account and are logged in to that website.<\/p>\n<!-- \/wp:paragraph -->\n\n<!-- wp:heading {\"level\":3} -->\n<h3>Analytics<\/h3>\n<!-- \/wp:heading -->\n\n<!-- wp:heading -->\n<h2>Who we share your data with<\/h2>\n<!-- \/wp:heading -->\n\n<!-- wp:heading -->\n<h2>How long we retain your data<\/h2>\n<!-- \/wp:heading -->\n\n<!-- wp:paragraph -->\n<p>If you leave a comment, the comment and its metadata are retained indefinitely. This is so we can recognize and approve any follow-up comments automatically instead of holding them in a moderation queue.<\/p>\n<!-- \/wp:paragraph -->\n\n<!-- wp:paragraph -->\n<p>For users that register on our website (if any), we also store the personal information they provide in their user profile. All users can see, edit, or delete their personal information at any time (except they cannot change their username). Website administrators can also see and edit that information.<\/p>\n<!-- \/wp:paragraph -->\n\n<!-- wp:heading -->\n<h2>What rights you have over your data<\/h2>\n<!-- \/wp:heading -->\n\n<!-- wp:paragraph -->\n<p>If you have an account on this site, or have left comments, you can request to receive an exported file of the personal data we hold about you, including any data you have provided to us. You can also request that we erase any personal data we hold about you. This does not include any data we are obliged to keep for administrative, legal, or security purposes.<\/p>\n<!-- \/wp:paragraph -->\n\n<!-- wp:heading -->\n<h2>Where we send your data<\/h2>\n<!-- \/wp:heading -->\n\n<!-- wp:paragraph -->\n<p>Visitor comments may be checked through an automated spam detection service.<\/p>\n<!-- \/wp:paragraph -->\n\n<!-- wp:heading -->\n<h2>Your contact information<\/h2>\n<!-- \/wp:heading -->\n\n<!-- wp:heading -->\n<h2>Additional information<\/h2>\n<!-- \/wp:heading -->\n\n<!-- wp:heading {\"level\":3} -->\n<h3>How we protect your data<\/h3>\n<!-- \/wp:heading -->\n\n<!-- wp:heading {\"level\":3} -->\n<h3>What data breach procedures we have in place<\/h3>\n<!-- \/wp:heading -->\n\n<!-- wp:heading {\"level\":3} -->\n<h3>What third parties we receive data from<\/h3>\n<!-- \/wp:heading -->\n\n<!-- wp:heading {\"level\":3} -->\n<h3>What automated decision making and\/or profiling we do with user data<\/h3>\n<!-- \/wp:heading -->\n\n<!-- wp:heading {\"level\":3} -->\n<h3>Industry regulatory disclosure requirements<\/h3>\n<!-- \/wp:heading -->","_et_gb_content_width":"","footnotes":""},"class_list":["post-5529","page","type-page","status-publish","hentry"],"aioseo_notices":[],"_links":{"self":[{"href":"https:\/\/visiones.org\/de\/wp-json\/wp\/v2\/pages\/5529","targetHints":{"allow":["GET"]}}],"collection":[{"href":"https:\/\/visiones.org\/de\/wp-json\/wp\/v2\/pages"}],"about":[{"href":"https:\/\/visiones.org\/de\/wp-json\/wp\/v2\/types\/page"}],"author":[{"embeddable":true,"href":"https:\/\/visiones.org\/de\/wp-json\/wp\/v2\/users\/1"}],"replies":[{"embeddable":true,"href":"https:\/\/visiones.org\/de\/wp-json\/wp\/v2\/comments?post=5529"}],"version-history":[{"count":3,"href":"https:\/\/visiones.org\/de\/wp-json\/wp\/v2\/pages\/5529\/revisions"}],"predecessor-version":[{"id":5578,"href":"https:\/\/visiones.org\/de\/wp-json\/wp\/v2\/pages\/5529\/revisions\/5578"}],"wp:attachment":[{"href":"https:\/\/visiones.org\/de\/wp-json\/wp\/v2\/media?parent=5529"}],"curies":[{"name":"wp","href":"https:\/\/api.w.org\/{rel}","templated":true}]}}