{"id":5532,"date":"2019-04-24T04:36:26","date_gmt":"2019-04-24T04:36:26","guid":{"rendered":"http:\/\/visiones.org\/statuten"},"modified":"2023-07-31T22:46:25","modified_gmt":"2023-07-31T22:46:25","slug":"statuten","status":"publish","type":"page","link":"https:\/\/visiones.org\/de\/statuten","title":{"rendered":"Statuten"},"content":{"rendered":"<p>[et_pb_section fb_built=&#8220;1&#8243; admin_label=&#8220;section&#8220; _builder_version=&#8220;4.16&#8243; background_color=&#8220;rgba(255,255,255,0)&#8220; custom_padding=&#8220;70px|0px|19px|0px|false|false&#8220; transparent_background=&#8220;on&#8220; global_colors_info=&#8220;{}&#8220; da_is_popup=&#8220;off&#8220; da_exit_intent=&#8220;off&#8220; da_has_close=&#8220;on&#8220; da_alt_close=&#8220;off&#8220; da_dark_close=&#8220;off&#8220; da_not_modal=&#8220;on&#8220; da_is_singular=&#8220;off&#8220; da_with_loader=&#8220;off&#8220; da_has_shadow=&#8220;on&#8220; da_disable_devices=&#8220;off|off|off&#8220;][et_pb_row admin_label=&#8220;row&#8220; _builder_version=&#8220;4.16&#8243; background_size=&#8220;initial&#8220; background_position=&#8220;top_left&#8220; background_repeat=&#8220;repeat&#8220; custom_padding=&#8220;50px|0px|0|1px|false|false&#8220; global_colors_info=&#8220;{}&#8220;][et_pb_column type=&#8220;4_4&#8243; _builder_version=&#8220;4.16&#8243; custom_padding=&#8220;|||&#8220; global_colors_info=&#8220;{}&#8220; custom_padding__hover=&#8220;|||&#8220;][et_pb_text _builder_version=&#8220;4.16&#8243; header_3_font=&#8220;|600|||||||&#8220; header_3_font_size=&#8220;30px&#8220; custom_margin=&#8220;||4px&#8220; global_colors_info=&#8220;{}&#8220;]<\/p>\n<div class=\"et_pb_text_inner\">\n<h3 style=\"text-align: center;\"><strong>Statuten des Vereins <em>Visiones<\/em><\/strong><\/h3>\n<\/div>\n<p>[\/et_pb_text][et_pb_divider _builder_version=&#8220;4.16&#8243; module_alignment=&#8220;center&#8220; custom_margin=&#8220;||7px&#8220; global_colors_info=&#8220;{}&#8220;][\/et_pb_divider][et_pb_text ul_position=&#8220;inside&#8220; _builder_version=&#8220;4.17.1&#8243; ul_font=&#8220;||||||||&#8220; ol_font=&#8220;||||||||&#8220; hover_enabled=&#8220;0&#8243; global_colors_info=&#8220;{}&#8220; sticky_enabled=&#8220;0&#8243;]<\/p>\n<p><span style=\"text-decoration: underline;\">Verein<\/span><\/p>\n<p><strong>Visiones &#8211;\u00a0Verein zur Erforschung und Bewahrung von altem und neuen Wissen f\u00fcr die Entwicklung ganzheitlicher Wege der Bewusstwerdung im Einklang von Mensch, Tier und Natur<br \/><\/strong>Im R\u00f6seln 1<br \/>3470 Kirchberg am Wagram<br \/>Austria<\/p>\n<p>&nbsp;<\/p>\n<p><span style=\"text-decoration: underline;\">Statuten des Vereins<\/span><\/p>\n<p><span style=\"text-decoration: underline;\">\u00a7 1: Sitz, Name und T\u00e4tigkeitsbereich<\/span><\/p>\n<p>Der Verein, der seinen Sitz in Kirchberg am Wagram hat, fu\u0308hrt den Namen Visiones &#8211; Verein zur Erforschung und Bewahrung von altem und neuen Wissen f\u00fcr die Entwicklung ganzheitlicher Wege der Bewusstwerdung im Einklang von Mensch, Tier und Natur.<br \/>Seine T\u00e4tigkeit erstreckt sich auf \u00d6sterreich und kann bei Bedarf zu den genannten Zwecken seine T\u00e4tigkeit auf beliebige andere L\u00e4nder ausdehnen. Die Errichtung von Zweigvereinen und Kooperationen ist beabsichtigt.<\/p>\n<p><span style=\"text-decoration: underline;\">\u00a0\u00a7 2: Zweck<\/span><\/p>\n<p>Die T\u00e4tigkeit des Vereins ist nicht auf Gewinn ausgerichtet und hat folgenden Zweck:<\/p>\n<ul>\n<li>Im Mittelpunkt der Vereinsarbeit steht der Mensch, Tier und Natur und die aktive Wissensvermittlung, wie Bewahren und Erforschen von altem und neuem Wissen, sowie die F\u00f6rderung einer nachhaltigen und gesunden Lebensgestaltung.<\/li>\n<li>Die F\u00f6rderung der Bewusstwerdung durch integrative Prozesse.<\/li>\n<li>Die F\u00f6rderung der Achtsamkeit im bewussten Umgang miteinander.<\/li>\n<li>Die Erforschung, Erhaltung und Entfaltung der Gesundheit mittels traditionellen, naturheilkundlichen Methoden und Hilfsmitteln, wie unter anderem schamanische Praktiken, Yoga, heilsame Rituale, Meditation.<\/li>\n<li>Die Vermittlung von Lebenswerten durch Schaffung von f\u00f6rdernden und st\u00e4rkenden Ma\u00dfnahmen, als Gruppe oder in Einzelunternehmungen.<\/li>\n<li>Die Harmonisierung und Energetisierung von Lebensr\u00e4umen.<\/li>\n<li>F\u00f6rderung der kulturellen Vielfalt, wie kulturu\u0308bergreifende Projekte und Begegnungen unter dem Austausch von zum Beispiel, Wissen um Kulturgut, wirkenden Kr\u00e4ften und traditionellem Wissen. Das Bewusstsein hierfu\u0308r soll erforscht, entwickelt, gef\u00f6rdert, vernetzt und erweitert werden.<\/li>\n<\/ul>\n<p><span style=\"text-decoration: underline;\">\u00a7 3: Mittel, Werte und Aktivit\u00e4ten zur Erreichung des Vereinszweck<\/span><\/p>\n<p>Der Vereinszweck soll durch die aufgefu\u0308hrten ideellen und materiellen Mittel erreicht werden.<\/p>\n<p>Als ideelle Mittel dienen:<\/p>\n<ul>\n<li>Kooperation, Vernetzung und Zusammenarbeit von Menschen in und mit Sozialgemeinschaften, Organisationen und Verb\u00e4nden und sonstigen staatlichen und nichtstaatlichen Institutionen<\/li>\n<li>Naturnahes erleben und dokumentieren von Bildungsprojekten und Bildungsreisen im In- und Ausland<\/li>\n<li>Durchfu\u0308hrung von Vortr\u00e4gen, Workshops, Seminaren, Exkursionen und sonstigen internationalen Veranstaltungen<\/li>\n<li>Entwicklung von Bildungsprojekten, Projektbegleitung (Bsp: Teilnahme an Wettbewerben)<\/li>\n<li>Vernetzung und Zusammenarbeit mit anderen Kulturen<\/li>\n<li>Die M\u00f6glichkeiten und Konzepte im Sinne dieser Vereinsziele sind zu u\u0308berpru\u0308fen, umzusetzen oder die Umsetzungsf\u00e4higkeit durch Informations- und Lehrt\u00e4tigkeit an Andere weiter zu vermitteln.<\/li>\n<\/ul>\n<p>Als materielle Mittel dienen:<\/p>\n<p>Die erforderlichen materiellen Mittel sollen aufgebracht werden durch,<\/p>\n<ul>\n<li>Aufnahmegebu\u0308hren<\/li>\n<li>Mitgliedsbeitr\u00e4ge<\/li>\n<li>Erl\u00f6se aus Veranstaltungen<\/li>\n<li>Verwertungen<\/li>\n<li>freiwillige Beitr\u00e4ge und<\/li>\n<li>Zuwendungen<\/li>\n<li>Forschungsbeitr\u00e4ge<\/li>\n<li>Andere Zuwendungen wie\u00a0Sponsoring, Spenden, Verm\u00e4chtnisse, Kostenbeteiligungen und Umlagen im Rahmen der Zweckaktivit\u00e4ten des Vereines, projektbezogen als auch durch Vertr\u00e4ge mit Partnern.<\/li>\n<\/ul>\n<p>Wirtschaftliche bzw. gewerbliche Aktivit\u00e4ten sind auf Antrag nach Pr\u00e4sidiumsbeschluss m\u00f6glich, wenn eine anderweitige Erreichung des Vereinszweckes mangels Finanzierbarkeit gef\u00e4hrdet w\u00e4re. Mitglieder zahlen einen Mitgliedsbeitrag, Ehrenmitglieder sind von der Beitragspflicht befreit. Die Generalversammlung entscheidet u\u0308ber den Mitgliedsbeitrag, sowie u\u0308ber die Einhebung einer Aufnahmegebu\u0308hr.<\/p>\n<p>Der Verein Visiones &#8211; Verein zur Erforschung und Bewahrung von altem und neuen Wissen f\u00fcr die Entwicklung ganzheitlicher Wege der Bewusstwerdung im Einklang von Mensch, Tier und Naturverfolgt ausschlie\u00dflich und unmittelbar gemeinnu\u0308tzige Zwecke und ist nicht auf die Erzielung von Gewinnen und \u00dcberschu\u0308ssen ausgerichtet.<br \/>Vorhandene \u00dcberschu\u0308sse werden zur F\u00f6rderung der Vereinszwecke ausgegeben, sofern nicht Ru\u0308cklagen gebildet werden.<\/p>\n<p><span style=\"text-decoration: underline;\">\u00a7 4: Arten der Mitgliedschaft<\/span><\/p>\n<p>Die Mitglieder des Vereins gliedern sich in ordentliche, au\u00dferordentliche, tempor\u00e4re und Ehrenmitglieder.<br \/>Ordentliche Mitglieder sind jene, mit einer vollen Beteiligung an der Vereinsarbeit.<br \/>Au\u00dferordentliche Mitglieder sind F\u00f6rderer des Vereins, ohne Wahlrecht in der Mitgliederversammlung.<br \/>Tempor\u00e4re Mitglieder sind solche, deren Mitgliedschaft zeitlich oder r\u00e4umlich begrenzt ist, auch sie haben kein Wahlrecht in der Mitgliederversammlung.<br \/>Ehrenmitglieder haben keine Beitragspflicht. Die Ehrenmitgliedschaft kann Personen, die sich besonders um den Verein oder die Ziele des Vereins verdient gemacht haben, vom Pr\u00e4sidium durch Beschluss verliehen werden.<\/p>\n<p><span style=\"text-decoration: underline;\">\u00a7 5: Erwerb der Mitgliedschaft<\/span><\/p>\n<p>Eine Mitgliedschaft im Verein ist fu\u0308r jeden physischen Menschen, sowie fu\u0308r juristische Personen und rechtsf\u00e4hige Personengesellschaften m\u00f6glich.<br \/>Der Erwerb der Mitgliedschaft setzt einen Aufnahmeantrag voraus. \u00dcber die Aufnahme von ordentlichen, au\u00dferordentlichen und Ehrenmitgliedern entscheidet der\/die Pr\u00e4sident\/in.<br \/>Die Aufnahme kann ohne Angabe von Gru\u0308nden verweigert werden.<\/p>\n<p><span style=\"text-decoration: underline;\">\u00a7 6: Beendigung der Mitgliedschaft<\/span><\/p>\n<p>Die Mitgliedschaft erlischt durch den Tod, freiwilligen Austritt, Ablauf oder Ausschluss.<\/p>\n<p>Der Austritt:<br \/>Die Mitgliedsdauer betr\u00e4gt 1 Jahr. Optional kann man bei Erwerb der Mitgliedschaft ausw\u00e4hlen, ob die Jahresmitgliedschaft nach einem Jahr endet oder sich automatisch verl\u00e4ngert. Im Falle der automatischen Verl\u00e4ngerung, verl\u00e4ngert sich die Mitgliedschaft jeweils fu\u0308r ein weiteres Jahr, wenn sie nicht mit einer Frist von einem Monat zum Ende des Mitgliedsjahres geku\u0308ndigt wird.<br \/>Der Ausschluss durch einstimmigen Pr\u00e4sidiumsbeschluss ist nur m\u00f6glich, wenn das auszuschlie\u00dfende Mitglied durch sein Verhalten das Ansehen oder die Interessen des Vereins gesch\u00e4digt oder gef\u00e4hrdet hat.<br \/>Bei einem Beitragsru\u0308ckstand von mindestens zwei Monaten ist der Verein berechtigt die Mitgliedschaft zu beenden.<br \/>Eine mu\u0308ndlich ausgesprochene Ku\u0308ndigung der Mitgliedschaft durch das Pr\u00e4sidium ist gu\u0308ltig. Anspru\u0308che aus dem Mitgliedschaftsverh\u00e4ltnis enden damit unbeschadet der Anspru\u0308che des Vereins auf bereits bestehende\u00a0Forderungen.<br \/>Aberkennung der Ehrenmitgliedschaft ist m\u00f6glich, wenn das auszuschlie\u00dfende Ehrenmitglied durch sein Verhalten das Ansehen oder die Interessen des Vereins gesch\u00e4digt oder gef\u00e4hrdet hat.<br \/>Die Ku\u0308ndigung muss in Textform erfolgen oder formlos bei einem Pr\u00e4sidiumsmitglied erkl\u00e4rt werden.<\/p>\n<p><span style=\"text-decoration: underline;\">\u00a7 7: Rechte und Pflichten der Mitglieder<\/span><\/p>\n<p>Die Mitglieder des Vereins sind berechtigt, an allen Veranstaltungen des Vereins teilzunehmen und die Einrichtungen des Vereins zu beanspruchen. Die Mitglieder sind verpflichtet, die Interessen des Vereins nach Kr\u00e4ften zu f\u00f6rdern und alles zu unterlassen, wodurch das Ansehen und der Zweck des Vereins Abbruch erleiden k\u00f6nnte.<br \/>Das aktive und passive Wahlrecht und Stimmrecht gilt nur fu\u0308r die ordentlichen Mitglieder.<br \/>Die ordentlichen und au\u00dferordentlichen Mitglieder mit Ausnahme der Ehrenmitglieder sind zur pu\u0308nktlichen Zahlung der Mitgliedsbeitr\u00e4ge in der von der Generalversammlung beschlossenen H\u00f6he verpflichtet.<\/p>\n<p><span style=\"text-decoration: underline;\">\u00a7 8: Vereinsorgane<\/span><\/p>\n<p>Organe des Vereins sind:<br \/>das Pr\u00e4sidium, Generalversammlung (Mitglieder), die Rechnungspru\u0308fer und das Schiedsgericht.<\/p>\n<p><span style=\"text-decoration: underline;\">\u00a7 9: Generalversammlung (Mitglieder)<\/span><\/p>\n<p>Das Pr\u00e4sidium ruft zumindest alle 5 Jahre eine Generalversammlung ein, zu der die Mitglieder mindestens acht Tage vorher unter Mitteilung der Tagesordnung einzuladen sind. Die Generalversammlung ist auch dann\u00a0einzuberufen, wenn 10% der Mitglieder dies verlangen. Die Einladungen haben in Textform oder durch Aushang an der Informationstafel im Vereinslokal zu erfolgen.<br \/>Die Generalversammlung erfolgt entweder real (k\u00f6rperlich) oder virtuell (online) in einer nur fu\u0308r Mitglieder mit Legitimationsdaten und Zugangssicherung zug\u00e4nglichen Kommunikationsform, z.B. einem Chatroom.<br \/>Mitglieder k\u00f6nnen so in elektronischer Form ihre Rechte wahrnehmen und ihre Stimme abgeben.<br \/>Die Generalversammlung ist ohne Ru\u0308cksicht auf die Anzahl der Erschienenen beschlussf\u00e4hig.<br \/>Die Wahlen und die Beschlussfassungen in der Generalversammlung erfolgen in der Regel mit einfacher Mehrheit der abgegeben gu\u0308ltigen Stimmen.<br \/>Beschlu\u0308sse mit denen das Statut des Vereins ge\u00e4ndert oder der Verein aufgel\u00f6st werden soll, bedu\u0308rfen jedoch einer qualifizierten Mehrheit von zwei Dritteln der abgegeben gu\u0308ltigen Stimmen.<br \/>Schriftliche Ausfertigungen bedu\u0308rfen zu ihrer Gu\u0308ltigkeit der Unterschrift des\/der Pr\u00e4sidenten\/in.<br \/>Im Falle der Verhinderung treten an die Stelle des\/der Pr\u00e4sident\/in die 1. Vize Pr\u00e4sident\/in\/en, bei deren Verhinderung die 2. Vize Pr\u00e4sident\/in\/en.<br \/>Rechtsgesch\u00e4fte zwischen den Pr\u00e4sidiumsmitgliedern sind m\u00f6glich.<br \/>Rechtsgesch\u00e4ftliche Bevollm\u00e4chtigungen, den Verein nach au\u00dfen zu vertreten bzw. fu\u0308r ihn zu zeichnen, k\u00f6nnen ausschlie\u00dflich von Pr\u00e4sidiumsmitgliedern erteilt werden.<br \/>Bei Gefahr in Verzug ist der\/die Pr\u00e4sident\/in berechtigt, auch in Angelegenheiten, die den Wirkungsbereich der Generalversammlung oder des Pr\u00e4sidiums fallen, unter eigener Verantwortung selbst\u00e4ndig Anordnungen zu treffen; im Innenverh\u00e4ltnis bedu\u0308rfen diese jedoch der nachtr\u00e4glichen Genehmigung durch das zust\u00e4ndige Vereinsorgan.<br \/>Der\/die Pr\u00e4sident\/in fu\u0308hrt den Vorsitz in der Generalversammlung und im Pr\u00e4sidium.<\/p>\n<p><span style=\"text-decoration: underline;\">\u00a710: Aufgaben der Generalversammlung<\/span><\/p>\n<p>Der Generalversammlung sind folgende Aufgaben vorbehalten:<br \/>Beschlussfassung u\u0308ber den Voranschlag; Entgegennahme und Genehmigung des Rechenschaftsberichts und des Rechnungsabschlusses unter Einbindung der Rechnungspru\u0308fer;<br \/>Wahl und Enthebung der Mitglieder des Pr\u00e4sidium und der Rechnungspru\u0308fer; Verleihung und Aberkennung der Ehrenmitgliedschaft; Genehmigung von Rechtsgesch\u00e4ften zwischen Rechnungspru\u0308fern und Verein; Entlastung des Pr\u00e4sidiums;<br \/>Beschlussfassung u\u0308ber Statuten\u00e4nderungen und die freiwillige Aufl\u00f6sung des Vereins;<br \/>Beratung und Beschlussfassung u\u0308ber sonstige auf der Tagesordnung stehenden Fragen.<\/p>\n<p><span style=\"text-decoration: underline;\">\u00a7 11: Das Leitungsorgan (Pr\u00e4sidium)<\/span><\/p>\n<p>Das Pr\u00e4sidium besteht aus dem\/der Pr\u00e4sidenten\/in und dem\/der 1. und dem 2. Vizepr\u00e4sidenten\/in.<br \/>Bei Ausscheiden eines Pr\u00e4sidiumsmitgliedes ist eine Kooptierung aus den ordentlichen Mitgliedern m\u00f6glich.<br \/>Die Mitgliederversammlung kann das Pr\u00e4sidium oder einzelne Vereinsorgane ihres Amtes entheben.<br \/>Das Pr\u00e4sidium wird von der Generalversammlung fu\u0308r die Dauer von 5 Jahren gew\u00e4hlt, Wiederwahl ist m\u00f6glich.<br \/>Die Pr\u00e4sidiumsmitglieder u\u0308ben ihre T\u00e4tigkeit als Leitungsorgan ausschlie\u00dflich ehrenamtlich aus.<br \/>Die Pr\u00e4sidiumsmitglieder k\u00f6nnen jederzeit schriftlich ihren Ru\u0308cktritt erkl\u00e4ren.<\/p>\n<p><span style=\"text-decoration: underline;\">\u00a7 12: Aufgaben des Pr\u00e4sidium, Zusammentreten und Beschlussf\u00e4higkeit<\/span><\/p>\n<p>Dem Pr\u00e4sidenten\/in obliegt die Gesch\u00e4ftsfu\u0308hrung, Leitung und Verwaltung des Vereins sowie die Aufnahme der Mitglieder.<br \/>Das Pr\u00e4sidium hat zusammenzutreten, wenn der\/die Pr\u00e4sident\/in dieses fu\u0308r notwendig erachtet oder der\/die Vizepr\u00e4sidentin\/en. Das Pr\u00e4sidium ist beschlussf\u00e4hig, wenn seine Mitglieder eingeladen wurden und mindestens 2 anwesend sind.<br \/>Bei Stimmengleichheit gibt die Stimme des Vorsitzenden den Ausschlag.<br \/>Den Vorsitz fu\u0308hrt der\/die Pr\u00e4sident\/in, bei dessen Verhinderung der\/die 1. Vize Pr\u00e4sident\/in, bei derenVerhinderung die 2. Vize Pr\u00e4sident\/in\/en.<\/p>\n<p><span style=\"text-decoration: underline;\">\u00a7 13: Besondere Obliegenheiten einzelner Pr\u00e4sidiumsmitglieder<\/span><\/p>\n<p>Der Pr\u00e4sident\/in fu\u0308hrt die laufenden Gesch\u00e4fte des Vereins.<br \/>Der\/die Pr\u00e4sident\/in vertritt den Verein nach au\u00dfen.<\/p>\n<p><span style=\"text-decoration: underline;\">\u00a7 14: Rechnungspru\u0308fer<\/span><\/p>\n<p>Zwei Rechnungspru\u0308fer werden von der Generalversammlung auf die Dauer von 5 Jahren gew\u00e4hlt.<br \/>Wiederwahl ist m\u00f6glich. Die Rechnungspru\u0308fer du\u0308rfen keinem Organ mit Ausnahme der Generalversammlung angeh\u00f6ren. Den Rechnungspru\u0308fern obliegt die laufende Gesch\u00e4ftskontrolle sowie die Pru\u0308fung der Finanzgebaren des Vereins im Hinblick auf die Ordnungsm\u00e4\u00dfigkeit der Rechnungslegung und die statutengem\u00e4\u00dfe Verwendung der Mittel.<br \/>Das Pr\u00e4sidium hat den Rechnungspru\u0308fern die erforderlichen Unterlagen vorzulegen und die erforderlichen Ausku\u0308nfte zu erteilen. Die Rechnungspru\u0308fer haben dem Pr\u00e4sidium u\u0308ber das Ergebnis der Pru\u0308fung zu berichten.<\/p>\n<p><span style=\"text-decoration: underline;\">\u00a7 15: Schiedsgericht<\/span><\/p>\n<p>Zur Schlichtung von allen aus dem Vereinsverh\u00e4ltnis entstehenden Streitigkeiten ist das vereinsinterne Schiedsgericht berufen. Es ist eine \u201eSchlichtungseinrichtung\u201c im Sinne des Vereinsgesetzes 2002 und kein Schiedsgericht nach den \u00a7\u00a7 577 ff ZPO.<br \/>Es wird derart gebildet, dass jeder Streitteil innerhalb von sieben Tagen dem Pr\u00e4sidium zwei Mitglieder als Schiedsrichter namhaft macht. Diese w\u00e4hlen mit relativer Mehrheit einen Vorsitzenden fu\u0308r das Schiedsgericht.<br \/>Bei Stimmengleichheit entscheidet das Pr\u00e4sidium.<br \/>Die Entscheidungen des Schiedsgerichtes fallen endgu\u0308ltig und mit einfacher Stimmenmehrheit. Das<br \/>Schiedsgericht f\u00e4llt seine Entscheidung nach Gew\u00e4hrung beiderseitigen Geh\u00f6rs bei Anwesenheit aller seiner Mitglieder mit einfacher Stimmenmehrheit. Es entscheidet nach bestem Wissen und Gewissen. Seine Entscheidungen sind Vereinsintern endgu\u0308ltig.<\/p>\n<p><span style=\"text-decoration: underline;\">\u00a7 16: Freiwillige Aufl\u00f6sung des Vereins<\/span><\/p>\n<p>Die freiwillige Aufl\u00f6sung des Vereines kann nur in einer Generalversammlung und nur mit einer<br \/>Zweidrittelmehrheit der abgegebenen Stimmen beschlossen werden.<br \/>Diese Generalversammlung hat auch &#8211; in sofern Vereinsverm\u00f6gen vorhanden ist &#8211; u\u0308ber die Abwicklung zu beschlie\u00dfen. Insbesondere hat sie einen Abwickler zu berufen und Beschluss daru\u0308ber zu verfassen, wem dieser das nach Abdeckung der Passiven verbleibende Vereinsverm\u00f6gen zu u\u0308bertragen hat.<br \/>Bei Aufl\u00f6sung des Vereins oder bei Wegfall des bisherigen begu\u0308nstigten Vereinszweckes ist das verbleibende Vereinsverm\u00f6gen fu\u0308r gemeinnu\u0308tzige oder mildt\u00e4tige Zwecke im Sinne des \u00a7\u00a7 34ff BAO zu verwenden.<\/p>\n<p>[\/et_pb_text][et_pb_divider _builder_version=&#8220;4.16&#8243; module_alignment=&#8220;center&#8220; custom_margin=&#8220;||7px&#8220; global_colors_info=&#8220;{}&#8220;][\/et_pb_divider][\/et_pb_column][\/et_pb_row][\/et_pb_section][et_pb_section fb_built=&#8220;1&#8243; admin_label=&#8220;section&#8220; _builder_version=&#8220;4.16&#8243; background_color=&#8220;rgba(255,255,255,0)&#8220; transparent_background=&#8220;on&#8220; global_colors_info=&#8220;{}&#8220; da_is_popup=&#8220;off&#8220; da_exit_intent=&#8220;off&#8220; da_has_close=&#8220;on&#8220; da_alt_close=&#8220;off&#8220; da_dark_close=&#8220;off&#8220; da_not_modal=&#8220;on&#8220; da_is_singular=&#8220;off&#8220; da_with_loader=&#8220;off&#8220; da_has_shadow=&#8220;on&#8220; da_disable_devices=&#8220;off|off|off&#8220;][\/et_pb_section]<\/p>\n","protected":false},"excerpt":{"rendered":"<p>Statuten des Vereins Visiones Verein Visiones &#8211;\u00a0Verein zur Erforschung und Bewahrung von altem und neuen Wissen f\u00fcr die Entwicklung ganzheitlicher Wege der Bewusstwerdung im Einklang von Mensch, Tier und NaturIm R\u00f6seln 13470 Kirchberg am WagramAustria &nbsp; Statuten des Vereins \u00a7 1: Sitz, Name und T\u00e4tigkeitsbereich Der Verein, der seinen Sitz in Kirchberg am Wagram hat, [&hellip;]<\/p>\n","protected":false},"author":1,"featured_media":0,"parent":0,"menu_order":0,"comment_status":"closed","ping_status":"closed","template":"","meta":{"_et_pb_use_builder":"on","_et_pb_old_content":"","_et_gb_content_width":"","footnotes":""},"class_list":["post-5532","page","type-page","status-publish","hentry"],"aioseo_notices":[],"_links":{"self":[{"href":"https:\/\/visiones.org\/de\/wp-json\/wp\/v2\/pages\/5532","targetHints":{"allow":["GET"]}}],"collection":[{"href":"https:\/\/visiones.org\/de\/wp-json\/wp\/v2\/pages"}],"about":[{"href":"https:\/\/visiones.org\/de\/wp-json\/wp\/v2\/types\/page"}],"author":[{"embeddable":true,"href":"https:\/\/visiones.org\/de\/wp-json\/wp\/v2\/users\/1"}],"replies":[{"embeddable":true,"href":"https:\/\/visiones.org\/de\/wp-json\/wp\/v2\/comments?post=5532"}],"version-history":[{"count":2,"href":"https:\/\/visiones.org\/de\/wp-json\/wp\/v2\/pages\/5532\/revisions"}],"predecessor-version":[{"id":29687,"href":"https:\/\/visiones.org\/de\/wp-json\/wp\/v2\/pages\/5532\/revisions\/29687"}],"wp:attachment":[{"href":"https:\/\/visiones.org\/de\/wp-json\/wp\/v2\/media?parent=5532"}],"curies":[{"name":"wp","href":"https:\/\/api.w.org\/{rel}","templated":true}]}}