{"id":5554,"date":"2019-04-24T06:06:54","date_gmt":"2019-04-24T06:06:54","guid":{"rendered":"http:\/\/visiones.org\/agbs"},"modified":"2024-07-24T13:28:11","modified_gmt":"2024-07-24T13:28:11","slug":"agbs","status":"publish","type":"page","link":"https:\/\/visiones.org\/de\/agbs","title":{"rendered":"AGB\u00b4s"},"content":{"rendered":"<p>[et_pb_section fb_built=&#8220;1&#8243; admin_label=&#8220;section&#8220; _builder_version=&#8220;4.16&#8243; background_color=&#8220;rgba(255,255,255,0)&#8220; custom_padding=&#8220;69px|0px|19px|0px|false|false&#8220; da_disable_devices=&#8220;off|off|off&#8220; transparent_background=&#8220;on&#8220; global_colors_info=&#8220;{}&#8220; da_is_popup=&#8220;off&#8220; da_exit_intent=&#8220;off&#8220; da_has_close=&#8220;on&#8220; da_alt_close=&#8220;off&#8220; da_dark_close=&#8220;off&#8220; da_not_modal=&#8220;on&#8220; da_is_singular=&#8220;off&#8220; da_with_loader=&#8220;off&#8220; da_has_shadow=&#8220;on&#8220;][et_pb_row admin_label=&#8220;row&#8220; _builder_version=&#8220;4.16&#8243; background_size=&#8220;initial&#8220; background_position=&#8220;top_left&#8220; background_repeat=&#8220;repeat&#8220; custom_padding=&#8220;50px|0px|0|1px|false|false&#8220; global_colors_info=&#8220;{}&#8220;][et_pb_column type=&#8220;4_4&#8243; _builder_version=&#8220;4.16&#8243; custom_padding=&#8220;|||&#8220; global_colors_info=&#8220;{}&#8220; custom_padding__hover=&#8220;|||&#8220;][et_pb_text _builder_version=&#8220;4.16&#8243; header_3_font=&#8220;|600|||||||&#8220; header_3_font_size=&#8220;30px&#8220; custom_margin=&#8220;||4px&#8220; global_colors_info=&#8220;{}&#8220;]<\/p>\n<div class=\"et_pb_text_inner\">\n<h3 style=\"text-align: center;\"><strong>AGB\u00b4s<\/strong><\/h3>\n<\/div>\n<p>[\/et_pb_text][et_pb_divider _builder_version=&#8220;4.16&#8243; module_alignment=&#8220;center&#8220; custom_margin=&#8220;||7px&#8220; global_colors_info=&#8220;{}&#8220;][\/et_pb_divider][et_pb_blurb content_max_width=&#8220;1100px&#8220; _builder_version=&#8220;4.24.0&#8243; header_font=&#8220;|600|||||||&#8220; header_text_align=&#8220;center&#8220; header_font_size=&#8220;25px&#8220; header_line_height=&#8220;1.8em&#8220; custom_margin=&#8220;||0px&#8220; custom_padding=&#8220;||13px&#8220; locked=&#8220;off&#8220; global_colors_info=&#8220;{}&#8220;]<\/p>\n<div>\n<p><strong><span><u>Anmeldung und Zahlung:<\/u><\/span><\/strong><\/p>\n<p>F\u00fcr die Teilnahme an unseren Forschungsstudien wie Retreats, Zeremonien, Di\u00e4ten und Behandlungen erheben wir einen Forschungsbeitrag, der sich in eine Anmeldegeb\u00fchr und eine Retreatgeb\u00fchr aufteilt.<br \/>Um Deine Teilnahme zu best\u00e4tigen, ist eine Anzahlung in Form einer Anmeldegeb\u00fchr erforderlich, die sp\u00e4testens eine Woche nach Deiner Anmeldung auf unser Bankkonto zu \u00fcberwiesen ist<br \/>Sobald der Betrag auf unserem Bankkonto eingegangen ist, ist Dein Platz bei unserem Retreat oder unserer Zeremonie best\u00e4tigt.<\/p>\n<p>Anmeldegeb\u00fchr f\u00fcr 1-Tages \u00a0Zeremonie: \u00a0 \u00a0 \u00a0 \u00a0 \u00a0 \u00a0 \u00a0 \u00a0 \u00a0 \u00a0 \u00a0 \u00a0 \u00a0 \u00a0 \u00a0 \u00a0 \u00a0 \u00a0 \u00a0\u20ac \u00a0 80,-<br \/>Anmeldegeb\u00fchr f\u00fcr 2-Tages Zeremonie: \u00a0 \u00a0 \u00a0 \u00a0 \u00a0 \u00a0 \u00a0 \u00a0 \u00a0 \u00a0 \u00a0 \u00a0 \u00a0 \u00a0 \u00a0 \u00a0 \u00a0 \u00a0 \u00a0 \u20ac 150,-<br \/>Anmeldegeb\u00fchr f\u00fcr die 3-N\u00e4chte Retreats: \u00a0 \u00a0 \u00a0 \u00a0 \u00a0 \u00a0 \u00a0 \u00a0 \u00a0 \u00a0 \u00a0 \u00a0 \u00a0 \u00a0 \u00a0 \u00a0 \u00a0\u20ac 250,-<br \/>Anmeldegeb\u00fchr f\u00fcr 5-Tages Retreats \u00a0 \u00a0 \u00a0 \u00a0 \u00a0 \u00a0 \u00a0 \u00a0 \u00a0 \u00a0 \u00a0 \u00a0 \u00a0 \u00a0 \u00a0 \u00a0 \u00a0 \u00a0 \u00a0 \u00a0 \u00a0 \u00a0\u20ac 300,-<br \/>Anmeldegeb\u00fchr f\u00fcr 7- bis 10-Tages Retreats: \u00a0 \u00a0 \u00a0 \u00a0 \u00a0 \u00a0 \u00a0 \u00a0 \u00a0 \u00a0 \u00a0 \u00a0 \u00a0 \u00a0 \u00a0\u20ac 400,-<br \/>Anmeldegeb\u00fchr f\u00fcr 11-Tages Dietas \/ 11-Tages Retreats: \u00a0 \u00a0 \u00a0 \u00a0 \u20ac 600,-<br \/>Anmeldegeb\u00fchr f\u00fcr 3- oder 4-Wochen-Dietas: \u00a0 \u00a0 \u00a0 \u00a0 \u00a0 \u00a0 \u00a0 \u00a0 \u00a0 \u00a0 \u00a0 \u00a0 \u00a0\u20ac 1000,-<\/p>\n<p>Der Rest des Retreatpreises (inklusive Unterkunft und Verpflegung) kann entweder sofort zusammen mit der Anmeldegeb\u00fchr oder sp\u00e4testens zwei Wochen vor dem Retreat per Bank\u00fcberweisung bezahlt werden.<br \/>Auf Wunsch kann es auch m\u00f6glich sein, den Restbetrag zu Beginn des Retreats in bar zu bezahlen.<\/p>\n<p><strong><span style=\"text-decoration: underline;\">Storno Bedingungen:<\/span><\/strong><\/p>\n<p><span style=\"text-decoration: underline;\"><em>Bei Stornierungen durch Teilnehmer:<br \/><\/em><\/span>Die Anmeldegeb\u00fchr (Anzahlung) ist nicht erstattungsf\u00e4hig. Mit der Anmeldegeb\u00fchr reservierst Du Deinen Platz. Bei einer Stornierung wird die Anmeldegeb\u00fchr einbehalten und als Stornogeb\u00fchr verrechnet.<\/p>\n<p>Bei einer Stornierung bis 8 Tage vor dem Retreat wird die Anmeldegeb\u00fchr als Stornogeb\u00fchr verrechnet und der Rest der Retreatgeb\u00fchr (inkl. \u00dcbernachtungsgeb\u00fchr und Verpflegung) zur\u00fcckerstattet.<\/p>\n<p>Bei einer Stornierung innerhalb von 1 Woche vor dem Retreat wird die Anmeldegeb\u00fchr als Stornogeb\u00fchr verrechnet und der Rest der Retreatgeb\u00fchr (inkl. \u00dcbernachtungsgeb\u00fchr und Verpflegung) auf ein bevorstehendes Retreat angerechnet. Eine R\u00fcckerstattung der Retreat-Geb\u00fchr ist nicht vorgesehen, das Guthaben bleibt jedoch bis zur Einl\u00f6sung bestehen.<\/p>\n<p>Bei einer Stornierung am 1. Tag des Retreats oder w\u00e4hrend des Retreats betr\u00e4gt die Stornogeb\u00fchr 100% des Forschungsbeitrages (Anmeldegeb\u00fchr und Retreatgeb\u00fchr inkl. \u00dcbernachtungsgeb\u00fchr und Verpflegung). Der Forschungsbeitrag ist nicht erstattungsf\u00e4hig. In diesem Fall werden wir den gesamten Forschungsbeitrag\u00a0(Anmeldegeb\u00fchr und Retreatgeb\u00fchr inkl. \u00dcbernachtungsgeb\u00fchr und Verpflegung) als Stornogeb\u00fchr einbehalten und in Rechnung stellen.<\/p>\n<p><span><i><u>Stornierung von\u00a0unserer Seite:<\/u><\/i><\/span><br \/>Je nach Veranstaltungsort gibt es f\u00fcr die Retreats und Zeremonien eine Mindestteilnehmerzahl.<br \/>Sollten zu einem Retreat nicht gen\u00fcgend Teilnehmer angemeldet sein, behalten wir uns das Recht vor, das Retreat abzusagen und die bereits geleistete Zahlung, unabh\u00e4ngig vom Zeitraum, zu erstatten. Andere anfallende Kosten wie Reisekosten (z. B. Flugtickets, Bahntickets oder Bustickets) k\u00f6nnen wir nicht erstatten.<\/p>\n<p><span style=\"text-decoration: underline;\"><em>Stornierung durch h\u00f6here Gewalt (zum Beispiel aufgrund von COVID-Einschr\u00e4nkungen):<\/em><\/span><br \/>Ist das Retreat aufgrund unvorhersehbarer Umst\u00e4nde, wie z. B. unwiderstehlicher Zwang, h\u00f6here Gewalt, COVID-Einschr\u00e4nkungen oder \u00e4hnliche Regulierungen, die uns an der Durchf\u00fchrung des Retreats hindern, nicht durchf\u00fchrbar und muss abgesagt oder verschoben werden, wird die Anmeldegeb\u00fchr nicht zur\u00fcckerstattet. Stattdessen wird die Anmeldegeb\u00fchr als Gutschrift f\u00fcr eines unserer kommenden Retreats gutgeschrieben. Solltest Du innerhalb der n\u00e4chsten 24 Monate nicht an einem Retreat teilnehmen k\u00f6nnen, erstatten wir die Anmeldegeb\u00fchr zur\u00fcck. Wir werden unser Bestes tun, um den Betrag so schnell wie m\u00f6glich zu erstatten, jedoch kann dies, je nach unserer wirtschaftlichen Situation bis zu 24 Monate dauern. Andere anfallende Kosten wie Reisekosten (z. B. Flugtickets, Bahntickets oder Bustickets) k\u00f6nnen wir nicht erstatten.<\/p>\n<\/div>\n<div>\n<p>&nbsp;<\/p>\n<p><strong><span style=\"text-decoration: underline;\">Medikamente und Gesundheitsthemen:<\/span><\/strong><\/p>\n<div>\n<p>Es ist erforderlich, uns im Vertrauen zu informieren, insofern einer der folgenden Punkte auf Dich\u00a0zutrifft:<\/p>\n<\/div>\n<div>\n<ul>\n<li>wenn Du\u00a0Medikamente einnimmst<\/li>\n<li>wenn Du regelm\u00e4\u00dfig Drogen zu\u00a0Dir nimmst<\/li>\n<li>wenn Du an psychischen Problemen leidest<\/li>\n<li>wenn Du ein Herzleiden\u00a0hast<\/li>\n<li>wenn Du an chronischen Bluthochdruck\u00a0leidest<\/li>\n<li>wenn Du an Leber-Problemen\u00a0leidest<\/li>\n<li>wenn Du Schwanger\u00a0bist<\/li>\n<li>wenn Du w\u00e4hrend des Retreats\u00a0Deine\u00a0Menstruation\u00a0hast<\/li>\n<\/ul>\n<\/div>\n<p>Unsere Retreats, Zeremonien und Einzelbehandlungen ersetzen keine \u00e4rztliche Behandlung.<\/p>\n<\/div>\n<p>[\/et_pb_blurb][et_pb_text ul_position=&#8220;inside&#8220; _builder_version=&#8220;4.17.1&#8243; ul_font=&#8220;||||||||&#8220; ol_font=&#8220;||||||||&#8220; global_colors_info=&#8220;{}&#8220;]<\/p>\n<div>\n<p><strong><span style=\"text-decoration: underline;\">Mitgliedschaft:<\/span><\/strong><\/p>\n<p>Um Mitglied in unserem Verein \u2018Visiones\u2019 zu werden, bieten wir verschiedene Mitgliedschaftsarten an:<\/p>\n<ul>\n<li>1-j\u00e4hrige F\u00f6rdermitgliedschaft ohne automatische j\u00e4hrliche Verl\u00e4ngerung<\/li>\n<li>1-j\u00e4hrige F\u00f6rdermitgliedschaft mit automatischer j\u00e4hrlicher Verl\u00e4ngerung<\/li>\n<li>Kostenlose Kurzmitgliedschaft (33 Tage) f\u00fcr Teilnehmer an unseren Forschungsstudien, die u.a. aus Retreats, Zeremonien, individuellen Behandlungen und Reisen bestehen k\u00f6nnen.<\/li>\n<\/ul>\n<p>Die einj\u00e4hrige F\u00f6rdermitgliedschaft ohne automatische j\u00e4hrliche Verl\u00e4ngerung endet am 31. Dezember des laufenden Jahres.<br \/>Der Mitgliedsbeitrag ist innerhalb von 14 Tagen nach Antrag des Mitgliedsantrags zu zahlen.<br \/>Die einj\u00e4hrige F\u00f6rdermitgliedschaft mit automatischer j\u00e4hrlicher Verl\u00e4ngerung endet am 31. Dezember und wird automatisch um ein weiteres Jahr verl\u00e4ngert, sofern sie nicht mit einer Frist von einem Monat zum Ende des Mitgliedsjahres gek\u00fcndigt wird.<br \/>Der Mitgliedsbeitrag ist innerhalb von 14 Tagen nach Antragstellung des Mitgliedsantrags und danach j\u00e4hrlich bis zum 31. Januar zahlbar.<br \/>Die kostenlose Kurzmitgliedschaft beginnt am ersten Tag der Teilnahme an einer unserer Forschungsstudien und endet nach 33 Tagen.<br \/>F\u00fcr diese Art der Mitgliedschaft ist keine Mitgliedsgeb\u00fchr erforderlich.<\/p>\n<p><strong>Forschungsstudien:<\/strong><\/p>\n<p>Alle unsere Retreats, Zeremonien, individuelle Behandlungen, Hausreinigung, Reisen und andere angebotene Aktivit\u00e4ten dienen als Forschungsstudien, um die Wirkung der angewandten Praktiken und Pflanzen als ganzheitliche Heiltechniken zu untersuchen und auzuwerten.<br \/>Unser Ziel ist die Unterst\u00fctzung der ganzheitlichen Heilung von K\u00f6rper, Geist und Seele mit alternativen Praktiken, um so ein Gleichgewicht im Leben zu f\u00f6rdern, sowie einen alternativen gesunden Lebensstil zu unterst\u00fctzen, der mit unserer Natur in Einklang steht.<br \/>Unsere Retreats, Zeremonien und individuellen Behandlungen ersetzen keine medizinische Behandlung.<\/p>\n<p><strong>Beschreibung des Heilers:<\/strong><\/p>\n<p>In unseren Retreats arbeiten wir mit Lehrern und Heilern anderer Traditionen und von indigenen St\u00e4mmen zusammen, die nicht in westlichen Heilverfahren ausgebildet sind. Ihre und unsere Arbeit basiert auf energetischen schamanischen Praktiken mit der Unterst\u00fctzung nat\u00fcrlicher Heilpflanzen und Kr\u00e4uter sowie Heilsteinen.<\/p>\n<p><strong>Einnahmen:<\/strong><\/p>\n<p>Die Visiones Asociaci\u00f3n ist eine gemeinn\u00fctzige Organisation. Die Erl\u00f6se und die eingegangenen Spenden werden zur Umsetzung eigener interner und externer Projekte, zur Deckung von Vereinskosten und zur Unterst\u00fctzung von Partnerprojekten sowie anderen Projekten und Organisationen verwendet.<\/p>\n<\/div>\n<p>[\/et_pb_text][et_pb_divider _builder_version=&#8220;4.16&#8243; module_alignment=&#8220;center&#8220; custom_margin=&#8220;||7px&#8220; global_colors_info=&#8220;{}&#8220;][\/et_pb_divider][et_pb_text ul_position=&#8220;inside&#8220; _builder_version=&#8220;4.24.0&#8243; ul_font=&#8220;||||||||&#8220; ol_font=&#8220;||||||||&#8220; hover_enabled=&#8220;0&#8243; global_colors_info=&#8220;{}&#8220; sticky_enabled=&#8220;0&#8243; locked=&#8220;off&#8220;]<\/p>\n<p><span style=\"text-decoration: underline;\">Konto:<\/span><\/p>\n<p>Inhaber: \u00a0Visiones<br \/>IBAN: \u00a0 \u00a0 \u00a0 B<span>E41 9678 9916 5310<\/span><br \/>BIC: \u00a0 \u00a0 \u00a0 \u00a0 \u00a0<span>TRWIBEB1XXX<\/span><br \/>Bank: \u00a0 \u00a0 \u00a0 Wise<\/p>\n<p>&nbsp;<\/p>\n<p>[\/et_pb_text][et_pb_divider _builder_version=&#8220;4.16&#8243; module_alignment=&#8220;center&#8220; custom_margin=&#8220;||7px&#8220; global_colors_info=&#8220;{}&#8220;][\/et_pb_divider][\/et_pb_column][\/et_pb_row][\/et_pb_section][et_pb_section fb_built=&#8220;1&#8243; admin_label=&#8220;section&#8220; _builder_version=&#8220;4.16&#8243; background_color=&#8220;rgba(255,255,255,0)&#8220; da_disable_devices=&#8220;off|off|off&#8220; transparent_background=&#8220;on&#8220; global_colors_info=&#8220;{}&#8220; da_is_popup=&#8220;off&#8220; da_exit_intent=&#8220;off&#8220; da_has_close=&#8220;on&#8220; da_alt_close=&#8220;off&#8220; da_dark_close=&#8220;off&#8220; da_not_modal=&#8220;on&#8220; da_is_singular=&#8220;off&#8220; da_with_loader=&#8220;off&#8220; da_has_shadow=&#8220;on&#8220;][\/et_pb_section]<\/p>\n","protected":false},"excerpt":{"rendered":"<p>AGB\u00b4s Anmeldung und Zahlung: F\u00fcr die Teilnahme an unseren Forschungsstudien wie Retreats, Zeremonien, Di\u00e4ten und Behandlungen erheben wir einen Forschungsbeitrag, der sich in eine Anmeldegeb\u00fchr und eine Retreatgeb\u00fchr aufteilt.Um Deine Teilnahme zu best\u00e4tigen, ist eine Anzahlung in Form einer Anmeldegeb\u00fchr erforderlich, die sp\u00e4testens eine Woche nach Deiner Anmeldung auf unser Bankkonto zu \u00fcberwiesen istSobald der [&hellip;]<\/p>\n","protected":false},"author":1,"featured_media":0,"parent":0,"menu_order":0,"comment_status":"closed","ping_status":"closed","template":"","meta":{"_et_pb_use_builder":"on","_et_pb_old_content":"","_et_gb_content_width":"","footnotes":""},"class_list":["post-5554","page","type-page","status-publish","hentry"],"aioseo_notices":[],"_links":{"self":[{"href":"https:\/\/visiones.org\/de\/wp-json\/wp\/v2\/pages\/5554","targetHints":{"allow":["GET"]}}],"collection":[{"href":"https:\/\/visiones.org\/de\/wp-json\/wp\/v2\/pages"}],"about":[{"href":"https:\/\/visiones.org\/de\/wp-json\/wp\/v2\/types\/page"}],"author":[{"embeddable":true,"href":"https:\/\/visiones.org\/de\/wp-json\/wp\/v2\/users\/1"}],"replies":[{"embeddable":true,"href":"https:\/\/visiones.org\/de\/wp-json\/wp\/v2\/comments?post=5554"}],"version-history":[{"count":16,"href":"https:\/\/visiones.org\/de\/wp-json\/wp\/v2\/pages\/5554\/revisions"}],"predecessor-version":[{"id":31399,"href":"https:\/\/visiones.org\/de\/wp-json\/wp\/v2\/pages\/5554\/revisions\/31399"}],"wp:attachment":[{"href":"https:\/\/visiones.org\/de\/wp-json\/wp\/v2\/media?parent=5554"}],"curies":[{"name":"wp","href":"https:\/\/api.w.org\/{rel}","templated":true}]}}