{"id":6482,"date":"2019-05-09T12:55:36","date_gmt":"2019-05-09T12:55:36","guid":{"rendered":"https:\/\/visiones.org\/rape-zeremonie"},"modified":"2024-12-18T13:22:46","modified_gmt":"2024-12-18T13:22:46","slug":"rapeh-zeremonie","status":"publish","type":"page","link":"https:\/\/visiones.org\/de\/rapeh-zeremonie","title":{"rendered":"Rap\u00e9 Zeremonie"},"content":{"rendered":"<p>[et_pb_section fb_built=&#8221;1&#8243; admin_label=&#8221;section&#8221; _builder_version=&#8221;4.16&#8243; background_color=&#8221;rgba(255,255,255,0)&#8221; da_disable_devices=&#8221;off|off|off&#8221; transparent_background=&#8221;on&#8221; global_colors_info=&#8221;{}&#8221; da_is_popup=&#8221;off&#8221; da_exit_intent=&#8221;off&#8221; da_has_close=&#8221;on&#8221; da_alt_close=&#8221;off&#8221; da_dark_close=&#8221;off&#8221; da_not_modal=&#8221;on&#8221; da_is_singular=&#8221;off&#8221; da_with_loader=&#8221;off&#8221; da_has_shadow=&#8221;on&#8221;][et_pb_row admin_label=&#8221;row&#8221; _builder_version=&#8221;4.27.0&#8243; max_width=&#8221;1155px&#8221; custom_margin=&#8221;||62px||false|false&#8221; custom_padding=&#8221;58px|40px|37px|40px|false|false&#8221; border_radii=&#8221;on|30px|30px|30px|30px&#8221; border_color_all=&#8221;#cfa953&#8243; border_style_all=&#8221;none&#8221; border_width_top=&#8221;1px&#8221; border_width_bottom=&#8221;1px&#8221; global_colors_info=&#8221;{}&#8221;][et_pb_column type=&#8221;4_4&#8243; _builder_version=&#8221;4.16&#8243; custom_padding=&#8221;|||&#8221; global_colors_info=&#8221;{}&#8221; custom_padding__hover=&#8221;|||&#8221;][et_pb_blurb image=&#8221;https:\/\/visiones.org\/wp-content\/uploads\/2023\/02\/Rape-Sananga-Ceremony-with-Sanken-Tsoma.jpg&#8221; image_icon_width=&#8221;91%&#8221; content_max_width=&#8221;647px&#8221; _builder_version=&#8221;4.17.1&#8243; header_font=&#8221;||||||||&#8221; header_line_height=&#8221;1.2em&#8221; body_font=&#8221;||||||||&#8221; body_text_align=&#8221;right&#8221; body_line_height=&#8221;1em&#8221; background_size=&#8221;initial&#8221; background_position=&#8221;top_left&#8221; background_repeat=&#8221;repeat&#8221; text_orientation=&#8221;center&#8221; image_max_width=&#8221;91%&#8221; global_colors_info=&#8221;{}&#8221;]<\/p>\n<p class=\"page\" title=\"Page 1\" style=\"text-align: right;\">* painted by <a href=\"https:\/\/www.facebook.com\/geenss.archenttiflores\" target=\"_blank\" rel=\"noopener noreferrer\">Geens Archenti Flores<\/a><\/p>\n<p>[\/et_pb_blurb][et_pb_blurb title=&#8221;Rap\u00e9 &#038; Sananga Zeremonie&#8221; content_max_width=&#8221;1100px&#8221; _builder_version=&#8221;4.27.0&#8243; header_font=&#8221;|600|||||||&#8221; header_font_size=&#8221;30px&#8221; header_line_height=&#8221;1.2em&#8221; background_size=&#8221;initial&#8221; background_position=&#8221;top_left&#8221; background_repeat=&#8221;repeat&#8221; text_orientation=&#8221;center&#8221; custom_padding=&#8221;||1px|||&#8221; global_colors_info=&#8221;{}&#8221;]<\/p>\n<p class=\"page\" title=\"Page 1\">mit\u00a0<a href=\"https:\/\/visiones.org\/de\/die-inkanima-lineage#SankenTsomaMetsaYaka\">Sanken Tsoma<\/a><\/p>\n<p class=\"page\" title=\"Page 1\" style=\"text-align: justify;\">Rap\u00e9 (ausgesprochen Hapee) ist eine heilige und starke Medizin, mit tiefen heilenden, reinigenden und zentrierenden Eigenschaften, welche seit Jahrhunderten von brasilianischen, indigenen St\u00e4mmen, wie den Huni Kuin, Yawanawa, Nukini, etc. hergestellt und verwendet wird.<\/p>\n<div class=\"page\" title=\"Page 1\">\n<div class=\"layoutArea\">\n<div class=\"column\">\n<p style=\"text-align: justify;\">Der Rap\u00e9 ist eine pulverf\u00f6rmige Mixtur, hergestellt aus fein gemahlenem Mapacho Tabak, sowie Bestandteilen oder Asche von verschiedenen Heilpflanzen, welche durch ein Rohr (Tepi) in die Nase gepustet wird. Er reinigt dabei k\u00f6rperlich &amp; energetisch, heilt, \u00f6ffnet das Herz, zentriert<span class=\"text_exposed_show\"> den Geist, kl\u00e4rt das Bewusstsein und s\u00e4ubert dabei ebenso die Zirbeldr\u00fcse. Rap\u00e9 ist sehr gut, um sich zu fokussieren und die Konzentration in der Meditation besser aufrecht zu erhalten.<\/span><\/p>\n<p style=\"text-align: justify;\">Die Rap\u00e9 Zeremonie wird w\u00e4hrend drei Rap\u00e9 sharings in drei Themen gegliedert:<\/p>\n<p style=\"text-align: justify;\">Spirit\/Geist \u2013 K\u00f6rper \u2013 Herz<\/p>\n<ul style=\"text-align: justify;\">\n<li style=\"text-align: justify;\">der Spirit und Geist des Teilnehmers wird zentriert und gekl\u00e4rt<\/li>\n<li style=\"text-align: justify;\">der K\u00f6rper wird von unheilsamen, schweren und blockierenden Energien gereinigt<\/li>\n<li style=\"text-align: justify;\">das Herz-Chakra wird ge\u00f6ffnet, sodass Liebe und Selbstliebe wieder besser in Fluss kommen und somit Dein Herz Heilung in sich selbst finden kann<\/li>\n<\/ul>\n<p style=\"text-align: justify;\">Die Zeremonie ist ein starker Reinigungsprozess und es kann sein, dass man sich w\u00e4hrend der Zeremonie \u00fcbergeben muss, was ein gew\u00fcnschter Effekt ist. Es ist m\u00f6glich, dass Emotionen hoch kommen, damit diese sich l\u00f6sen k\u00f6nnen. Nach der Zeremonie f\u00fchlt man sich normalerweise etwas ersch\u00f6pft und m\u00fcde, aber in der Regel sehr wohl, klarer, zentrierter und nach einer Nacht Schlaf wieder energetisiert mit neuen Energien aufgeladen.<\/p>\n<p style=\"text-align: justify;\">W\u00e4hrend der Zeremonie werden Icaros &#8211; indigene Heilges\u00e4nge des Shipibo-Conibo Volkes gesungen, die direkt im Energiefeld der Teilnehmer wirken. Ebenso wird mit der Pfeife und Mapacho Tabak gearbeitet und bei Bedarf k\u00f6nnen schwere Energie im K\u00f6rper mit den H\u00e4nden herausgezogen werden.<\/p>\n<p style=\"text-align: justify;\">Im letzten Teil der Zeremonie wird im Anschluss an die Rap\u00e9 sharings die Augentropfen Medizin Sananga ausgegeben (an jene die m\u00f6chten).<br \/>Sananga \u2013 welche auch \u201cQueen of the Forest\u201c genannt wird \u2013 ist ebenfalls eine sehr starke Medizin, hergestellt aus der Wurzel und der Rinde des Strauches Tabernaemontana undulata.<br \/>In die Augen getropft, welches die Fenster zur Seele sind, kann es somit sowohl auf physischer als auch auf seelischer Ebene heilen. Es kl\u00e4rt den Geist von st\u00f6renden Energien, hilft dabei wieder mit mehr Klarheit sehen zu k\u00f6nnen, besser zu fokussieren und zu zentrieren.<br \/>Ebenso ist es ein starkes Heilmittel bei Erkrankungen des Auges.<\/p>\n<p style=\"text-align: justify;\">Die drei verschiedenen Rap\u00e9 Sorten, mit welchen in dieser Zeremonie gearbeitet wird, sind sehr stake, intensive und tief reinigende Rap\u00e9\u00b4s.<br \/>Ebenso ist das Sananga, mit welchem gearbeitet wird ein sehr sehr starkes und potentes.<\/p>\n<p style=\"text-align: justify;\">Die Zeremonie dauert ca. vier Stunden und wird geleitet\u00a0von <a href=\"https:\/\/visiones.org\/de\/die-inkanima-lineage#SankenTsomaMetsaYaka\">Sanken Tsoma<\/a>\u00a0(f\u00fcr mehr Infos auf den Namen klicken), welcher in der Inkanima Lineage arbeitet und neben diversen Master Pant Dietas, unter anderem von dem Shipibo Maestro Inkanima (aus dem peruanischen Amazonas) und dem Q\u2019ero \/ Inka Heiler Don Eduardo Chura Apaza (aus den peruanischen Anden) im Umgang mit Heilpflanzen und energetischer Arbeit gelehrt und initiert wurde.<\/p>\n<p style=\"text-align: justify;\"><span style=\"text-decoration: underline;\"><\/span><\/p>\n<p style=\"text-align: justify;\"><span style=\"text-decoration: underline; font-size: large;\">Bevorstehende\u00a0Termine:<\/span><\/p>\n<p style=\"text-align: justify;\"><strong>Wien \/ \u00d6sterreich:<\/strong><br \/>06\/12\/2024 \/\/\/ 19-23 Uhr<br \/>Alkemy Soul &#8211; 1040 Wien<br \/>Preis: \u20ac 90,-<\/p>\n<p style=\"text-align: justify;\"><strong>Raum Linz \/ \u00d6sterreich:<\/strong><br \/>10\/12\/2024 \/\/\/ 18-22 Uhr<br \/>Raum Linz &#8211; <span>4201 Eidenberg<\/span><br \/>Preis: \u20ac 90,-<\/p>\n<p style=\"text-align: left;\"><strong>Bremen \/ Deutschland:<\/strong><br \/>18\/12\/2024 \/\/\/ 18-22 Uhr<br \/>Das Rote Haus &#8211; 28209 Bremen<br \/>Preis: \u20ac 70,-<\/p>\n<p style=\"text-align: left;\">\n<p style=\"text-align: left;\"><strong>Berlin \/ Deutschland:<\/strong><br \/>20\/12\/2024 \/\/\/ 18-22 Uhr<br \/>12589\u00a0K\u00f6penick &#8211;\u00a0S-Bahn Haltestelle Wilhelmshagen<br \/>Preis: \u20ac 90,-<\/p>\n<\/div>\n<\/div>\n<\/div>\n<p>[\/et_pb_blurb][\/et_pb_column][\/et_pb_row][et_pb_row _builder_version=&#8221;4.27.0&#8243; max_width=&#8221;1155px&#8221; custom_padding=&#8221;32px|40px|0|40px|false|false&#8221; border_radii=&#8221;on|30px|30px|30px|30px&#8221; border_color_all=&#8221;#cfa953&#8243; border_style_all=&#8221;none&#8221; border_width_top=&#8221;1px&#8221; border_width_bottom=&#8221;1px&#8221; locked=&#8221;off&#8221; global_colors_info=&#8221;{}&#8221;][et_pb_column type=&#8221;4_4&#8243; _builder_version=&#8221;4.16&#8243; custom_padding=&#8221;|||&#8221; global_colors_info=&#8221;{}&#8221; custom_padding__hover=&#8221;|||&#8221;][et_pb_text _builder_version=&#8221;4.16&#8243; _module_preset=&#8221;default&#8221; header_3_font=&#8221;|600|||||||&#8221; header_3_font_size=&#8221;30px&#8221; global_colors_info=&#8221;{}&#8221;]<\/p>\n<h3 style=\"text-align: center;\">Buche Deinen Platz<\/h3>\n<p>[\/et_pb_text][et_pb_divider _builder_version=&#8221;4.16&#8243; animation_style=&#8221;roll&#8221; global_colors_info=&#8221;{}&#8221;][\/et_pb_divider][et_pb_text _builder_version=&#8221;4.17.1&#8243; _module_preset=&#8221;default&#8221; global_colors_info=&#8221;{}&#8221;]<\/p>\n<p style=\"text-align: center;\">Um Deinen Platz f\u00fcr die Rap\u00e9 &amp; Sananga Zeremonie zu buchen, klicke bitte auf den &#8220;Anmelden&#8221; Button.<br \/>Bei weiteren Fragen sende uns bitte eine E-Mail an:<br \/><a href=\"mailto:info@visiones,org\">info@visiones.org<\/a><\/p>\n<p>[\/et_pb_text][et_pb_button button_url=&#8221;https:\/\/visiones.org\/de\/anmeldeformular-rapeh-zeremonien-cacao-breathwork-zeremonien&#8221; url_new_window=&#8221;on&#8221; button_text=&#8221;Anmelden&#8221; button_alignment=&#8221;center&#8221; _builder_version=&#8221;4.17.1&#8243; custom_button=&#8221;on&#8221; button_text_color=&#8221;#ffffff&#8221; button_bg_color=&#8221;#ffffff&#8221; button_bg_use_color_gradient=&#8221;on&#8221; button_bg_color_gradient_stops=&#8221;#cfa953 0%|rgba(207,169,83,0.65) 100%&#8221; button_bg_color_gradient_start=&#8221;#cfa953&#8243; button_bg_color_gradient_end=&#8221;rgba(207,169,83,0.65)&#8221; button_font=&#8221;||||||||&#8221; button_icon_color=&#8221;#ffffff&#8221; animation_style=&#8221;slide&#8221; box_shadow_style=&#8221;preset2&#8243; locked=&#8221;off&#8221; global_colors_info=&#8221;{}&#8221;][\/et_pb_button][et_pb_divider _builder_version=&#8221;4.16&#8243; min_height=&#8221;24px&#8221; custom_margin=&#8221;10px|||||&#8221; custom_padding=&#8221;||23px|||&#8221; animation_style=&#8221;roll&#8221; global_colors_info=&#8221;{}&#8221;][\/et_pb_divider][\/et_pb_column][\/et_pb_row][\/et_pb_section]<\/p>\n","protected":false},"excerpt":{"rendered":"<p>* painted by Geens Archenti Floresmit\u00a0Sanken Tsoma Rap\u00e9 (ausgesprochen Hapee) ist eine heilige und starke Medizin, mit tiefen heilenden, reinigenden und zentrierenden Eigenschaften, welche seit Jahrhunderten von brasilianischen, indigenen St\u00e4mmen, wie den Huni Kuin, Yawanawa, Nukini, etc. hergestellt und verwendet wird. Der Rap\u00e9 ist eine pulverf\u00f6rmige Mixtur, hergestellt aus fein gemahlenem Mapacho Tabak, sowie Bestandteilen [&hellip;]<\/p>\n","protected":false},"author":1,"featured_media":0,"parent":0,"menu_order":0,"comment_status":"closed","ping_status":"closed","template":"","meta":{"_et_pb_use_builder":"on","_et_pb_old_content":"","_et_gb_content_width":"","footnotes":""},"class_list":["post-6482","page","type-page","status-publish","hentry"],"aioseo_notices":[],"_links":{"self":[{"href":"https:\/\/visiones.org\/de\/wp-json\/wp\/v2\/pages\/6482","targetHints":{"allow":["GET"]}}],"collection":[{"href":"https:\/\/visiones.org\/de\/wp-json\/wp\/v2\/pages"}],"about":[{"href":"https:\/\/visiones.org\/de\/wp-json\/wp\/v2\/types\/page"}],"author":[{"embeddable":true,"href":"https:\/\/visiones.org\/de\/wp-json\/wp\/v2\/users\/1"}],"replies":[{"embeddable":true,"href":"https:\/\/visiones.org\/de\/wp-json\/wp\/v2\/comments?post=6482"}],"version-history":[{"count":40,"href":"https:\/\/visiones.org\/de\/wp-json\/wp\/v2\/pages\/6482\/revisions"}],"predecessor-version":[{"id":31936,"href":"https:\/\/visiones.org\/de\/wp-json\/wp\/v2\/pages\/6482\/revisions\/31936"}],"wp:attachment":[{"href":"https:\/\/visiones.org\/de\/wp-json\/wp\/v2\/media?parent=6482"}],"curies":[{"name":"wp","href":"https:\/\/api.w.org\/{rel}","templated":true}]}}