{"id":6489,"date":"2019-05-09T13:02:19","date_gmt":"2019-05-09T13:02:19","guid":{"rendered":"https:\/\/visiones.org\/schamanische-reinigungsanwendung"},"modified":"2024-11-18T18:33:03","modified_gmt":"2024-11-18T18:33:03","slug":"schamanische-reinigungsanwendung","status":"publish","type":"page","link":"https:\/\/visiones.org\/de\/schamanische-reinigungsanwendung","title":{"rendered":"Schamanische Reinigungsanwendung"},"content":{"rendered":"<p>[et_pb_section fb_built=&#8220;1&#8243; admin_label=&#8220;section&#8220; _builder_version=&#8220;4.16&#8243; background_color=&#8220;rgba(255,255,255,0)&#8220; da_disable_devices=&#8220;off|off|off&#8220; transparent_background=&#8220;on&#8220; global_colors_info=&#8220;{}&#8220; da_is_popup=&#8220;off&#8220; da_exit_intent=&#8220;off&#8220; da_has_close=&#8220;on&#8220; da_alt_close=&#8220;off&#8220; da_dark_close=&#8220;off&#8220; da_not_modal=&#8220;on&#8220; da_is_singular=&#8220;off&#8220; da_with_loader=&#8220;off&#8220; da_has_shadow=&#8220;on&#8220;][et_pb_row admin_label=&#8220;row&#8220; _builder_version=&#8220;4.16&#8243; background_size=&#8220;initial&#8220; background_position=&#8220;top_left&#8220; background_repeat=&#8220;repeat&#8220; global_colors_info=&#8220;{}&#8220; custom_margin=&#8220;|318px||auto||&#8220;][et_pb_column type=&#8220;4_4&#8243; _builder_version=&#8220;4.16&#8243; custom_padding=&#8220;|||&#8220; global_colors_info=&#8220;{}&#8220; custom_padding__hover=&#8220;|||&#8220;][et_pb_image src=&#8220;https:\/\/visiones.org\/wp-content\/uploads\/2022\/04\/Sanken-Tsoma-Sierra-de-Grazalema-kleiner.jpg&#8220; title_text=&#8220;Sanken Tsoma &#8211; Sierra de Grazalema (kleiner)&#8220; _builder_version=&#8220;4.17.1&#8243; _module_preset=&#8220;default&#8220; width=&#8220;64%&#8220; max_width=&#8220;64%&#8220; module_alignment=&#8220;center&#8220; global_colors_info=&#8220;{}&#8220;][\/et_pb_image][et_pb_blurb title=&#8220;Individuelle Healing Sessions &#038; schamanische Massagen&#8220; content_max_width=&#8220;1100px&#8220; _builder_version=&#8220;4.27.0&#8243; header_font=&#8220;|600|||||||&#8220; header_font_size=&#8220;30px&#8220; header_line_height=&#8220;1.2em&#8220; body_font=&#8220;||||||||&#8220; background_size=&#8220;initial&#8220; background_position=&#8220;top_left&#8220; background_repeat=&#8220;repeat&#8220; text_orientation=&#8220;center&#8220; custom_margin_tablet=&#8220;&#8220; custom_margin_phone=&#8220;&#8220; custom_margin_last_edited=&#8220;on|desktop&#8220; hover_enabled=&#8220;0&#8243; global_colors_info=&#8220;{}&#8220; sticky_enabled=&#8220;0&#8243;]<\/p>\n<p class=\"page\" title=\"Page 1\">mit\u00a0<a href=\"https:\/\/visiones.org\/de\/die-inkanima-lineage#SankenTsomaMetsaYaka\">Sanken Tsoma<\/a><\/p>\n<p class=\"page\" title=\"Page 1\" style=\"text-align: justify;\"><span style=\"text-align: justify;\"><span>Individuelle Healing Sessions und schamanische Heilmassagen zur energetischen Reinigung, Traumaarbeit,\u00a0Heilung des Energiek\u00f6rpers, des Emotionalk\u00f6rpers,\u00a0des physischen K\u00f6rpers und des Geistes,\u00a0nach intuitivem Einsatz verschiedener schamanischer Energien &amp; Techniken.<br \/><\/span><\/span><\/p>\n<p class=\"page\" title=\"Page 1\" style=\"text-align: justify;\"><span style=\"text-align: justify;\"><span>Je nach Bedarf, k\u00f6nnen durch diese Arbeit Emotionen im Emotionalk\u00f6rper gel\u00f6st, physische und seelische Traumata bearbeitet, Schmerzen gelindert,\u00a0energetische Blockaden gel\u00f6st, sowie Fremdenergien aus dem\u00a0K\u00f6rper bereinigt werden. Neue Klarheit \u00fcber aktuelle Lebensthemen kann sich dadurch entfalten und in schwierigen Lebenssituationen kann diese Art der Behandlung sehr\u00a0unterst\u00fctzend wirken.<br \/>Durch die verschiedenen Techniken, welche zur Anwendung kommen k\u00f6nnen, kann so\u00a0ein\u00a0holistischer\u00a0Hellings- und Transformationsprozess in Gang gesetzt werden.<br \/>Dabei kommen, je nach Bedarf, intensive schamanische Massagen, Rap\u00e9 Medicine (ein heiliger Schnupftabak mit Heilpflanzen), heiliger Mapacho Tabak zur energetischen Reinigung, Heilsteine der Inka Tradition, sowie starke Heilges\u00e4nge aus der Shipibo Tradition zum Einsatz.<\/span><\/span><\/p>\n<div class=\"page\" title=\"Page 1\">\n<div class=\"layoutArea\">\n<div class=\"column\">\n<div class=\"page\" title=\"Page 1\">\n<div class=\"layoutArea\">\n<div class=\"column\">\n<p class=\"page\" title=\"Page 1\" style=\"text-align: justify;\">Diese Behandlung setzt sich aus einer oder mehreren der folgenden Anwendungen zusammen:<\/p>\n<div class=\"page\" title=\"Page 1\">\n<div class=\"layoutArea\">\n<div class=\"column\">\n<div class=\"page\" title=\"Page 1\">\n<div class=\"layoutArea\">\n<div class=\"column\">\n<div class=\"page\" title=\"Page 1\" style=\"text-align: justify;\">\n<div class=\"layoutArea\">\n<div class=\"column\">\n<ul>\n<li><strong>Schamanische Emotional Release Massage (Einfl\u00fcsse aus dem hawaiianischen Schamanismus und Lomi Lomi Nui, sowie der Shipibo-Conibo Tradition):<\/strong><br \/>All unsere Emotionen, Traumata und Erfahrungen sind in den Zellen und Organen unseres K\u00f6rpers gespeichert. Auch sitzen oft Blockaden in unserem physischen K\u00f6rper, in unseren Chakren und in unserem Energiesystem, sowe mit unter Fremdenergien uns belagern oder uns Energien rauben k\u00f6nnen.<br \/>Durch diese Art von schamanischer Massage k\u00f6nnen verschiedenste Themen bearbeitet, gel\u00f6st, bereinigt, in Heilung gebracht und unser Energiesystem wieder ausbalanciert werden.<\/li>\n<li><strong>Schamanische Mariri Massage \/ schamanische Extraktion (energetische Reinigungsmassage aus der Shipibo-Conibo Tradition):<\/strong><br \/>Bereinigung von schweren &amp; dichten, sowei Fremdenergien \u00a0durch eine Massagetechnik, bei welcher diese Energien mit den H\u00e4nden aus dem K\u00f6rper gezogen oder bei Bedarf mit dem Mund ausgesaugt werden. Verspannungen k\u00f6nnen so gel\u00f6st werden, Schmerzen teilweise gelindert oder schwere, dichte Energien bereinigt.<\/li>\n<li><strong>Hucha Clearing mit der Mesa (aus der Q&#8217;ero \/ Inka Tradition):<\/strong><br \/>Bereinigung von \u201cHucha\u201c (schweren Energien \/ Blockaden) aus Deinem Energiefeld, unter Zuhilfenahme der \u201cMesa\u201c (Medizinbeutel der Inka \/ Q\u2019eros) und Meteoriten-Steinen aus den Anden. Anschlie\u00dfende Verbindung mit den heilenden Energieformen der Inka Kosmologie. Diese Anwendung transformiert und bereinigt Dein Energiefeld und l\u00f6st Blockanden auf.<\/li>\n<li><strong>Rap\u00e9 Ritual (Schnupftabak-Medizn aus der indigenen Tradition verschiedener brasilianischer St\u00e4mme, wie Yawanawa oder Huni Kuin):<\/strong><br \/>Rap\u00e9 ist eine pulverf\u00f6rmige Mixtur, hergestellt aus fein gemahlenem Mapacho Tabak und Asche von verschiedenen Heilpflanzen aus dem brasilianischen Amazonas. Es wird seit Jahrhunderten von indigenen St\u00e4mmen, wie den Huni Kuin, Yawanawa, Kaxinaw\u00e1, Katukina, Nukini, etc. hergestellt und verwendet. Der Rap\u00e9 wird dabei durch ein Bambusrohr (Tepi) in die Nase gepustet. Es reinigt k\u00f6rperlich &amp; energetisch, zentriert den Geist, kl\u00e4rt das Bewusstsein und s\u00e4ubert dabei ebenso die Zirbeldr\u00fcse. Rap\u00e9 ist sehr gut, um zu fokussieren und Konzentration in Meditation besser aufrecht zu erhalten.<\/li>\n<li><strong>Mapacho Cleansing (aus der Shipibo-Conibo Tradition):<\/strong><br \/>Reinigung des Energiefeldes und des K\u00f6rpers durch den Spirit des heiligen Mapacho Tabaks. Der Klient wird dabei mit einer speziellen Pfeife ber\u00e4uchert und energetisch gereinigt. Mapacho Tabak ist in verschiedensten Urv\u00f6lkern S\u00fcdamerikas eine sehr wichtige Pflanze mit starken reinigenden, kl\u00e4renden und heilenden F\u00e4higkeiten.<\/li>\n<li><strong>Ikaro Heilges\u00e4nge (aus der Shipibo-Conibo Tradition):<\/strong><br \/>Durch Shipibo Heilges\u00e4nge werden Energien von Heilpflanzen gechannelt, die im Energiesystem des Klienten arbeiten. Diese wirken reinigend &amp; heilend auf physischer, emotionaler, mentaler und spiritueller Ebene. Die Shipibo Ikaros sind eine alte, jedoch sehr hohe technologie, die sehr tief im Energiesystem arbeit.<\/li>\n<\/ul>\n<\/div>\n<\/div>\n<\/div>\n<div class=\"page\" title=\"Page 2\">\n<div class=\"layoutArea\">\n<div class=\"column\">\n<p style=\"text-align: justify;\">Diese verschiedenen schamanischen Techiken und Werkzeuge werden je nach individuellem Bedarf, eingesetzt.<\/p>\n<p style=\"text-align: justify;\">Gegeben wird diese Art der Anwendung von <a href=\"http:\/\/schule-der-mysterien.com\/de\/the-inkanima-lineage\/#SankenTsomaMetsaYaka\" target=\"_blank\" rel=\"noopener noreferrer\">Sanken Tsoma<\/a>\u00a0(f\u00fcr weitere Iinfos bitte auf den Namen klicken),\u00a0<span>welcher in der Inkanima Lineage arbeitet und neben diversen Master Pant Dietas, unter anderem von dem Shipibo Maestro Inkanima (aus dem peruanischen Amazonas) und dem Q\u2019ero \/ Inka Heiler Don Eduardo Chura Apaza (aus den peruanischen Anden) im Umgang mit Heilpflanzen und energetischer Arbeit gelehrt und initiert wurde.<\/span><\/p>\n<p style=\"text-align: justify;\"><span><\/span><\/p>\n<p style=\"text-align: justify;\"><span><\/span><\/p>\n<p style=\"text-align: justify;\"><span style=\"text-decoration: underline;\">Bevorstehende Termine &amp; Preise:<br \/><\/span><strong style=\"text-align: center;\"><\/strong>Termine nach Vereinbarung &#8211;\u00a0Dauer 90 min<br \/><strong><\/strong><\/p>\n<p style=\"text-align: left;\"><strong>04. &amp; 05\/12\/2024 \u00a0 \u00a0 Wien (\u00d6sterreich) \u00a0 \u00a0 \u00a0 \u00a0 \u00a0 \u00a0 \u00a0\u20ac 120,- (\u20ac 85,- Behandlung + \u20ac 35,- Behandlungsraummiete oder Anfahrt)<\/strong><\/p>\n<p style=\"text-align: left;\"><strong>12\/12\/2024 \u00a0 \u00a0Berlin (Deutschland) \u00a0 \u00a0 \u00a0 \u00a0 \u00a0 \u00a0 \u00a0 \u00a0 \u00a0 \u00a0 \u00a0 \u00a0\u20ac 100,- (\u20ac 85,- Behandlung + \u20ac 15,- Behandlungsraummiete oder Anfart)<\/strong><br \/><strong><\/strong><\/p>\n<p style=\"text-align: left;\"><strong>on Request \u00a0 \u00a0 Zahara de la Sierra (Spain) \u00a0 \u00a0 \u00a0 \u00a0 \u00a0 \u00a0\u20ac 100,- (\u20ac 85,- Behandlung + \u20ac 15,- Behandlungsraummiete)<\/strong><\/p>\n<p style=\"text-align: justify;\"><strong><\/strong><\/p>\n<p style=\"text-align: justify;\"><strong><\/strong><\/p>\n<\/div>\n<\/div>\n<\/div>\n<\/div>\n<\/div>\n<\/div>\n<\/div>\n<\/div>\n<\/div>\n<\/div>\n<\/div>\n<\/div>\n<\/div>\n<\/div>\n<\/div>\n<p>&nbsp;<\/p>\n<p>[\/et_pb_blurb][et_pb_button button_url=&#8220;https:\/\/visiones.org\/de\/kontakt&#8220; url_new_window=&#8220;on&#8220; button_text=&#8220;Terminvereinbarung&#8220; button_alignment=&#8220;center&#8220; _builder_version=&#8220;4.16&#8243; custom_button=&#8220;on&#8220; button_text_color=&#8220;#ffffff&#8220; button_bg_color=&#8220;#ffffff&#8220; button_bg_use_color_gradient=&#8220;on&#8220; button_bg_color_gradient_stops=&#8220;#cfa953 0%|rgba(207,169,83,0.65) 100%&#8220; button_bg_color_gradient_start=&#8220;#cfa953&#8243; button_bg_color_gradient_end=&#8220;rgba(207,169,83,0.65)&#8220; button_font=&#8220;||||||||&#8220; button_icon_color=&#8220;#ffffff&#8220; animation_style=&#8220;slide&#8220; box_shadow_style=&#8220;preset2&#8243; locked=&#8220;off&#8220; global_colors_info=&#8220;{}&#8220;][\/et_pb_button][\/et_pb_column][\/et_pb_row][\/et_pb_section]<\/p>\n","protected":false},"excerpt":{"rendered":"<p>mit\u00a0Sanken Tsoma Individuelle Healing Sessions und schamanische Heilmassagen zur energetischen Reinigung, Traumaarbeit,\u00a0Heilung des Energiek\u00f6rpers, des Emotionalk\u00f6rpers,\u00a0des physischen K\u00f6rpers und des Geistes,\u00a0nach intuitivem Einsatz verschiedener schamanischer Energien &amp; Techniken. Je nach Bedarf, k\u00f6nnen durch diese Arbeit Emotionen im Emotionalk\u00f6rper gel\u00f6st, physische und seelische Traumata bearbeitet, Schmerzen gelindert,\u00a0energetische Blockaden gel\u00f6st, sowie Fremdenergien aus dem\u00a0K\u00f6rper bereinigt werden. Neue [&hellip;]<\/p>\n","protected":false},"author":1,"featured_media":0,"parent":0,"menu_order":0,"comment_status":"closed","ping_status":"closed","template":"","meta":{"_et_pb_use_builder":"on","_et_pb_old_content":"","_et_gb_content_width":"","footnotes":""},"class_list":["post-6489","page","type-page","status-publish","hentry"],"aioseo_notices":[],"_links":{"self":[{"href":"https:\/\/visiones.org\/de\/wp-json\/wp\/v2\/pages\/6489","targetHints":{"allow":["GET"]}}],"collection":[{"href":"https:\/\/visiones.org\/de\/wp-json\/wp\/v2\/pages"}],"about":[{"href":"https:\/\/visiones.org\/de\/wp-json\/wp\/v2\/types\/page"}],"author":[{"embeddable":true,"href":"https:\/\/visiones.org\/de\/wp-json\/wp\/v2\/users\/1"}],"replies":[{"embeddable":true,"href":"https:\/\/visiones.org\/de\/wp-json\/wp\/v2\/comments?post=6489"}],"version-history":[{"count":19,"href":"https:\/\/visiones.org\/de\/wp-json\/wp\/v2\/pages\/6489\/revisions"}],"predecessor-version":[{"id":31879,"href":"https:\/\/visiones.org\/de\/wp-json\/wp\/v2\/pages\/6489\/revisions\/31879"}],"wp:attachment":[{"href":"https:\/\/visiones.org\/de\/wp-json\/wp\/v2\/media?parent=6489"}],"curies":[{"name":"wp","href":"https:\/\/api.w.org\/{rel}","templated":true}]}}