{"id":6494,"date":"2019-05-09T13:07:21","date_gmt":"2019-05-09T13:07:21","guid":{"rendered":"https:\/\/visiones.org\/schamanische-hausreinigung"},"modified":"2024-11-18T18:32:56","modified_gmt":"2024-11-18T18:32:56","slug":"schamanische-hausreinigung","status":"publish","type":"page","link":"https:\/\/visiones.org\/de\/schamanische-hausreinigung","title":{"rendered":"Schamanische Hausreinigung"},"content":{"rendered":"<p>[et_pb_section fb_built=&#8220;1&#8243; admin_label=&#8220;section&#8220; _builder_version=&#8220;4.16&#8243; background_color=&#8220;rgba(255,255,255,0)&#8220; da_disable_devices=&#8220;off|off|off&#8220; transparent_background=&#8220;on&#8220; global_colors_info=&#8220;{}&#8220; da_is_popup=&#8220;off&#8220; da_exit_intent=&#8220;off&#8220; da_has_close=&#8220;on&#8220; da_alt_close=&#8220;off&#8220; da_dark_close=&#8220;off&#8220; da_not_modal=&#8220;on&#8220; da_is_singular=&#8220;off&#8220; da_with_loader=&#8220;off&#8220; da_has_shadow=&#8220;on&#8220;][et_pb_row admin_label=&#8220;row&#8220; _builder_version=&#8220;4.16&#8243; background_size=&#8220;initial&#8220; background_position=&#8220;top_left&#8220; background_repeat=&#8220;repeat&#8220; global_colors_info=&#8220;{}&#8220;][et_pb_column type=&#8220;4_4&#8243; _builder_version=&#8220;4.16&#8243; custom_padding=&#8220;|||&#8220; global_colors_info=&#8220;{}&#8220; custom_padding__hover=&#8220;|||&#8220;][et_pb_blurb title=&#8220;Schamanische Hausreinigung&#8220; image=&#8220;https:\/\/visiones.org\/wp-content\/uploads\/2019\/04\/The-Art-of-Smudging-1160&#215;655.jpg&#8220; image_icon_width=&#8220;62%&#8220; content_max_width=&#8220;1100px&#8220; _builder_version=&#8220;4.17.1&#8243; header_font=&#8220;|600|||||||&#8220; header_font_size=&#8220;30px&#8220; header_line_height=&#8220;1.1em&#8220; background_size=&#8220;initial&#8220; background_position=&#8220;top_left&#8220; background_repeat=&#8220;repeat&#8220; text_orientation=&#8220;center&#8220; image_max_width=&#8220;62%&#8220; global_colors_info=&#8220;{}&#8220;]<\/p>\n<p style=\"text-align: center;\">mit\u00a0<a href=\"https:\/\/visiones.org\/de\/die-inkanima-lineage#SankenTsomaMetsaYaka\">Sanken Tsoma<\/a><\/p>\n<p style=\"text-align: left;\"><span>Energetische Hausreinigung mit schamanischen Techniken.<\/span><\/p>\n<p style=\"text-align: left;\"><span>Zeremonielle, energetische Reinigung\u00a0Deines Hauses oder\u00a0Deiner Wohnung, um\u00a0schlechte, dunkle\u00a0und dichte\u00a0Energien durch R\u00e4uchern, Rauchen von Mapacho\u00a0Tabak, Chanten von indigenen Heilges\u00e4ngen, sowie mit Hilfe von Trommel und Rassel\u00a0zu kl\u00e4ren und zu bereinigen.<\/span><\/p>\n<p style=\"text-align: left;\">Sanken Tsoma arbeitet dabei intuitiv und wendet\u00a0seine \u201cWerkzeuge\u201c an, die er von seinen Lehrern, Shipibo Maestro Inkanima (aus dem peruanischen Amazonas) und Q\u2019ero \/ Inka Heiler Don Eduardo Chura Apaza (aus den peruanischen Anden) sowie von verschiedenen Lehrerpflanzen\u00a0erlernt und erhalten hat.<\/p>\n<p style=\"text-align: left;\"><span>Die Hausreinigung dauert, je nach Objektgr\u00f6\u00dfe\u00a0ca 1,5 bis\u00a03 Stunden und wird Durchgef\u00fchrt von <a href=\"https:\/\/visiones.org\/de\/die-inkanima-lineage#SankenTsomaMetsaYaka\">Sanken Tsoma<\/a>\u00a0(f\u00fcr mehr Infos bitte auf den Namen klicken).<\/span><\/p>\n<p style=\"text-align: justify;\"><span><\/span><\/p>\n<p style=\"text-align: justify;\"><span style=\"text-decoration: underline;\">Bevorstehende Termine:<br \/><\/span>(Termine nach Vereinbarung)<br \/><strong>04. &amp; 05\/12\/2024 \u00a0 \u00a0 Wien (\u00d6sterreich)<br \/>12\/12\/2024 \u00a0 \u00a0Berlin (Deutschland)<strong style=\"text-align: justify;\">\u00a0 \u00a0<\/strong> \u00a0 \u00a0 \u00a0 \u00a0 \u00a0 \u00a0 \u00a0 \u00a0 \u00a0 \u00a0 \u00a0 \u00a0 \u00a0 \u00a0<\/strong><\/p>\n<p style=\"text-align: justify;\"><span style=\"text-decoration: underline;\">Preise:<\/span><br \/><strong>\u20ac 120,-<\/strong> \u00a0(kleine 1-2 Zimmer Wohung bis 50 qm \/ ca. 2 Stunden)<br \/><strong>\u20ac 150,-<\/strong> (mittelgro\u00dfe 2-3 Zimmer Wohnung bis 80 qm \/ ca. 2,5 Stunden)<br \/><strong>\u20ac 180,-<\/strong> (gro\u00dfe 3-4 Zimmer Wohung (bis 100 qm \/ ca. 3 Stunden)<br \/><strong>ab \u20ac 200,-<\/strong> (gr\u00f6\u00dfere Wohnungen \u00fcber 100 qm und Einfamilienh\u00e4user \/ ca. 3,5 Stunden)\u00a0<strong><\/strong><\/p>\n<p style=\"text-align: justify;\"><strong>+ \u20ac 20,-<\/strong> Anfahrt innerhalb Wien&#8217;s<\/p>\n<p style=\"text-align: justify;\">\n<p>[\/et_pb_blurb][et_pb_button button_url=&#8220;https:\/\/visiones.org\/de\/kontakt&#8220; url_new_window=&#8220;on&#8220; button_text=&#8220;Terminvereinbarung&#8220; button_alignment=&#8220;center&#8220; _builder_version=&#8220;4.16&#8243; custom_button=&#8220;on&#8220; button_text_color=&#8220;#ffffff&#8220; button_bg_color=&#8220;#ffffff&#8220; button_bg_use_color_gradient=&#8220;on&#8220; button_bg_color_gradient_stops=&#8220;#cfa953 0%|rgba(207,169,83,0.65) 100%&#8220; button_bg_color_gradient_start=&#8220;#cfa953&#8243; button_bg_color_gradient_end=&#8220;rgba(207,169,83,0.65)&#8220; button_font=&#8220;||||||||&#8220; button_icon_color=&#8220;#ffffff&#8220; animation_style=&#8220;slide&#8220; box_shadow_style=&#8220;preset2&#8243; locked=&#8220;off&#8220; global_colors_info=&#8220;{}&#8220;][\/et_pb_button][\/et_pb_column][\/et_pb_row][\/et_pb_section]<\/p>\n","protected":false},"excerpt":{"rendered":"<p>mit\u00a0Sanken Tsoma Energetische Hausreinigung mit schamanischen Techniken. Zeremonielle, energetische Reinigung\u00a0Deines Hauses oder\u00a0Deiner Wohnung, um\u00a0schlechte, dunkle\u00a0und dichte\u00a0Energien durch R\u00e4uchern, Rauchen von Mapacho\u00a0Tabak, Chanten von indigenen Heilges\u00e4ngen, sowie mit Hilfe von Trommel und Rassel\u00a0zu kl\u00e4ren und zu bereinigen. Sanken Tsoma arbeitet dabei intuitiv und wendet\u00a0seine \u201cWerkzeuge\u201c an, die er von seinen Lehrern, Shipibo Maestro Inkanima (aus dem [&hellip;]<\/p>\n","protected":false},"author":1,"featured_media":0,"parent":0,"menu_order":0,"comment_status":"closed","ping_status":"closed","template":"","meta":{"_et_pb_use_builder":"on","_et_pb_old_content":"","_et_gb_content_width":"","footnotes":""},"class_list":["post-6494","page","type-page","status-publish","hentry"],"aioseo_notices":[],"_links":{"self":[{"href":"https:\/\/visiones.org\/de\/wp-json\/wp\/v2\/pages\/6494","targetHints":{"allow":["GET"]}}],"collection":[{"href":"https:\/\/visiones.org\/de\/wp-json\/wp\/v2\/pages"}],"about":[{"href":"https:\/\/visiones.org\/de\/wp-json\/wp\/v2\/types\/page"}],"author":[{"embeddable":true,"href":"https:\/\/visiones.org\/de\/wp-json\/wp\/v2\/users\/1"}],"replies":[{"embeddable":true,"href":"https:\/\/visiones.org\/de\/wp-json\/wp\/v2\/comments?post=6494"}],"version-history":[{"count":12,"href":"https:\/\/visiones.org\/de\/wp-json\/wp\/v2\/pages\/6494\/revisions"}],"predecessor-version":[{"id":31884,"href":"https:\/\/visiones.org\/de\/wp-json\/wp\/v2\/pages\/6494\/revisions\/31884"}],"wp:attachment":[{"href":"https:\/\/visiones.org\/de\/wp-json\/wp\/v2\/media?parent=6494"}],"curies":[{"name":"wp","href":"https:\/\/api.w.org\/{rel}","templated":true}]}}