{"id":6498,"date":"2019-05-09T13:10:40","date_gmt":"2019-05-09T13:10:40","guid":{"rendered":"https:\/\/visiones.org\/lomi-lomi-nui"},"modified":"2023-01-31T16:57:13","modified_gmt":"2023-01-31T16:57:13","slug":"lomi-lomi-nui","status":"publish","type":"page","link":"https:\/\/visiones.org\/de\/lomi-lomi-nui","title":{"rendered":"Lomi Lomi Nui"},"content":{"rendered":"<p>[et_pb_section fb_built=&#8220;1&#8243; admin_label=&#8220;section&#8220; _builder_version=&#8220;4.16&#8243; background_color=&#8220;rgba(255,255,255,0)&#8220; transparent_background=&#8220;on&#8220; global_colors_info=&#8220;{}&#8220; da_is_popup=&#8220;off&#8220; da_exit_intent=&#8220;off&#8220; da_has_close=&#8220;on&#8220; da_alt_close=&#8220;off&#8220; da_dark_close=&#8220;off&#8220; da_not_modal=&#8220;on&#8220; da_is_singular=&#8220;off&#8220; da_with_loader=&#8220;off&#8220; da_has_shadow=&#8220;on&#8220; da_disable_devices=&#8220;off|off|off&#8220;][et_pb_row admin_label=&#8220;row&#8220; _builder_version=&#8220;4.16&#8243; background_size=&#8220;initial&#8220; background_position=&#8220;top_left&#8220; background_repeat=&#8220;repeat&#8220; global_colors_info=&#8220;{}&#8220;][et_pb_column type=&#8220;4_4&#8243; _builder_version=&#8220;4.16&#8243; custom_padding=&#8220;|||&#8220; global_colors_info=&#8220;{}&#8220; custom_padding__hover=&#8220;|||&#8220;][et_pb_blurb title=&#8220;Shamanic Lomi Lomi Nui&#8220; image=&#8220;https:\/\/visiones.org\/wp-content\/uploads\/2019\/04\/Massage.jpg&#8220; image_icon_width=&#8220;70%&#8220; content_max_width=&#8220;1100px&#8220; _builder_version=&#8220;4.17.1&#8243; header_font=&#8220;|600|||||||&#8220; header_font_size=&#8220;30px&#8220; header_line_height=&#8220;1.2em&#8220; background_size=&#8220;initial&#8220; background_position=&#8220;top_left&#8220; background_repeat=&#8220;repeat&#8220; text_orientation=&#8220;center&#8220; hover_enabled=&#8220;0&#8243; image_max_width=&#8220;70%&#8220; global_colors_info=&#8220;{}&#8220; sticky_enabled=&#8220;0&#8243;]<\/p>\n<p class=\"page\" title=\"Page 1\">mit\u00a0<a href=\"https:\/\/visiones.org\/de\/die-inkanima-lineage\">Sanken Tsoma<\/a><\/p>\n<p class=\"page\" title=\"Page 1\" style=\"text-align: justify;\">Lomi Lomi Nui ist eine hawaiianische schamanische Massagetechnik, bei welcher die durch den K\u00f6rper flie\u00dfende Energie (Mana) wieder in Schwung und zum flie\u00dfen gebracht gebracht wird. Dies f\u00fchrt zu einer tiefen k\u00f6rperlichen, geistigen und seelischen Regeneration und Erholung und die k\u00f6rpereigenen Selbstheilungsprozesse werden so stimuliert und aktiviert.<br \/>Durch die Lomi Lomi Nui Massage k\u00f6nnen Energieblockaden, Verspannungen und gespeicherter Stress auf physischer, psychischer und energetischer Ebene gel\u00f6st werden.<br \/>Lomi Lomi Nui wird als Ganzk\u00f6rpermassage mit \u00d6l durchgef\u00fchrt, wobei mit den H\u00e4nden und den Unterarmen in flie\u00dfenden Bewegungen zu darauf abgestimmter Musik massiert wird.<br \/>Diese Shamanic Lomi Lomi Nui Anwendung wird von Sanken Tsoma durchgef\u00fchrt, der dabei ein Kanal f\u00fcr die Heilenergien verschiedener Master Plants (Heilpflanzen) ist, die w\u00e4hrend der Massage \u00fcber die H\u00e4nde ins Energiefeld des\/der Klinenten\/Klientin einflie\u00dfen und so im Energiefeld wirken.<\/p>\n<p class=\"page\" title=\"Page 1\" style=\"text-align: justify;\"><span style=\"text-decoration: underline;\">Termine nach Vereinbarung:<\/span><br \/>Weitere Infos folgen&#8230;<\/p>\n<p class=\"page\" title=\"Page 1\" style=\"text-align: justify;\"><span style=\"text-decoration: underline;\">Preis:<\/span><br \/><strong>\u20ac 150,-<\/strong> \u00a0 \u00a0 \u00a0f\u00fcr 90 min Shamanic Lomi Lomi Nui Anwendung<\/p>\n<p class=\"page\" title=\"Page 1\" style=\"text-align: justify;\"><span style=\"text-decoration: underline;\">Ort:<\/span><br \/>Lomi Lomi Anwendungen nach Absprache regelm\u00e4\u00dfig m\u00f6glich in Wien, Berlin, sowie in Andalusien\/Spanien<\/p>\n<p>[\/et_pb_blurb][et_pb_button button_url=&#8220;https:\/\/visiones.org\/de\/kontakt&#8220; url_new_window=&#8220;on&#8220; button_text=&#8220;Terminvereinbarung&#8220; button_alignment=&#8220;center&#8220; _builder_version=&#8220;4.16&#8243; custom_button=&#8220;on&#8220; button_text_color=&#8220;#ffffff&#8220; button_bg_color=&#8220;#ffffff&#8220; button_bg_use_color_gradient=&#8220;on&#8220; button_bg_color_gradient_stops=&#8220;#cfa953 0%|rgba(207,169,83,0.65) 100%&#8220; button_bg_color_gradient_start=&#8220;#cfa953&#8243; button_bg_color_gradient_end=&#8220;rgba(207,169,83,0.65)&#8220; button_font=&#8220;||||||||&#8220; button_icon_color=&#8220;#ffffff&#8220; animation_style=&#8220;slide&#8220; box_shadow_style=&#8220;preset2&#8243; locked=&#8220;off&#8220; global_colors_info=&#8220;{}&#8220;][\/et_pb_button][\/et_pb_column][\/et_pb_row][\/et_pb_section]<\/p>\n","protected":false},"excerpt":{"rendered":"<p>mit\u00a0Sanken Tsoma Lomi Lomi Nui ist eine hawaiianische schamanische Massagetechnik, bei welcher die durch den K\u00f6rper flie\u00dfende Energie (Mana) wieder in Schwung und zum flie\u00dfen gebracht gebracht wird. Dies f\u00fchrt zu einer tiefen k\u00f6rperlichen, geistigen und seelischen Regeneration und Erholung und die k\u00f6rpereigenen Selbstheilungsprozesse werden so stimuliert und aktiviert.Durch die Lomi Lomi Nui Massage k\u00f6nnen [&hellip;]<\/p>\n","protected":false},"author":1,"featured_media":0,"parent":0,"menu_order":0,"comment_status":"closed","ping_status":"closed","template":"","meta":{"_et_pb_use_builder":"on","_et_pb_old_content":"","_et_gb_content_width":"","footnotes":""},"class_list":["post-6498","page","type-page","status-publish","hentry"],"aioseo_notices":[],"_links":{"self":[{"href":"https:\/\/visiones.org\/de\/wp-json\/wp\/v2\/pages\/6498","targetHints":{"allow":["GET"]}}],"collection":[{"href":"https:\/\/visiones.org\/de\/wp-json\/wp\/v2\/pages"}],"about":[{"href":"https:\/\/visiones.org\/de\/wp-json\/wp\/v2\/types\/page"}],"author":[{"embeddable":true,"href":"https:\/\/visiones.org\/de\/wp-json\/wp\/v2\/users\/1"}],"replies":[{"embeddable":true,"href":"https:\/\/visiones.org\/de\/wp-json\/wp\/v2\/comments?post=6498"}],"version-history":[{"count":4,"href":"https:\/\/visiones.org\/de\/wp-json\/wp\/v2\/pages\/6498\/revisions"}],"predecessor-version":[{"id":28428,"href":"https:\/\/visiones.org\/de\/wp-json\/wp\/v2\/pages\/6498\/revisions\/28428"}],"wp:attachment":[{"href":"https:\/\/visiones.org\/de\/wp-json\/wp\/v2\/media?parent=6498"}],"curies":[{"name":"wp","href":"https:\/\/api.w.org\/{rel}","templated":true}]}}