{"id":8492,"date":"2020-05-28T22:19:28","date_gmt":"2020-05-28T22:19:28","guid":{"rendered":"https:\/\/visiones.org\/anmeldeformular-rape-zeremonie"},"modified":"2024-10-22T03:23:20","modified_gmt":"2024-10-22T03:23:20","slug":"anmeldeformular-rapeh-zeremonien-cacao-breathwork-zeremonien","status":"publish","type":"page","link":"https:\/\/visiones.org\/de\/anmeldeformular-rapeh-zeremonien-cacao-breathwork-zeremonien","title":{"rendered":"Anmeldeformular Rap\u00e9 Zeremonien und Cacao-Breathwork Zeremonien"},"content":{"rendered":"<p>[et_pb_section fb_built=&#8220;1&#8243; _builder_version=&#8220;4.16&#8243; parallax=&#8220;on&#8220; custom_padding=&#8220;42px|0px|52px|0px|false|false&#8220; top_divider_color=&#8220;rgba(66,0,38,0.22)&#8220; top_divider_height=&#8220;220px&#8220; da_disable_devices=&#8220;off|off|off&#8220; locked=&#8220;off&#8220; global_colors_info=&#8220;{}&#8220; da_is_popup=&#8220;off&#8220; da_exit_intent=&#8220;off&#8220; da_has_close=&#8220;on&#8220; da_alt_close=&#8220;off&#8220; da_dark_close=&#8220;off&#8220; da_not_modal=&#8220;on&#8220; da_is_singular=&#8220;off&#8220; da_with_loader=&#8220;off&#8220; da_has_shadow=&#8220;on&#8220;][et_pb_row _builder_version=&#8220;4.16&#8243; custom_padding=&#8220;25px|0px|0|0px|false|false&#8220; global_colors_info=&#8220;{}&#8220;][et_pb_column type=&#8220;4_4&#8243; _builder_version=&#8220;4.16&#8243; custom_padding=&#8220;|||&#8220; global_colors_info=&#8220;{}&#8220; custom_padding__hover=&#8220;|||&#8220;][et_pb_code _builder_version=&#8220;4.16&#8243; global_colors_info=&#8220;{}&#8220;][\/et_pb_code][et_pb_blurb title=&#8220;Anmeldeformular&#8220; content_max_width=&#8220;1100px&#8220; _builder_version=&#8220;4.17.1&#8243; header_font=&#8220;Poiret One|700|||||||&#8220; header_text_align=&#8220;center&#8220; header_font_size=&#8220;35px&#8220; body_font=&#8220;||||||||&#8220; body_font_size=&#8220;16px&#8220; animation_style=&#8220;slide&#8220; global_colors_info=&#8220;{}&#8220;][\/et_pb_blurb][et_pb_divider _builder_version=&#8220;4.16&#8243; custom_margin=&#8220;||6px&#8220; animation_style=&#8220;roll&#8220; global_colors_info=&#8220;{}&#8220;][\/et_pb_divider][et_pb_blurb content_max_width=&#8220;1100px&#8220; _builder_version=&#8220;4.27.0&#8243; header_font=&#8220;Poiret One|700|||||||&#8220; header_text_align=&#8220;center&#8220; header_font_size=&#8220;35px&#8220; body_font=&#8220;||||||||&#8220; body_text_align=&#8220;justify&#8220; animation_style=&#8220;slide&#8220; hover_enabled=&#8220;0&#8243; locked=&#8220;off&#8220; global_colors_info=&#8220;{}&#8220; sticky_enabled=&#8220;0&#8243;]<\/p>\n<p>Um Dich f\u00fcr eine unserer Rap\u00e9 Zeremonien, Cacao-Breatwork Zeremonien oder Ecstatic Cacao Dance Zeremonien anzumelden, f\u00fclle bitte die Felder dieses Anmeldeformulars aus und lies Dir unsere Anmeldeinformationen darunter sorgf\u00e4ltig durch.<br \/>Um an unseren Zeremonien teilnehmen zu k\u00f6nnen, ist es notwendig, Mitglied unseres Vereins <em>Visiones Asociaci\u00f3n<\/em> zu sein. Hierf\u00fcr bieten wir eine kostenfreie Kurzzeitmitgliedschaft an. M\u00f6chtest Du unsere vereinsarbeit unterst\u00fctzen, kannst Du auch eine einj\u00e4hrige F\u00f6rdermitgliedschaft w\u00e4hlen.<\/p>\n<p>(Alle mit <span style=\"color: #ff0000;\">*<\/span> gekennzeichneten Felder sind Pflichtfelder.)<\/p>\n<p>Solltest Du noch Fragen oder Probleme mit dem Anmeldeformular haben oder direkt nach dem Absenden keine Best\u00e4tigung auf dieser Seite sehen, kannst Du uns direkt kontaktieren unter: <a href=\"mailto:info@visiones.org\" target=\"_blank\" rel=\"noopener\">info@visiones.org<\/a><\/p>\n<p>&nbsp;<\/p>\n<p>[\/et_pb_blurb][et_pb_divider _builder_version=&#8220;4.16&#8243; animation_style=&#8220;roll&#8220; global_colors_info=&#8220;{}&#8220;][\/et_pb_divider][et_pb_code _builder_version=&#8220;4.16&#8243; global_colors_info=&#8220;{}&#8220;]<div class=\"wpforms-container wpforms-container-full\" id=\"wpforms-8495\"><form id=\"wpforms-form-8495\" class=\"wpforms-validate wpforms-form\" data-formid=\"8495\" method=\"post\" enctype=\"multipart\/form-data\" action=\"\/de\/wp-json\/wp\/v2\/pages\/8492\" data-token=\"47d1a90fc11df7fe6a9aada7da345bf3\" data-token-time=\"1776096045\"><noscript class=\"wpforms-error-noscript\">Bitte aktiviere JavaScript in deinem Browser, um dieses Formular fertigzustellen.<\/noscript><div class=\"wpforms-field-container\"><div id=\"wpforms-8495-field_9-container\" class=\"wpforms-field wpforms-field-name\" data-field-id=\"9\"><label class=\"wpforms-field-label\" for=\"wpforms-8495-field_9\">Name <span class=\"wpforms-required-label\">*<\/span><\/label><input type=\"text\" id=\"wpforms-8495-field_9\" class=\"wpforms-field-medium wpforms-field-required\" name=\"wpforms[fields][9]\" required><div class=\"wpforms-field-description\">Vor- & Nachname<\/div><\/div><div id=\"wpforms-8495-field_3-container\" class=\"wpforms-field wpforms-field-email\" data-field-id=\"3\"><label class=\"wpforms-field-label\" for=\"wpforms-8495-field_3\">E-Mail <span class=\"wpforms-required-label\">*<\/span><\/label><input type=\"email\" id=\"wpforms-8495-field_3\" class=\"wpforms-field-medium wpforms-field-required\" name=\"wpforms[fields][3]\" spellcheck=\"false\" required><\/div><div id=\"wpforms-8495-field_43-container\" class=\"wpforms-field wpforms-field-text\" data-field-id=\"43\"><label class=\"wpforms-field-label\" for=\"wpforms-8495-field_43\"> Handynummer<\/label><input type=\"text\" id=\"wpforms-8495-field_43\" class=\"wpforms-field-medium\" name=\"wpforms[fields][43]\" ><\/div><div id=\"wpforms-8495-field_1-container\" class=\"wpforms-field wpforms-field-select wpforms-field-select-style-classic\" data-field-id=\"1\"><label class=\"wpforms-field-label\" for=\"wpforms-8495-field_1\">Zeremonie <span class=\"wpforms-required-label\">*<\/span><\/label><select id=\"wpforms-8495-field_1\" class=\"wpforms-field-medium wpforms-field-required\" name=\"wpforms[fields][1]\" required=\"required\"><option value=\"Rap\u00e9 Ceremony Vienna (06\/12\/2024)\"  class=\"choice-5 depth-1\"  >Rap\u00e9 Ceremony Vienna (06\/12\/2024)<\/option><option value=\"Rap\u00e9 Ceremony Linz (10\/12\/2024)\"  class=\"choice-14 depth-1\"  >Rap\u00e9 Ceremony Linz (10\/12\/2024)<\/option><option value=\"Rap\u00e9 Ceremony Bremen (18\/12\/2024)\"  class=\"choice-15 depth-1\"  >Rap\u00e9 Ceremony Bremen (18\/12\/2024)<\/option><option value=\"Rap\u00e9 Ceremony Berlin (20\/12\/2024)\"  class=\"choice-6 depth-1\"  >Rap\u00e9 Ceremony Berlin (20\/12\/2024)<\/option><option value=\"Ecstatic Dance Ceremony Vienna (07\/12\/2024)\"  class=\"choice-13 depth-1\"  >Ecstatic Dance Ceremony Vienna (07\/12\/2024)<\/option><option value=\"Ecstatic Dance Ceremony Bremen (19\/12\/2024)\"  class=\"choice-12 depth-1\"  >Ecstatic Dance Ceremony Bremen (19\/12\/2024)<\/option><option value=\"Cacao Breathwork Ceremony Vienna (08\/12\/2024)\"  class=\"choice-9 depth-1\"  >Cacao Breathwork Ceremony Vienna (08\/12\/2024)<\/option><option value=\"Cacao Breathwork Ceremony Berlin (21\/12\/2024)\"  class=\"choice-11 depth-1\"  >Cacao Breathwork Ceremony Berlin (21\/12\/2024)<\/option><\/select><div class=\"wpforms-field-description\">F\u00fcr welche Zeremonie m\u00f6chtest Du Dich anmelden?<\/div><\/div><div id=\"wpforms-8495-field_36-container\" class=\"wpforms-field wpforms-field-textarea\" data-field-id=\"36\"><label class=\"wpforms-field-label\" for=\"wpforms-8495-field_36\">Weitere Informationen<\/label><textarea id=\"wpforms-8495-field_36\" class=\"wpforms-field-medium\" name=\"wpforms[fields][36]\" ><\/textarea><div class=\"wpforms-field-description\">Falls Du uns noch etwas mitteilen m\u00f6chtest....<\/div><\/div><div id=\"wpforms-8495-field_54-container\" class=\"wpforms-field wpforms-field-radio\" data-field-id=\"54\"><label class=\"wpforms-field-label\">Wie hast Du uns gefunden? <span class=\"wpforms-required-label\">*<\/span><\/label><ul id=\"wpforms-8495-field_54\" class=\"wpforms-field-required\"><li class=\"choice-1 depth-1\"><input type=\"radio\" id=\"wpforms-8495-field_54_1\" name=\"wpforms[fields][54]\" value=\"Ich bin bereits in eurer Mailingliste und erhalte den &#039;Visionletter&#039;\" required ><label class=\"wpforms-field-label-inline\" for=\"wpforms-8495-field_54_1\">Ich bin bereits in eurer Mailingliste und erhalte den 'Visionletter'<\/label><\/li><li class=\"choice-4 depth-1\"><input type=\"radio\" id=\"wpforms-8495-field_54_4\" name=\"wpforms[fields][54]\" value=\"Facebook\" required ><label class=\"wpforms-field-label-inline\" for=\"wpforms-8495-field_54_4\">Facebook<\/label><\/li><li class=\"choice-5 depth-1\"><input type=\"radio\" id=\"wpforms-8495-field_54_5\" name=\"wpforms[fields][54]\" value=\"Google\" required ><label class=\"wpforms-field-label-inline\" for=\"wpforms-8495-field_54_5\">Google<\/label><\/li><li class=\"choice-6 depth-1\"><input type=\"radio\" id=\"wpforms-8495-field_54_6\" name=\"wpforms[fields][54]\" value=\"Durch Empfehlung von Freunden oder Familie\" required ><label class=\"wpforms-field-label-inline\" for=\"wpforms-8495-field_54_6\">Durch Empfehlung von Freunden oder Familie<\/label><\/li><li class=\"choice-7 depth-1\"><input type=\"radio\" id=\"wpforms-8495-field_54_7\" name=\"wpforms[fields][54]\" value=\"Sonstiges\" required ><label class=\"wpforms-field-label-inline\" for=\"wpforms-8495-field_54_7\">Sonstiges<\/label><\/li><\/ul><\/div><div id=\"wpforms-8495-field_28-container\" class=\"wpforms-field wpforms-field-checkbox\" data-field-id=\"28\"><label class=\"wpforms-field-label\">AGB\u00b4s (Allgemeine Gesch\u00e4ftsbedingungen) <span class=\"wpforms-required-label\">*<\/span><\/label><ul id=\"wpforms-8495-field_28\" class=\"wpforms-field-required\" data-choice-limit=\"1\"><li class=\"choice-1 depth-1\"><input type=\"checkbox\" id=\"wpforms-8495-field_28_1\" data-rule-check-limit=\"true\" name=\"wpforms[fields][28][]\" value=\"Ja, ich habe die AGB\u00b4s (Allgemeine Gesch\u00e4ftsbedingungen) gelesen und akzeptiert\" required ><label class=\"wpforms-field-label-inline\" for=\"wpforms-8495-field_28_1\">Ja, ich habe die AGB\u00b4s (Allgemeine Gesch\u00e4ftsbedingungen) gelesen und akzeptiert<\/label><\/li><\/ul><div class=\"wpforms-field-description\">Bitte best\u00e4tige, dass Du unsere Allgemeinen Gesch\u00e4ftsbedingungen gelesen und akzeptiert haben. Du findest unsere AGB\u00b4s in dem Link weiter unten.<\/div><\/div><div id=\"wpforms-8495-field_41-container\" class=\"wpforms-field wpforms-field-checkbox\" data-field-id=\"41\"><label class=\"wpforms-field-label\">Datenschutzbestimmungen <span class=\"wpforms-required-label\">*<\/span><\/label><ul id=\"wpforms-8495-field_41\" class=\"wpforms-field-required\"><li class=\"choice-1 depth-1\"><input type=\"checkbox\" id=\"wpforms-8495-field_41_1\" name=\"wpforms[fields][41][]\" value=\"Ja, ich akzeptiere die Datenschutzbestimmungen\" required ><label class=\"wpforms-field-label-inline\" for=\"wpforms-8495-field_41_1\">Ja, ich akzeptiere die Datenschutzbestimmungen<\/label><\/li><\/ul><div class=\"wpforms-field-description\">Bitte best\u00e4tige, dass Du unsere Datenschutzbestimmungen akzeptierst. Du findest unsere Datenschutzbestimmungen in dem Link weiter unten.<\/div><\/div><div id=\"wpforms-8495-field_50-container\" class=\"wpforms-field wpforms-field-radio\" data-field-id=\"50\"><label class=\"wpforms-field-label\">Vereinsmitgliedschaft Visiones Asociaci\u00f3n <span class=\"wpforms-required-label\">*<\/span><\/label><ul id=\"wpforms-8495-field_50\" class=\"wpforms-field-required\"><li class=\"choice-4 depth-1\"><input type=\"radio\" id=\"wpforms-8495-field_50_4\" name=\"wpforms[fields][50]\" value=\"Kostenfreie Kurzzeit-Mitgliedschaft (g\u00fcltig 33 Tage, ab Beginn der Zeremonie)\" required ><label class=\"wpforms-field-label-inline\" for=\"wpforms-8495-field_50_4\">Kostenfreie Kurzzeit-Mitgliedschaft (g\u00fcltig 33 Tage, ab Beginn der Zeremonie)<\/label><\/li><li class=\"choice-1 depth-1\"><input type=\"radio\" id=\"wpforms-8495-field_50_1\" name=\"wpforms[fields][50]\" value=\"Einj\u00e4hrige F\u00f6rdermitgliedschaft (endet am 31. Dezember diesen Jahres) - einmalig \u20ac 33,-\" required ><label class=\"wpforms-field-label-inline\" for=\"wpforms-8495-field_50_1\">Einj\u00e4hrige F\u00f6rdermitgliedschaft (endet am 31. Dezember diesen Jahres) - einmalig \u20ac 33,-<\/label><\/li><li class=\"choice-2 depth-1\"><input type=\"radio\" id=\"wpforms-8495-field_50_2\" name=\"wpforms[fields][50]\" value=\"Einj\u00e4hrige F\u00f6rdermitgliedschaft mit automatischer j\u00e4hrlicher Verl\u00e4ngerung - \u20ac 33,- pro Jahr\" required ><label class=\"wpforms-field-label-inline\" for=\"wpforms-8495-field_50_2\">Einj\u00e4hrige F\u00f6rdermitgliedschaft mit automatischer j\u00e4hrlicher Verl\u00e4ngerung - \u20ac 33,- pro Jahr<\/label><\/li><li class=\"choice-3 depth-1\"><input type=\"radio\" id=\"wpforms-8495-field_50_3\" name=\"wpforms[fields][50]\" value=\"Ich habe bereits eine aktuelle Mitgliedschaft\" required ><label class=\"wpforms-field-label-inline\" for=\"wpforms-8495-field_50_3\">Ich habe bereits eine aktuelle Mitgliedschaft<\/label><\/li><\/ul><div class=\"wpforms-field-description\">Um an unseren Retreats und Zeremonien teilzunehmen, ist es gesetzlich notwendig, Mitglied in unserem Verein \"Visiones\" zu werden.\r\nDu kannst zwischen einer kostenfreien Kurzzeit-Mitgliedschaft f\u00fcr 33 Tage, einer F\u00f6rdermitgliedschaft f\u00fcr ein Jahr ohne automatische Verl\u00e4ngerung oder einer F\u00f6rdermitgliedschaft f\u00fcr ein Jahr mit automatischer Verl\u00e4ngerung w\u00e4hlen.\r\nDie F\u00f6rdermitgliedschaft l\u00e4uft immer bis zum 31. Dezember des laufenden Kalenderjahres und je nach gew\u00fcnschter Option endet die Mitgliedschaft automatisch am 31. Dezember diesen Jahres oder verl\u00e4ngert sich am kommenden 01. Januar automatisch bis zur Beendigung der Mitgliedschaft.<\/div><\/div><\/div><!-- .wpforms-field-container --><div class=\"wpforms-field wpforms-field-hp\"><label for=\"wpforms-8495-field-hp\" class=\"wpforms-field-label\">Message<\/label><input type=\"text\" name=\"wpforms[hp]\" id=\"wpforms-8495-field-hp\" class=\"wpforms-field-medium\"><\/div><div class=\"wpforms-submit-container\" ><input type=\"hidden\" name=\"wpforms[id]\" value=\"8495\"><input type=\"hidden\" name=\"page_title\" value=\"\"><input type=\"hidden\" name=\"page_url\" value=\"https:\/\/visiones.org\/de\/wp-json\/wp\/v2\/pages\/8492\"><input type=\"hidden\" name=\"url_referer\" value=\"\"><button type=\"submit\" name=\"wpforms[submit]\" id=\"wpforms-submit-8495\" class=\"wpforms-submit\" data-alt-text=\"Sendet...\" data-submit-text=\"Senden\" aria-live=\"assertive\" value=\"wpforms-submit\">Senden<\/button><\/div><\/form><\/div>  <!-- .wpforms-container -->[\/et_pb_code][et_pb_code _builder_version=&#8220;4.16&#8243; custom_padding=&#8220;||1px&#8220; global_colors_info=&#8220;{}&#8220;][\/et_pb_code][et_pb_divider _builder_version=&#8220;4.16&#8243; custom_margin=&#8220;-5px||5px&#8220; animation_style=&#8220;roll&#8220; global_colors_info=&#8220;{}&#8220;][\/et_pb_divider][et_pb_blurb title=&#8220;Anmelde Informationen (Auszug aus unseren AGB\u00b4s)&#8220; content_max_width=&#8220;1100px&#8220; _builder_version=&#8220;4.17.1&#8243; header_font=&#8220;|600|||||||&#8220; header_text_align=&#8220;center&#8220; header_font_size=&#8220;25px&#8220; header_line_height=&#8220;1.8em&#8220; custom_margin=&#8220;||0px&#8220; custom_padding=&#8220;||13px&#8220; locked=&#8220;off&#8220; global_colors_info=&#8220;{}&#8220;]<span style=\"text-decoration: underline;\"><strong>Zahlung<\/strong><\/span><\/p>\n<p>Um Deine Teilnahme an der Zeremonie sicherzustellen, ist eine Vorauszahlung in Form einer Anmeldegeb\u00fchr, sp\u00e4testens 3 Tage nach Deiner\u00a0Anmeldung auf unser Bankkonto einzuzahlen. Dies ist n\u00f6tig, damit wir unsere Reisen entsprechend planen und die Seminarorte verbindlich buchen k\u00f6nnen.\u00a0Sobald der Betrag auf unserem Konto gutgeschrieben ist, ist\u00a0Dein\u00a0Platz in der Zeremonie fest gebucht und best\u00e4tigt.<\/p>\n<p>Anmeldegeb\u00fchr f\u00fcr 1 Zeremonie: \u00a0 \u00a0 \u00a0 \u00a0 \u00a0 \u00a0 \u00a0 \u00a0 \u00a0 \u00a0 \u00a0 \u00a0 \u00a0 \u00a0 \u00a0 \u20ac \u00a0 20,-<\/p>\n<p>Der Rest des Preises ist in Bar bei der Zeremonie zu begleichen.<br \/>\nVielen Dank!<\/p>\n<p><span style=\"text-decoration: underline;\"><strong>Storno Bedingungen:<\/strong><\/span><\/p>\n<p>Stornierung durch Teilnehmer:<br \/>\nFalls Du Deine Anmeldung bis 7 Tage vor der Zeremonie stornieren musst, ist die Stornierung kostenlos und wir erstatten Deine komplette Anmeldegeb\u00fchr zur\u00fcck.<br \/>\nBei Stornierungen ab 7 Tagen vor der Zeremonie wird die Anmeldegeb\u00fchr als Stornogeb\u00fchr verrechnet.<\/p>\n<p>Stornierung durch uns:<br \/>\nF\u00fcr die Retreats und Zeremonien gilt eine Mindestteilnehmerzahl, abh\u00e4ngig vom jeweiligen Veranstaltungsort.<br \/>\nFalls f\u00fcr eine Zeremonie nicht gen\u00fcgend Teilnehmer angemeldet sind, behalten wir uns das Recht vor, die Zeremonie abzusagen und die bereits geleitete Zahlung zur\u00fcck zu erstatten, unabh\u00e4ngig vom Zeitraum. Anderweitig entstandene Kosten, wie Reisekosten (z. B. Flugtickets, Bahntickets oder Bustickets) k\u00f6nnen wir nicht erstatten.<br \/>\n[\/et_pb_blurb][et_pb_divider _builder_version=&#8220;4.16&#8243; custom_margin=&#8220;26px||-7px&#8220; animation_style=&#8220;roll&#8220; global_colors_info=&#8220;{}&#8220;][\/et_pb_divider][\/et_pb_column][\/et_pb_row][et_pb_row column_structure=&#8220;1_3,1_3,1_3&#8243; _builder_version=&#8220;4.16&#8243; custom_padding=&#8220;34px|0px|20px|0px|false|false&#8220; global_colors_info=&#8220;{}&#8220;][et_pb_column type=&#8220;1_3&#8243; _builder_version=&#8220;4.16&#8243; custom_padding=&#8220;|||&#8220; global_colors_info=&#8220;{}&#8220; custom_padding__hover=&#8220;|||&#8220;][et_pb_button button_url=&#8220;https:\/\/visiones.org\/de\/statuten&#8220; url_new_window=&#8220;on&#8220; button_text=&#8220;Vereinsstatuten&#8220; button_alignment=&#8220;right&#8220; _builder_version=&#8220;4.16&#8243; custom_button=&#8220;on&#8220; button_text_color=&#8220;#6b6b6b&#8220; button_bg_color=&#8220;#e8e8e8&#8243; button_border_width=&#8220;1px&#8220; button_border_color=&#8220;#8f8f8f&#8220; button_border_radius=&#8220;0px&#8220; button_font=&#8220;||||||||&#8220; button_icon=&#8220;&#xe101;||divi||400&#8243; global_colors_info=&#8220;{}&#8220; button_letter_spacing__hover_enabled=&#8220;on&#8220; button_letter_spacing__hover=&#8220;0px&#8220;][\/et_pb_button][\/et_pb_column][et_pb_column type=&#8220;1_3&#8243; _builder_version=&#8220;4.16&#8243; custom_padding=&#8220;|||&#8220; global_colors_info=&#8220;{}&#8220; custom_padding__hover=&#8220;|||&#8220;][et_pb_button button_url=&#8220;https:\/\/visiones.org\/de\/agbs&#8220; url_new_window=&#8220;on&#8220; button_text=&#8220;AGB\u00b4s&#8220; button_alignment=&#8220;center&#8220; _builder_version=&#8220;4.16&#8243; custom_button=&#8220;on&#8220; button_text_color=&#8220;#6b6b6b&#8220; button_bg_color=&#8220;#e8e8e8&#8243; button_border_width=&#8220;1px&#8220; button_border_color=&#8220;#8f8f8f&#8220; button_border_radius=&#8220;0px&#8220; button_font=&#8220;||||||||&#8220; button_icon=&#8220;&#xe101;||divi||400&#8243; custom_margin=&#8220;|||7px&#8220; global_colors_info=&#8220;{}&#8220; button_letter_spacing__hover_enabled=&#8220;on&#8220; button_letter_spacing__hover=&#8220;0px&#8220;][\/et_pb_button][\/et_pb_column][et_pb_column type=&#8220;1_3&#8243; _builder_version=&#8220;4.16&#8243; custom_padding=&#8220;|||&#8220; global_colors_info=&#8220;{}&#8220; custom_padding__hover=&#8220;|||&#8220;][et_pb_button button_url=&#8220;https:\/\/visiones.org\/de\/datenschutzbestimmungen&#8220; url_new_window=&#8220;on&#8220; button_text=&#8220;Datenschutzbestimmungen&#8220; button_alignment=&#8220;left&#8220; _builder_version=&#8220;4.16&#8243; custom_button=&#8220;on&#8220; button_text_color=&#8220;#6b6b6b&#8220; button_bg_color=&#8220;#e8e8e8&#8243; button_border_width=&#8220;1px&#8220; button_border_color=&#8220;#8f8f8f&#8220; button_border_radius=&#8220;0px&#8220; button_font=&#8220;||||||||&#8220; button_icon=&#8220;&#xe101;||divi||400&#8243; global_colors_info=&#8220;{}&#8220; button_letter_spacing__hover_enabled=&#8220;on&#8220; button_letter_spacing__hover=&#8220;0px&#8220;][\/et_pb_button][\/et_pb_column][\/et_pb_row][et_pb_row _builder_version=&#8220;4.16&#8243; custom_padding=&#8220;37px|0px|27px|0px|false|false&#8220; global_colors_info=&#8220;{}&#8220;][et_pb_column type=&#8220;4_4&#8243; _builder_version=&#8220;4.16&#8243; custom_padding=&#8220;|||&#8220; global_colors_info=&#8220;{}&#8220; custom_padding__hover=&#8220;|||&#8220;][et_pb_divider _builder_version=&#8220;4.16&#8243; animation_style=&#8220;roll&#8220; global_colors_info=&#8220;{}&#8220;][\/et_pb_divider][\/et_pb_column][\/et_pb_row][\/et_pb_section]<\/p>\n","protected":false},"excerpt":{"rendered":"<p>Um Dich f\u00fcr eine unserer Rap\u00e9 Zeremonien, Cacao-Breatwork Zeremonien oder Ecstatic Cacao Dance Zeremonien anzumelden, f\u00fclle bitte die Felder dieses Anmeldeformulars aus und lies Dir unsere Anmeldeinformationen darunter sorgf\u00e4ltig durch.Um an unseren Zeremonien teilnehmen zu k\u00f6nnen, ist es notwendig, Mitglied unseres Vereins Visiones Asociaci\u00f3n zu sein. Hierf\u00fcr bieten wir eine kostenfreie Kurzzeitmitgliedschaft an. M\u00f6chtest Du [&hellip;]<\/p>\n","protected":false},"author":1,"featured_media":0,"parent":0,"menu_order":0,"comment_status":"closed","ping_status":"closed","template":"","meta":{"_et_pb_use_builder":"on","_et_pb_old_content":"","_et_gb_content_width":"","footnotes":""},"class_list":["post-8492","page","type-page","status-publish","hentry"],"aioseo_notices":[],"_links":{"self":[{"href":"https:\/\/visiones.org\/de\/wp-json\/wp\/v2\/pages\/8492","targetHints":{"allow":["GET"]}}],"collection":[{"href":"https:\/\/visiones.org\/de\/wp-json\/wp\/v2\/pages"}],"about":[{"href":"https:\/\/visiones.org\/de\/wp-json\/wp\/v2\/types\/page"}],"author":[{"embeddable":true,"href":"https:\/\/visiones.org\/de\/wp-json\/wp\/v2\/users\/1"}],"replies":[{"embeddable":true,"href":"https:\/\/visiones.org\/de\/wp-json\/wp\/v2\/comments?post=8492"}],"version-history":[{"count":8,"href":"https:\/\/visiones.org\/de\/wp-json\/wp\/v2\/pages\/8492\/revisions"}],"predecessor-version":[{"id":31753,"href":"https:\/\/visiones.org\/de\/wp-json\/wp\/v2\/pages\/8492\/revisions\/31753"}],"wp:attachment":[{"href":"https:\/\/visiones.org\/de\/wp-json\/wp\/v2\/media?parent=8492"}],"curies":[{"name":"wp","href":"https:\/\/api.w.org\/{rel}","templated":true}]}}